{"id":4414,"date":"2018-08-20T20:21:35","date_gmt":"2018-08-20T18:21:35","guid":{"rendered":"https:\/\/newluki.wp.brander.technology\/kontakt\/"},"modified":"2025-02-10T10:56:17","modified_gmt":"2025-02-10T08:56:17","slug":"kontakt","status":"publish","type":"page","link":"https:\/\/newluki.wp.brander.technology\/cs\/kontakt\/","title":{"rendered":"Kontakt"},"content":{"rendered":"[vc_row type=&#8220;full_width_content&#8220; full_screen_row_position=&#8220;middle&#8220; column_margin=&#8220;default&#8220; equal_height=&#8220;yes&#8220; content_placement=&#8220;middle&#8220; column_direction=&#8220;default&#8220; column_direction_tablet=&#8220;default&#8220; column_direction_phone=&#8220;default&#8220; bg_color=&#8220;#f7f7f7&#8243; scene_position=&#8220;center&#8220; text_color=&#8220;dark&#8220; text_align=&#8220;left&#8220; row_border_radius=&#8220;none&#8220; row_border_radius_applies=&#8220;bg&#8220; overflow=&#8220;visible&#8220; overlay_strength=&#8220;0.3&#8243; gradient_direction=&#8220;left_to_right&#8220; shape_divider_position=&#8220;bottom&#8220; bg_image_animation=&#8220;none&#8220; shape_type=&#8220;&#8220;][vc_column column_padding=&#8220;padding-8-percent&#8220; column_padding_tablet=&#8220;inherit&#8220; column_padding_phone=&#8220;inherit&#8220; column_padding_position=&#8220;all&#8220; column_element_direction_desktop=&#8220;default&#8220; column_element_spacing=&#8220;default&#8220; desktop_text_alignment=&#8220;default&#8220; tablet_text_alignment=&#8220;default&#8220; phone_text_alignment=&#8220;default&#8220; background_color=&#8220;#0a0a0a&#8220; background_color_opacity=&#8220;0.8&#8243; background_hover_color_opacity=&#8220;1&#8243; background_image=&#8220;4555&#8243; background_image_position=&#8220;center center&#8220; background_image_stacking=&#8220;default&#8220; background_image_loading=&#8220;default&#8220; column_backdrop_filter=&#8220;none&#8220; font_color=&#8220;#ffffff&#8220; column_shadow=&#8220;none&#8220; column_border_radius=&#8220;none&#8220; column_link_target=&#8220;_self&#8220; column_position=&#8220;default&#8220; gradient_direction=&#8220;left_to_right&#8220; overlay_strength=&#8220;0.3&#8243; width=&#8220;1\/2&#8243; tablet_width_inherit=&#8220;default&#8220; animation_type=&#8220;default&#8220; bg_image_animation=&#8220;none&#8220; border_type=&#8220;simple&#8220; column_border_width=&#8220;none&#8220; column_border_style=&#8220;solid&#8220; column_padding_type=&#8220;default&#8220; gradient_type=&#8220;default&#8220;][vc_custom_heading text=&#8220;Kontakty&#8220; font_container=&#8220;tag:h2|text_align:left|color:%23ffffff&#8220; use_theme_fonts=&#8220;yes&#8220; css=&#8220;&#8220;][vc_column_text css=&#8220;.vc_custom_1737534714579{margin-top: 20px !important;margin-bottom: 60px !important;}&#8220; max_width=&#8220;475&#8243; text_direction=&#8220;default&#8220;]\n<div>\n<div>Otev\u00edrac\u00ed doba:<\/div>\n<div class=\"contacts-shops-content\">Po-P\u00e1. 10:00 -18:00<\/div>\n<div>So-ne. 10:00 -17:00<\/div>\n<\/div>\n[\/vc_column_text][nectar_cta btn_style=&#8220;text-reveal-wave&#8220; heading_tag=&#8220;h5&#8243; button_color=&#8220;default&#8220; text_color=&#8220;#ffffff&#8220; button_border_thickness=&#8220;0px&#8220; link_type=&#8220;regular&#8220; alignment=&#8220;left&#8220; alignment_tablet=&#8220;default&#8220; alignment_phone=&#8220;default&#8220; display=&#8220;block&#8220; display_tablet=&#8220;inherit&#8220; display_phone=&#8220;inherit&#8220; icon_family=&#8220;fontawesome&#8220; link_text=&#8220;+421950614826&#8243; icon_fontawesome=&#8220;fa fa-phone&#8220; url=&#8220;tel:+421950614826&#8243;][nectar_cta btn_style=&#8220;text-reveal-wave&#8220; heading_tag=&#8220;h5&#8243; button_color=&#8220;default&#8220; text_color=&#8220;#ffffff&#8220; button_border_thickness=&#8220;0px&#8220; link_type=&#8220;regular&#8220; alignment=&#8220;left&#8220; alignment_tablet=&#8220;default&#8220; alignment_phone=&#8220;default&#8220; display=&#8220;block&#8220; display_tablet=&#8220;inherit&#8220; display_phone=&#8220;inherit&#8220; icon_family=&#8220;fontawesome&#8220; link_text=&#8220;panov.trading@gmail.com&#8220; url=&#8220;mailto:panov.trading@gmail.com&#8220; icon_fontawesome=&#8220;fa fa-envelope-open&#8220;][\/vc_column][vc_column column_padding=&#8220;padding-8-percent&#8220; column_padding_tablet=&#8220;inherit&#8220; column_padding_phone=&#8220;inherit&#8220; column_padding_position=&#8220;all&#8220; column_element_direction_desktop=&#8220;default&#8220; column_element_spacing=&#8220;default&#8220; desktop_text_alignment=&#8220;default&#8220; tablet_text_alignment=&#8220;default&#8220; phone_text_alignment=&#8220;default&#8220; background_color=&#8220;#ffe3f3&#8243; background_color_opacity=&#8220;1&#8243; background_hover_color_opacity=&#8220;1&#8243; column_backdrop_filter=&#8220;none&#8220; column_shadow=&#8220;none&#8220; column_border_radius=&#8220;none&#8220; column_link_target=&#8220;_self&#8220; column_position=&#8220;default&#8220; gradient_direction=&#8220;left_to_right&#8220; overlay_strength=&#8220;0.3&#8243; width=&#8220;1\/2&#8243; tablet_width_inherit=&#8220;default&#8220; animation_type=&#8220;default&#8220; bg_image_animation=&#8220;none&#8220; border_type=&#8220;simple&#8220; column_border_width=&#8220;none&#8220; column_border_style=&#8220;solid&#8220;][vc_column_text css=&#8220;&#8220; text_direction=&#8220;default&#8220;]\n<h3>O spole\u010dnosti<\/h3>\n[\/vc_column_text][toggles style=&#8220;minimal_small&#8220;][toggle color=&#8220;Default&#8220; heading_tag=&#8220;default&#8220; heading_tag_functionality=&#8220;default&#8220; title=&#8220;V\u00fdroba poklop\u016f \u0161achet a vtokov\u00fdch m\u0159\u00ed\u017e\u00ed na zak\u00e1zku&#8220;][vc_column_text css=&#8220;&#8220; text_direction=&#8220;default&#8220;]Poklopy \u0161achet a vtokov\u00e9 m\u0159\u00ed\u017ee si m\u016f\u017eete objednat v libovoln\u00e9m po\u010dtu nestandardn\u00edch velikost\u00ed (i po 1 kuse). Za t\u00edmto \u00fa\u010delem je t\u0159eba telefonicky kontaktovat odd\u011blen\u00ed p\u0159edb\u011b\u017en\u00fdch objedn\u00e1vek na\u0161\u00ed spole\u010dnosti: <a class=\"link_text hover\" role=\"button\" href=\"tel:+421950614826\" aria-label=\"+421950614826\"><span class=\"text\"><span class=\"char\">+<\/span><span class=\"char\">4<\/span><span class=\"char\">2<\/span><span class=\"char\">1<\/span><span class=\"char\">9<\/span><span class=\"char\">5<\/span><span class=\"char\">0<\/span><span class=\"char\">6<\/span><span class=\"char\">1<\/span><span class=\"char\">4<\/span><span class=\"char\">8<\/span><span class=\"char\">2<\/span><span class=\"char\">6<\/span><\/span><\/a> nebo e-mailem  <a class=\"link_text hover\" role=\"button\" href=\"mailto:panov.trading@gmail.com\" aria-label=\"panov.trading@gmail.com\"><span class=\"text\"><span class=\"char\">p<\/span><span class=\"char\">a<\/span><span class=\"char\">n<\/span><span class=\"char\">o<\/span><span class=\"char\">v<\/span><span class=\"char\">.<\/span><span class=\"char\">t<\/span><span class=\"char\">r<\/span><span class=\"char\">a<\/span><span class=\"char\">d<\/span><span class=\"char\">i<\/span><span class=\"char\">n<\/span><span class=\"char\">g<\/span><span class=\"char\">@<\/span><span class=\"char\">g<\/span><span class=\"char\">m<\/span><span class=\"char\">a<\/span><span class=\"char\">i<\/span><span class=\"char\">l<\/span><span class=\"char\">.<\/span><span class=\"char\">c<\/span><span class=\"char\">o<\/span><span class=\"char\">m<\/span><\/span><\/a>[\/vc_column_text][\/toggle][toggle color=&#8220;Default&#8220; heading_tag=&#8220;default&#8220; heading_tag_functionality=&#8220;default&#8220; title=&#8220;Deset d\u016fvod\u016f, pro\u010d si vybrat TDS&#8220;][vc_column_text css=&#8220;&#8220; text_direction=&#8220;default&#8220;]Za 15 let p\u016fsoben\u00ed na trhu se na\u0161e spole\u010dnost stala p\u0159edn\u00ed firmou a jej\u00ed v\u00fdrobky se vyzna\u010duj\u00ed optim\u00e1ln\u00ed kombinac\u00ed ceny, funk\u010dnosti a odolnosti.<br \/>\n1. Jedine\u010dnost.<br \/>\nNa\u0161e spole\u010dnost je l\u00eddrem mezi v\u00fdrobci polymerov\u00fdch poklop\u016f a vtokov\u00fdch m\u0159\u00ed\u017e\u00ed na Ukrajin\u011b, proto\u017ee:<br \/>\n&#8211; jako prvn\u00ed jsme vytvo\u0159ili plastov\u00fd kryt \u0161achty;<br \/>\n&#8211; pouze my m\u00e1me certifikovanou laborato\u0159 pro testov\u00e1n\u00ed v\u0161ech vyr\u00e1b\u011bn\u00fdch v\u00fdrobk\u016f;<br \/>\n&#8211; jsme l\u00eddry v prodeji polymerov\u00fdch vtokov\u00fdch m\u0159\u00ed\u017e\u00ed a poklop\u016f;<br \/>\n&#8211; pouze na\u0161e v\u00fdrobky d\u00edky speci\u00e1ln\u00edmu testov\u00e1n\u00ed a jedine\u010dn\u00fdm vlastnostem materi\u00e1lu odol\u00e1vaj\u00ed po\u017eadovan\u00e9mu zat\u00ed\u017een\u00ed.<br \/>\n2. Ve v\u00fdrobc\u00edch nen\u00ed p\u00edsek.<br \/>\nKompozitn\u00ed materi\u00e1l, ze kter\u00e9ho jsou vyrobeny na\u0161e poklopy \u0161achet a vtokov\u00e9 m\u0159\u00ed\u017ee, neobsahuje p\u00edsek. Na\u0161e v\u00fdrobky maj\u00ed jedine\u010dn\u00e9 vlastnosti, vyzna\u010duj\u00ed se ide\u00e1ln\u00edmi vlastnostmi &#8211; odolnost\u00ed, lehkost\u00ed a pevnost\u00ed.<br \/>\n3. N\u00e1klady.<br \/>\nCena na\u0161ich v\u00fdrobk\u016f v\u00e1s p\u0159\u00edjemn\u011b p\u0159ekvap\u00ed, proto\u017ee v\u00fdrobky spole\u010dnosti TDS jsou o 60-80 % levn\u011bj\u0161\u00ed ne\u017e jejich kovov\u00e9 prot\u011bj\u0161ky.<br \/>\n4. N\u00edzk\u00e1 hmotnost.<br \/>\nNa\u0161e polymerov\u00e9 poklopy \u0161achet a vtokov\u00e9 m\u0159\u00ed\u017ee jsou o 60-80 % leh\u010d\u00ed ne\u017e jejich kovov\u00e9 prot\u011bj\u0161ky. D\u00edky tomu jsou na\u0161e v\u00fdrobky velmi snadn\u00e9 na p\u0159epravu (sni\u017euj\u00ed n\u00e1klady na pot\u0159ebn\u00e9 vybaven\u00ed a pracovn\u00ed s\u00edlu), instalaci a provoz (ten zvl\u00e1dne snadno a rychle jedna osoba).<br \/>\n5. Ochrana proti vandalismu.<br \/>\nPlastov\u00e9 poklopy \u0161achet nejsou pro zlod\u011bje zaj\u00edmav\u00e9.<br \/>\n6. Soulad s po\u017eadavky modern\u00edch technologick\u00fdch p\u0159edpis\u016f.<br \/>\nV\u0161echny na\u0161e v\u00fdrobky jsou vyvinuty a schv\u00e1leny &#8222;V\u011bdecko-v\u00fdzkumn\u00fdm centrem pro standardizaci, metrologii a certifikaci Ukrajiny&#8220;, maj\u00ed vlastnosti a charakteristiky, kter\u00e9 spl\u0148uj\u00ed po\u017eadavky a normy st\u00e1tn\u00edch norem Ukrajiny a Evropy: DSTU (V.2.5-26: 2005), EN 124 a GOST (3634-99 \/ B).<br \/>\n7. Odolnost v\u016f\u010di vliv\u016fm prost\u0159ed\u00ed.<br \/>\nOdolnost v\u016f\u010di vliv\u016fm prost\u0159ed\u00ed.<br \/>\n8. Chemick\u00e1 odolnost.<br \/>\nPoklopy \u0161achet jsou \u010dasto pou\u017e\u00edv\u00e1ny v kanaliza\u010dn\u00edch \/ kanaliza\u010dn\u00edch poklopech, co\u017e vede ke zv\u00fd\u0161en\u00e9 \u00farovni mikrobiologick\u00e9 koroze. Na\u0161e poklopy \u0161achet nekoroduj\u00ed.<br \/>\n9. N\u00edzk\u00e1 odolnost proti od\u011bru.<br \/>\nKoeficient ot\u011bruvzdornosti na\u0161ich poklop\u016f \u0161achet je 0,06 &#8211; 0,12 g \/ sm2.<br \/>\n10. Na\u0161e vtokov\u00e9 m\u0159\u00ed\u017ee a poklopy \u0161achet jsou nevodiv\u00e9.[\/vc_column_text][\/toggle][toggle color=&#8220;Default&#8220; heading_tag=&#8220;default&#8220; heading_tag_functionality=&#8220;default&#8220; title=&#8220;Jak m\u016f\u017eete s na\u0161imi polymerov\u00fdmi poklopy \u0161achet u\u0161et\u0159it?&#8220;][vc_column_text css=&#8220;&#8220; text_direction=&#8220;default&#8220;]Dne\u0161n\u00ed litinov\u00e9 v\u00fdrobky, zejm\u00e9na poklopy revizn\u00edch \u0161achet, se ji\u017e nevyr\u00e1b\u011bj\u00ed ze stejn\u00e9 litiny jako p\u0159ed 100, 50, 30 nebo dokonce 10 lety. Proto nem\u016f\u017ee b\u00fdt \u0159e\u010d o n\u011bjak\u00e9 spolehlivosti kovov\u00e9ho poklopu \u0161achty, o \u010dem\u017e se p\u0159esv\u011bd\u010dujeme, kdy\u017e vid\u00edme rozbit\u00e9 v\u00fdrobky na \u0161acht\u00e1ch. Nav\u00edc jsou pom\u011brn\u011b drah\u00e9, a to i o rychlosti zmizen\u00ed poklopu z va\u0161\u00ed studny, a n\u011bkdy dokonce i pl\u00e1\u0161t\u011b. V d\u016fsledku toho existuj\u00ed ur\u010dit\u00e9 nev\u00fdhody, zejm\u00e9na pokud vezmeme v \u00favahu kubick\u00e9 metry kontaminovan\u00fdch emis\u00ed do \u017eivotn\u00edho prost\u0159ed\u00ed p\u0159i zpracov\u00e1n\u00ed litiny.   <\/p>\n<p>Zva\u017ete n\u00e1kup &#8222;levn\u00fdch&#8220; polymerov\u00fdch poklop\u016f na p\u00edsek. Na jejich levnost zapomenete hned po n\u00e1kupu, a\u017e za\u010dnete p\u0159em\u00fd\u0161let o dod\u00e1vce a mont\u00e1\u017ei. Nakonec se radost z po\u0159\u00edzen\u00ed rozplyne s p\u0159\u00edchodem mraz\u016f a objeven\u00edm &#8222;dobr\u00e9&#8220; praskliny v poklopu. V\u00fdrobky s p\u00edskem se rychle kaz\u00ed, mnohem rychleji ne\u017e plast a litina.[\/vc_column_text][\/toggle][toggle color=&#8220;Default&#8220; heading_tag=&#8220;default&#8220; heading_tag_functionality=&#8220;default&#8220; title=&#8220;Jedine\u010dn\u00e9 vlastnosti plast\u016f&#8220;][vc_column_text css=&#8220;&#8220; text_direction=&#8220;default&#8220;]Plasty maj\u00ed \u0159adu vlastnost\u00ed, kter\u00e9 jsou pro stavebnictv\u00ed velmi cenn\u00e9. Jednou z jejich hlavn\u00edch v\u00fdhod je n\u00edzk\u00e1 objemov\u00e1 hmotnost (15 &#8211; 1500 kg\/m3). V pr\u016fm\u011bru jsou plasty, s v\u00fdjimkou p\u011bn, 2-3kr\u00e1t leh\u010d\u00ed ne\u017e hlin\u00edk a 5-8kr\u00e1t leh\u010d\u00ed ne\u017e ocel.  <\/p>\n<p>Dal\u0161\u00ed d\u016fle\u017eitou v\u00fdhodou plast\u016f je jejich vysok\u00e1 pevnost. V tomto ohledu plasty p\u0159ed\u010d\u00ed mnoho tradi\u010dn\u00edch stavebn\u00edch materi\u00e1l\u016f &#8211; beton, cihly, d\u0159evo. Nejvy\u0161\u0161\u00ed pevnostn\u00ed ukazatele maj\u00ed plasty s deskovit\u00fdmi a vl\u00e1knit\u00fdmi plnivy.  <\/p>\n<p>Orienta\u010dn\u00ed charakteristikou strukturn\u00edch vlastnost\u00ed plast\u016f je pom\u011br pevnosti materi\u00e1lu k jeho objemov\u00e9 hmotnosti &#8211; koeficient strukturn\u00ed kvality. Plasty, p\u0159edev\u0161\u00edm lamin\u00e1ty, maj\u00ed vysok\u00fd sou\u010dinitel strukturn\u00ed kvality 2,2 &#8211; 2,5, zat\u00edmco u zdiva je to 0,02; u betonu 0,06; u oceli 0,5; u borovicov\u00e9ho d\u0159eva 0,7. <\/p>\n<p>Plasty maj\u00ed n\u00edzkou tepelnou vodivost, co\u017e je d\u016fle\u017eit\u00e9 pro uzav\u00edr\u00e1n\u00ed konstrukc\u00ed. U hutn\u00fdch plast\u016f se sou\u010dinitel tepeln\u00e9 vodivosti pohybuje od 0,22 do 0,68 W\/m \u00b0C, zat\u00edmco u por\u00e9zn\u00edch plast\u016f je to 0,03 W\/m \u00b0C. Tato vlastnost umo\u017e\u0148uje v\u00fdrobc\u016fm vyr\u00e1b\u011bt tenk\u00e9, lehk\u00e9, ale odoln\u00e9 ob\u00e1lky budov. <\/p>\n<p>Chemick\u00e1 odolnost je velmi d\u016fle\u017eitou vlastnost\u00ed plast\u016f, kter\u00e1 z\u00e1vis\u00ed nejen na vlastnostech polymeru, ale tak\u00e9 na vlastnostech plniv, zm\u011bk\u010dovadel a dal\u0161\u00edch slo\u017eek. Zvl\u00e1\u0161t\u011b odoln\u00e9 proti korozi jsou plasty na b\u00e1zi polyethylenu, polystyrenu, polyvinylchloridu, epoxidov\u00fdch polymer\u016f. <\/p>\n<p>Cennou vlastnost\u00ed mnoha plast\u016f je jejich n\u00edzk\u00e1 ot\u011bruvzdornost. Polymern\u00ed podlahov\u00e9 materi\u00e1ly maj\u00ed stejn\u00fd koeficient ot\u011bru jako keramick\u00e9 dla\u017edice (0,06-0,12 g\/cm2), a dokonce ni\u017e\u0161\u00ed ne\u017e kamenn\u00e9 desky. <\/p>\n<p>D\u016fle\u017eitou vlastnost\u00ed mnoha plast\u016f je jejich vysok\u00e1 odolnost proti n\u00e1razu neboli hou\u017eevnatost. Jej\u00ed hodnota se pohybuje od 10 (plexisklo) do 500 kJ\/m2 (sklen\u011bn\u00e1 vl\u00e1kna). <\/p>\n<p>Krom\u011b vynikaj\u00edc\u00edch fyzik\u00e1ln\u00edch, mechanick\u00fdch a chemick\u00fdch vlastnost\u00ed maj\u00ed plasty tak\u00e9 cenn\u00e9 technologick\u00e9 vlastnosti. Pom\u011brn\u011b snadno se tvaruj\u00ed (odl\u00e9v\u00e1n\u00edm, lisov\u00e1n\u00edm, lisov\u00e1n\u00edm atd.), lze je sva\u0159ovat a lepit dohromady i s jin\u00fdmi materi\u00e1ly, co\u017e umo\u017e\u0148uje vytv\u00e1\u0159et t\u011bsn\u00e9 konstrukce, prov\u00e1d\u011bt hydroizolaci a paroz\u00e1branu.[\/vc_column_text][\/toggle][toggle color=&#8220;Default&#8220; heading_tag=&#8220;default&#8220; heading_tag_functionality=&#8220;default&#8220; title=&#8220;Instalace poklop\u016f \u0161achet t\u0159\u00eddy A&#8220;][vc_column_text css=&#8220;&#8220; text_direction=&#8220;default&#8220;]<img loading=\"lazy\" decoding=\"async\" class=\"alignnone size-full wp-image-4422\" src=\"https:\/\/newluki.wp.brander.technology\/wp-content\/uploads\/2025\/01\/%D0%B7%D0%B0%D0%B2%D0%B0%D0%BD%D1%82%D0%B0%D0%B6%D0%B5%D0%BD%D0%BD%D1%8F.jpeg\" alt=\"\" width=\"600\" height=\"466\"><\/p>\n<p>Instalace a mont\u00e1\u017e kanaliza\u010dn\u00edch poklop\u016f by m\u011bla b\u00fdt prov\u00e1d\u011bna v souladu s p\u0159\u00edsn\u011b stanoven\u00fdmi pravidly, proto\u017ee pouze v takov\u00e9m p\u0159\u00edpad\u011b budou zcela bezpe\u010dn\u00e9 pro chodce i ostatn\u00ed \u00fa\u010dastn\u00edky silni\u010dn\u00edho provozu.<\/p>\n<p>Postup instalace<br \/>\n&#8211; Instalujte poklopov\u00fd krou\u017eek na \u017eelezobetonov\u00fd povrch.<br \/>\n&#8211; Vypl\u0148te kruh betonem.<br \/>\n&#8211; Vlo\u017ete poklop poklopu do prstence.<br \/>\nPozn\u00e1mka: Poklop \u0161achet, kter\u00e9 se nach\u00e1zej\u00ed v zastav\u011bn\u00fdch oblastech bez povrchu vozovky, by m\u011bl vystupovat 50 mm nad zem. Kolem poklopu by m\u011bl b\u00fdt vytvo\u0159en 1,0 m \u0161irok\u00fd slep\u00fd prostor se sklonem od poklopu. <\/p>\n<p>Kanaliza\u010dn\u00ed potrub\u00ed mezi \u0161achtami mus\u00ed b\u00fdt polo\u017eeno rovn\u011b; v m\u00edstech, kde se s\u00ed\u0165 st\u00e1\u010d\u00ed, m\u011bn\u00ed se sklon potrub\u00ed, m\u011bn\u00ed se pr\u016fm\u011br trubek, mus\u00ed b\u00fdt vybudov\u00e1ny \u0161achty, na kter\u00fdch bude provedena instalace kanaliza\u010dn\u00edch poklop\u016f. Potrub\u00ed a kan\u00e1ly ve studn\u00e1ch mus\u00ed b\u00fdt napojeny v horn\u00ed \u010d\u00e1sti potrub\u00ed nebo na \u00farovni hladiny vody, aby se co nejv\u00edce omezil vznik zp\u011btn\u00e9 vody ve vy\u0161\u0161\u00edch \u00fasec\u00edch s\u00edt\u011b. P\u0159i zat\u00e1\u010den\u00ed trasy lze potrub\u00ed o pr\u016fm\u011bru nebo v\u00fd\u0161ce 1,2 m a v\u00edce uspo\u0159\u00e1dat mimo revizn\u00ed \u0161achty pod\u00e9l oblouk\u016f s polom\u011brem zat\u00e1\u010den\u00ed rovn\u00fdm nejm\u00e9n\u011b p\u011bti pr\u016fm\u011br\u016fm potrub\u00ed, p\u0159i\u010dem\u017e na za\u010d\u00e1tku a na konci mus\u00ed b\u00fdt provedena instalace kanaliza\u010dn\u00edch \u0161achet.[\/vc_column_text][\/toggle][toggle color=&#8220;Default&#8220; heading_tag=&#8220;default&#8220; heading_tag_functionality=&#8220;default&#8220; title=&#8220;Instalace poklop\u016f \u0161achet t\u0159\u00eddy B a C&#8220;][vc_column_text css=&#8220;&#8220; text_direction=&#8220;default&#8220;]<img loading=\"lazy\" decoding=\"async\" class=\"alignnone size-full wp-image-4428\" src=\"https:\/\/newluki.wp.brander.technology\/wp-content\/uploads\/2025\/01\/%D0%B7%D0%B0%D0%B2%D0%B0%D0%BD%D1%82%D0%B0%D0%B6%D0%B5%D0%BD%D0%BD%D1%8F-1.jpeg\" alt=\"\" width=\"600\" height=\"466\"><\/p>\n<p>Intervaly mezi kontroln\u00edmi poklopy.<\/p>\n<p>P\u0159i instalaci poklopu je t\u0159eba m\u00edt na pam\u011bti, \u017ee vzd\u00e1lenost mezi \u0161achtami liniov\u00e9ho typu z\u00e1vis\u00ed na pr\u016fm\u011bru potrub\u00ed.<br \/>\nd = 150 mm &#8211; 35 metr\u016f;<br \/>\nd = 200 mm &#8211; 50 metr\u016f;<br \/>\nd = 500 mm &#8211; 75 metr\u016f;<br \/>\nd = 700 &#8211; 900 mm &#8211; 100 metr\u016f;<br \/>\nd = 1000-1400 mm &#8211; 150 metr\u016f;<br \/>\nd = 1500-2000 mm &#8211; 200 metr\u016f;<br \/>\nd &gt; 2000 mm &#8211; 300 metr\u016f.<\/p>\n<p>Postup instalace<\/p>\n<p>&#8211; Instalujte poklopov\u00fd prstenec na \u017eelezobetonovou dla\u017ebu s u\u0161ima pod\u00e9l sm\u011bru j\u00edzdy.<br \/>\n&#8211; Vypl\u0148te kruh betonem \/ povrchem vozovky.<br \/>\n&#8211; Vlo\u017ete poklop \u0161achty do krou\u017eku.<\/p>\n<p>Pozn\u00e1mka: T\u011bleso poklopu se instaluje na betonovou nebo \u017eelezobetonovou konstrukci, jej\u00ed\u017e technick\u00e9 po\u017eadavky jsou stanoveny platnou normou GOST 8020-90 &#8222;Betonov\u00e9 a \u017eelezobetonov\u00e9 konstrukce pro kanaliza\u010dn\u00ed, vodovodn\u00ed a plynovodn\u00ed s\u00edt\u011b&#8220;. Hlavn\u00edm \u00fa\u010delem op\u011brn\u00e9ho kruhu je p\u0159erozd\u011blen\u00ed specifick\u00e9ho zat\u00ed\u017een\u00ed za \u00fa\u010delem ochrany z\u00e1kladov\u00e9 desky p\u0159ed destrukc\u00ed. Jak je zn\u00e1zorn\u011bno na obr\u00e1zc\u00edch, studna je zakryta z\u00e1kladovou deskou, na kter\u00e9 je namontov\u00e1n op\u011brn\u00fd prstenec. T\u011bleso poklopu je instalov\u00e1no na op\u011brn\u00e9m prstenci. Poklop poklopu by m\u011bl b\u00fdt v jedn\u00e9 rovin\u011b s povrchem.[\/vc_column_text][\/toggle][toggle color=&#8220;Default&#8220; heading_tag=&#8220;default&#8220; heading_tag_functionality=&#8220;default&#8220; title=&#8220;Certificates&#8220;][vc_column_text css=&#8220;&#8220; text_direction=&#8220;default&#8220;]<img loading=\"lazy\" decoding=\"async\" class=\"alignnone size-full wp-image-4434\" src=\"https:\/\/newluki.wp.brander.technology\/wp-content\/uploads\/2025\/01\/Sertifikat-dozhdepriemnik-PP-2016-2017.jpeg\" alt=\"\" width=\"705\" height=\"1000\" srcset=\"https:\/\/newluki.wp.brander.technology\/wp-content\/uploads\/2025\/01\/Sertifikat-dozhdepriemnik-PP-2016-2017.jpeg 705w, https:\/\/newluki.wp.brander.technology\/wp-content\/uploads\/2025\/01\/Sertifikat-dozhdepriemnik-PP-2016-2017-212x300.jpeg 212w, https:\/\/newluki.wp.brander.technology\/wp-content\/uploads\/2025\/01\/Sertifikat-dozhdepriemnik-PP-2016-2017-600x851.jpeg 600w\" sizes=\"auto, (max-width: 705px) 100vw, 705px\" \/><img loading=\"lazy\" decoding=\"async\" class=\"alignnone size-full wp-image-4440\" src=\"https:\/\/newluki.wp.brander.technology\/wp-content\/uploads\/2025\/01\/Sertifikat-luki-PP-2016-2017.jpeg\" alt=\"\" width=\"707\" height=\"1007\" srcset=\"https:\/\/newluki.wp.brander.technology\/wp-content\/uploads\/2025\/01\/Sertifikat-luki-PP-2016-2017.jpeg 707w, https:\/\/newluki.wp.brander.technology\/wp-content\/uploads\/2025\/01\/Sertifikat-luki-PP-2016-2017-211x300.jpeg 211w, https:\/\/newluki.wp.brander.technology\/wp-content\/uploads\/2025\/01\/Sertifikat-luki-PP-2016-2017-600x855.jpeg 600w\" sizes=\"auto, (max-width: 707px) 100vw, 707px\" \/><img loading=\"lazy\" decoding=\"async\" class=\"alignnone size-full wp-image-4446\" src=\"https:\/\/newluki.wp.brander.technology\/wp-content\/uploads\/2025\/01\/Sertifikat-sideniya-2016-2017.jpeg\" alt=\"\" width=\"707\" height=\"1007\" srcset=\"https:\/\/newluki.wp.brander.technology\/wp-content\/uploads\/2025\/01\/Sertifikat-sideniya-2016-2017.jpeg 707w, https:\/\/newluki.wp.brander.technology\/wp-content\/uploads\/2025\/01\/Sertifikat-sideniya-2016-2017-211x300.jpeg 211w, https:\/\/newluki.wp.brander.technology\/wp-content\/uploads\/2025\/01\/Sertifikat-sideniya-2016-2017-600x855.jpeg 600w\" sizes=\"auto, (max-width: 707px) 100vw, 707px\" \/>[\/vc_column_text][\/toggle][\/toggles][\/vc_column][\/vc_row]\n","protected":false},"excerpt":{"rendered":"<p>[vc_row type=&#8220;full_width_content&#8220; full_screen_row_position=&#8220;middle&#8220; column_margin=&#8220;default&#8220; equal_height=&#8220;yes&#8220; content_placement=&#8220;middle&#8220; column_direction=&#8220;default&#8220; column_direction_tablet=&#8220;default&#8220; column_direction_phone=&#8220;default&#8220; bg_color=&#8220;#f7f7f7&#8243; scene_position=&#8220;center&#8220; text_color=&#8220;dark&#8220; text_align=&#8220;left&#8220; row_border_radius=&#8220;none&#8220; row_border_radius_applies=&#8220;bg&#8220; overflow=&#8220;visible&#8220; overlay_strength=&#8220;0.3&#8243; gradient_direction=&#8220;left_to_right&#8220; shape_divider_position=&#8220;bottom&#8220; bg_image_animation=&#8220;none&#8220; shape_type=&#8220;&#8220;][vc_column column_padding=&#8220;padding-8-percent&#8220; column_padding_tablet=&#8220;inherit&#8220; column_padding_phone=&#8220;inherit&#8220; column_padding_position=&#8220;all&#8220;&#8230;<\/p>\n","protected":false},"author":1,"featured_media":0,"parent":0,"menu_order":0,"comment_status":"closed","ping_status":"closed","template":"","meta":{"footnotes":""},"class_list":["post-4414","page","type-page","status-publish"],"_links":{"self":[{"href":"https:\/\/newluki.wp.brander.technology\/cs\/wp-json\/wp\/v2\/pages\/4414","targetHints":{"allow":["GET"]}}],"collection":[{"href":"https:\/\/newluki.wp.brander.technology\/cs\/wp-json\/wp\/v2\/pages"}],"about":[{"href":"https:\/\/newluki.wp.brander.technology\/cs\/wp-json\/wp\/v2\/types\/page"}],"author":[{"embeddable":true,"href":"https:\/\/newluki.wp.brander.technology\/cs\/wp-json\/wp\/v2\/users\/1"}],"replies":[{"embeddable":true,"href":"https:\/\/newluki.wp.brander.technology\/cs\/wp-json\/wp\/v2\/comments?post=4414"}],"version-history":[{"count":7,"href":"https:\/\/newluki.wp.brander.technology\/cs\/wp-json\/wp\/v2\/pages\/4414\/revisions"}],"predecessor-version":[{"id":4580,"href":"https:\/\/newluki.wp.brander.technology\/cs\/wp-json\/wp\/v2\/pages\/4414\/revisions\/4580"}],"wp:attachment":[{"href":"https:\/\/newluki.wp.brander.technology\/cs\/wp-json\/wp\/v2\/media?parent=4414"}],"curies":[{"name":"wp","href":"https:\/\/api.w.org\/{rel}","templated":true}]}}