{"id":4817,"date":"2025-01-14T14:10:01","date_gmt":"2025-01-14T12:10:01","guid":{"rendered":"https:\/\/newluki.wp.brander.technology\/kosik\/"},"modified":"2025-02-14T10:14:49","modified_gmt":"2025-02-14T08:14:49","slug":"kosik","status":"publish","type":"page","link":"https:\/\/newluki.wp.brander.technology\/cs\/kosik\/","title":{"rendered":"Ko\u0161\u00edk"},"content":{"rendered":"<div data-block-name=\"woocommerce\/cart\" class=\"wp-block-woocommerce-cart alignwide is-loading\"><div data-block-name=\"woocommerce\/filled-cart-block\" class=\"wp-block-woocommerce-filled-cart-block\"><div data-block-name=\"woocommerce\/cart-items-block\" class=\"wp-block-woocommerce-cart-items-block\"><div data-block-name=\"woocommerce\/cart-line-items-block\" class=\"wp-block-woocommerce-cart-line-items-block\"><\/div>\n\n<div data-block-name=\"woocommerce\/cart-cross-sells-block\" class=\"wp-block-woocommerce-cart-cross-sells-block\"><h2 class=\"wp-block-heading has-large-font-size\">Mohlo by v\u00e1s zaj\u00edmat&#8230;<\/h2>\n\n<div data-block-name=\"woocommerce\/cart-cross-sells-products-block\" class=\"wp-block-woocommerce-cart-cross-sells-products-block\"><\/div><\/div><\/div>\n\n<div data-block-name=\"woocommerce\/cart-totals-block\" class=\"wp-block-woocommerce-cart-totals-block\"><div data-block-name=\"woocommerce\/cart-order-summary-block\" class=\"wp-block-woocommerce-cart-order-summary-block\"><div data-block-name=\"woocommerce\/cart-order-summary-heading-block\" class=\"wp-block-woocommerce-cart-order-summary-heading-block\"><\/div><div data-block-name=\"woocommerce\/cart-order-summary-coupon-form-block\" class=\"wp-block-woocommerce-cart-order-summary-coupon-form-block\"><\/div><div data-block-name=\"woocommerce\/cart-order-summary-totals-block\" class=\"wp-block-woocommerce-cart-order-summary-totals-block\">\n<div data-block-name=\"woocommerce\/cart-order-summary-subtotal-block\" class=\"wp-block-woocommerce-cart-order-summary-subtotal-block\"><\/div>\n<div data-block-name=\"woocommerce\/cart-order-summary-discount-block\" class=\"wp-block-woocommerce-cart-order-summary-discount-block\"><\/div>\n<div data-block-name=\"woocommerce\/cart-order-summary-fee-block\" class=\"wp-block-woocommerce-cart-order-summary-fee-block\"><\/div>\n<div data-block-name=\"woocommerce\/cart-order-summary-shipping-block\" class=\"wp-block-woocommerce-cart-order-summary-shipping-block\"><\/div>\n<div data-block-name=\"woocommerce\/cart-order-summary-taxes-block\" class=\"wp-block-woocommerce-cart-order-summary-taxes-block\"><\/div><\/div><\/div>\n\n<div data-block-name=\"woocommerce\/cart-express-payment-block\" class=\"wp-block-woocommerce-cart-express-payment-block\"><\/div>\n\n<div data-block-name=\"woocommerce\/proceed-to-checkout-block\" class=\"wp-block-woocommerce-proceed-to-checkout-block\"><\/div>\n\n<div data-block-name=\"woocommerce\/cart-accepted-payment-methods-block\" class=\"wp-block-woocommerce-cart-accepted-payment-methods-block\"><\/div><\/div><\/div>\n\n<div data-block-name=\"woocommerce\/empty-cart-block\" class=\"wp-block-woocommerce-empty-cart-block\"><h2 class=\"wp-block-heading has-text-align-center with-empty-cart-icon wc-block-cart__empty-cart__title\">V\u00e1\u0161 ko\u0161\u00edk je moment\u00e1ln\u011b pr\u00e1zdn\u00fd!<\/h2>\n\n<hr class=\"wp-block-separator has-alpha-channel-opacity is-style-dots\"\/>\n\n<h2 class=\"wp-block-heading has-text-align-center\">Novinky v obchod\u011b<\/h2>\n\n<div data-block-name=\"woocommerce\/product-new\" data-columns=\"4\" data-rows=\"1\" class=\"wc-block-grid wp-block-product-new wp-block-woocommerce-product-new wc-block-product-new has-4-columns\"><ul class=\"wc-block-grid__products\"><li class=\"wc-block-grid__product\">\n\t\t\t\t<a href=\"https:\/\/newluki.wp.brander.technology\/cs\/produkt\/polymerova-zahradni-sachta-a15-780-mm-zelena-s-uzamykacim-mechanismem\/\" class=\"wc-block-grid__product-link\">\n\t\t\t\t\t\n\t\t\t\t\t<div class=\"wc-block-grid__product-image\"><img loading=\"lazy\" decoding=\"async\" width=\"300\" height=\"300\" src=\"https:\/\/newluki.wp.brander.technology\/wp-content\/uploads\/2025\/01\/luk-9-300x300.png\" class=\"attachment-woocommerce_thumbnail size-woocommerce_thumbnail\" alt=\"Polymerov\u00e1 zahradn\u00ed \u0161achta (A15) 780 mm zelen\u00e1 s uzamykac\u00edm mechanismem\" srcset=\"https:\/\/newluki.wp.brander.technology\/wp-content\/uploads\/2025\/01\/luk-9-300x300.png 300w, https:\/\/newluki.wp.brander.technology\/wp-content\/uploads\/2025\/01\/luk-9-150x150.png 150w, https:\/\/newluki.wp.brander.technology\/wp-content\/uploads\/2025\/01\/luk-9-140x140.png 140w, https:\/\/newluki.wp.brander.technology\/wp-content\/uploads\/2025\/01\/luk-9-100x100.png 100w, https:\/\/newluki.wp.brander.technology\/wp-content\/uploads\/2025\/01\/luk-9-500x500.png 500w, https:\/\/newluki.wp.brander.technology\/wp-content\/uploads\/2025\/01\/luk-9-350x350.png 350w, https:\/\/newluki.wp.brander.technology\/wp-content\/uploads\/2025\/01\/luk-9-600x600.png 600w, https:\/\/newluki.wp.brander.technology\/wp-content\/uploads\/2025\/01\/luk-9.png 700w\" sizes=\"auto, (max-width: 300px) 100vw, 300px\" \/><\/div>\n\t\t\t\t\t<div class=\"wc-block-grid__product-title\">Polymerov\u00e1 zahradn\u00ed \u0161achta (A15) 780 mm zelen\u00e1 s uzamykac\u00edm mechanismem<\/div>\n\t\t\t\t<\/a>\n\t\t\t\t<div class=\"wc-block-grid__product-price price\"><span class=\"woocommerce-Price-amount amount\"><span class=\"woocommerce-Price-currencySymbol\">&#036;<\/span>12.40<\/span><\/div>\n\t\t\t\t\n\t\t\t\t<div class=\"wp-block-button wc-block-grid__product-add-to-cart\"><a href=\"?add-to-cart=4713\" aria-label=\"P\u0159idat do ko\u0161\u00edku: &ldquo;Polymerov\u00e1 zahradn\u00ed \u0161achta (A15) 780 mm zelen\u00e1 s uzamykac\u00edm mechanismem&rdquo;\" data-quantity=\"1\" data-product_id=\"4713\" data-product_sku=\"109\" data-price=\"12.4\" rel=\"nofollow\" class=\"wp-block-button__link  add_to_cart_button ajax_add_to_cart\">P\u0159idat do ko\u0161\u00edku<\/a><\/div>\n\t\t\t<\/li><li class=\"wc-block-grid__product\">\n\t\t\t\t<a href=\"https:\/\/newluki.wp.brander.technology\/cs\/produkt\/polymerova-sachta-stredni-b125-cerna-s-uzamykacim-mechanismem\/\" class=\"wc-block-grid__product-link\">\n\t\t\t\t\t\n\t\t\t\t\t<div class=\"wc-block-grid__product-image\"><img loading=\"lazy\" decoding=\"async\" width=\"300\" height=\"300\" src=\"https:\/\/newluki.wp.brander.technology\/wp-content\/uploads\/2025\/01\/700x700_1_1-300x300.png\" class=\"attachment-woocommerce_thumbnail size-woocommerce_thumbnail\" alt=\"Polymerov\u00e1 \u0161achta st\u0159edn\u00ed (B125) \u010dern\u00e1 s uzamykac\u00edm mechanismem\" srcset=\"https:\/\/newluki.wp.brander.technology\/wp-content\/uploads\/2025\/01\/700x700_1_1-300x300.png 300w, https:\/\/newluki.wp.brander.technology\/wp-content\/uploads\/2025\/01\/700x700_1_1-150x150.png 150w, https:\/\/newluki.wp.brander.technology\/wp-content\/uploads\/2025\/01\/700x700_1_1-140x140.png 140w, https:\/\/newluki.wp.brander.technology\/wp-content\/uploads\/2025\/01\/700x700_1_1-100x100.png 100w, https:\/\/newluki.wp.brander.technology\/wp-content\/uploads\/2025\/01\/700x700_1_1-500x500.png 500w, https:\/\/newluki.wp.brander.technology\/wp-content\/uploads\/2025\/01\/700x700_1_1-350x350.png 350w, https:\/\/newluki.wp.brander.technology\/wp-content\/uploads\/2025\/01\/700x700_1_1-600x600.png 600w, https:\/\/newluki.wp.brander.technology\/wp-content\/uploads\/2025\/01\/700x700_1_1.png 700w\" sizes=\"auto, (max-width: 300px) 100vw, 300px\" \/><\/div>\n\t\t\t\t\t<div class=\"wc-block-grid__product-title\">Polymerov\u00e1 \u0161achta st\u0159edn\u00ed (B125) \u010dern\u00e1 s uzamykac\u00edm mechanismem<\/div>\n\t\t\t\t<\/a>\n\t\t\t\t<div class=\"wc-block-grid__product-price price\"><span class=\"woocommerce-Price-amount amount\"><span class=\"woocommerce-Price-currencySymbol\">&#036;<\/span>0.00<\/span><\/div>\n\t\t\t\t\n\t\t\t\t<div class=\"wp-block-button wc-block-grid__product-add-to-cart\"><a href=\"?add-to-cart=4748\" aria-label=\"P\u0159idat do ko\u0161\u00edku: &ldquo;Polymerov\u00e1 \u0161achta st\u0159edn\u00ed (B125) \u010dern\u00e1 s uzamykac\u00edm mechanismem&rdquo;\" data-quantity=\"1\" data-product_id=\"4748\" data-product_sku=\"132\" data-price=\"0\" rel=\"nofollow\" class=\"wp-block-button__link  add_to_cart_button ajax_add_to_cart\">P\u0159idat do ko\u0161\u00edku<\/a><\/div>\n\t\t\t<\/li><li class=\"wc-block-grid__product\">\n\t\t\t\t<a href=\"https:\/\/newluki.wp.brander.technology\/cs\/produkt\/polymerovy-kontrolni-kryt-ctvercovy-a15-zeleny-385385-mm\/\" class=\"wc-block-grid__product-link\">\n\t\t\t\t\t\n\t\t\t\t\t<div class=\"wc-block-grid__product-image\"><img loading=\"lazy\" decoding=\"async\" width=\"300\" height=\"300\" src=\"https:\/\/newluki.wp.brander.technology\/wp-content\/uploads\/2025\/01\/luk-22-300x300.png\" class=\"attachment-woocommerce_thumbnail size-woocommerce_thumbnail\" alt=\"Polymerov\u00fd kontroln\u00ed kryt \u010dtvercov\u00fd (A15) zelen\u00fd 385*385 mm\" srcset=\"https:\/\/newluki.wp.brander.technology\/wp-content\/uploads\/2025\/01\/luk-22-300x300.png 300w, https:\/\/newluki.wp.brander.technology\/wp-content\/uploads\/2025\/01\/luk-22-150x150.png 150w, https:\/\/newluki.wp.brander.technology\/wp-content\/uploads\/2025\/01\/luk-22-140x140.png 140w, https:\/\/newluki.wp.brander.technology\/wp-content\/uploads\/2025\/01\/luk-22-100x100.png 100w, https:\/\/newluki.wp.brander.technology\/wp-content\/uploads\/2025\/01\/luk-22-500x500.png 500w, https:\/\/newluki.wp.brander.technology\/wp-content\/uploads\/2025\/01\/luk-22-350x350.png 350w, https:\/\/newluki.wp.brander.technology\/wp-content\/uploads\/2025\/01\/luk-22-600x600.png 600w, https:\/\/newluki.wp.brander.technology\/wp-content\/uploads\/2025\/01\/luk-22.png 700w\" sizes=\"auto, (max-width: 300px) 100vw, 300px\" \/><\/div>\n\t\t\t\t\t<div class=\"wc-block-grid__product-title\">Polymerov\u00fd kontroln\u00ed kryt \u010dtvercov\u00fd (A15) zelen\u00fd 385*385 mm<\/div>\n\t\t\t\t<\/a>\n\t\t\t\t<div class=\"wc-block-grid__product-price price\"><span class=\"woocommerce-Price-amount amount\"><span class=\"woocommerce-Price-currencySymbol\">&#036;<\/span>5.90<\/span><\/div>\n\t\t\t\t\n\t\t\t\t<div class=\"wp-block-button wc-block-grid__product-add-to-cart\"><a href=\"?add-to-cart=4718\" aria-label=\"P\u0159idat do ko\u0161\u00edku: &ldquo;Polymerov\u00fd kontroln\u00ed kryt \u010dtvercov\u00fd (A15) zelen\u00fd 385*385 mm&rdquo;\" data-quantity=\"1\" data-product_id=\"4718\" data-product_sku=\"122\" data-price=\"5.9\" rel=\"nofollow\" class=\"wp-block-button__link  add_to_cart_button ajax_add_to_cart\">P\u0159idat do ko\u0161\u00edku<\/a><\/div>\n\t\t\t<\/li><li class=\"wc-block-grid__product\">\n\t\t\t\t<a href=\"https:\/\/newluki.wp.brander.technology\/cs\/produkt\/polymerovy-kontrolni-kryt-ctvercovy-a15-cerny-385385-mm\/\" class=\"wc-block-grid__product-link\">\n\t\t\t\t\t\n\t\t\t\t\t<div class=\"wc-block-grid__product-image\"><img loading=\"lazy\" decoding=\"async\" width=\"300\" height=\"300\" src=\"https:\/\/newluki.wp.brander.technology\/wp-content\/uploads\/2025\/01\/luk-21-300x300.png\" class=\"attachment-woocommerce_thumbnail size-woocommerce_thumbnail\" alt=\"Polymerov\u00fd kontroln\u00ed kryt \u010dtvercov\u00fd (A15) \u010dern\u00fd 385*385 mm\" srcset=\"https:\/\/newluki.wp.brander.technology\/wp-content\/uploads\/2025\/01\/luk-21-300x300.png 300w, https:\/\/newluki.wp.brander.technology\/wp-content\/uploads\/2025\/01\/luk-21-150x150.png 150w, https:\/\/newluki.wp.brander.technology\/wp-content\/uploads\/2025\/01\/luk-21-140x140.png 140w, https:\/\/newluki.wp.brander.technology\/wp-content\/uploads\/2025\/01\/luk-21-100x100.png 100w, https:\/\/newluki.wp.brander.technology\/wp-content\/uploads\/2025\/01\/luk-21-500x500.png 500w, https:\/\/newluki.wp.brander.technology\/wp-content\/uploads\/2025\/01\/luk-21-350x350.png 350w, https:\/\/newluki.wp.brander.technology\/wp-content\/uploads\/2025\/01\/luk-21-600x600.png 600w, https:\/\/newluki.wp.brander.technology\/wp-content\/uploads\/2025\/01\/luk-21.png 700w\" sizes=\"auto, (max-width: 300px) 100vw, 300px\" \/><\/div>\n\t\t\t\t\t<div class=\"wc-block-grid__product-title\">Polymerov\u00fd kontroln\u00ed kryt \u010dtvercov\u00fd (A15) \u010dern\u00fd 385*385 mm<\/div>\n\t\t\t\t<\/a>\n\t\t\t\t<div class=\"wc-block-grid__product-price price\"><span class=\"woocommerce-Price-amount amount\"><span class=\"woocommerce-Price-currencySymbol\">&#036;<\/span>5.50<\/span><\/div>\n\t\t\t\t\n\t\t\t\t<div class=\"wp-block-button wc-block-grid__product-add-to-cart\"><a href=\"?add-to-cart=4725\" aria-label=\"P\u0159idat do ko\u0161\u00edku: &ldquo;Polymerov\u00fd kontroln\u00ed kryt \u010dtvercov\u00fd (A15) \u010dern\u00fd 385*385 mm&rdquo;\" data-quantity=\"1\" data-product_id=\"4725\" data-product_sku=\"121\" data-price=\"5.5\" rel=\"nofollow\" class=\"wp-block-button__link  add_to_cart_button ajax_add_to_cart\">P\u0159idat do ko\u0161\u00edku<\/a><\/div>\n\t\t\t<\/li><\/ul><\/div><\/div><\/div>","protected":false},"excerpt":{"rendered":"Mohlo by v\u00e1s zaj\u00edmat... V\u00e1\u0161 ko\u0161\u00edk je moment\u00e1ln\u011b pr\u00e1zdn\u00fd! Novinky v obchod\u011b","protected":false},"author":1,"featured_media":0,"parent":0,"menu_order":0,"comment_status":"closed","ping_status":"closed","template":"","meta":{"footnotes":""},"class_list":["post-4817","page","type-page","status-publish"],"_links":{"self":[{"href":"https:\/\/newluki.wp.brander.technology\/cs\/wp-json\/wp\/v2\/pages\/4817","targetHints":{"allow":["GET"]}}],"collection":[{"href":"https:\/\/newluki.wp.brander.technology\/cs\/wp-json\/wp\/v2\/pages"}],"about":[{"href":"https:\/\/newluki.wp.brander.technology\/cs\/wp-json\/wp\/v2\/types\/page"}],"author":[{"embeddable":true,"href":"https:\/\/newluki.wp.brander.technology\/cs\/wp-json\/wp\/v2\/users\/1"}],"replies":[{"embeddable":true,"href":"https:\/\/newluki.wp.brander.technology\/cs\/wp-json\/wp\/v2\/comments?post=4817"}],"version-history":[{"count":1,"href":"https:\/\/newluki.wp.brander.technology\/cs\/wp-json\/wp\/v2\/pages\/4817\/revisions"}],"predecessor-version":[{"id":4818,"href":"https:\/\/newluki.wp.brander.technology\/cs\/wp-json\/wp\/v2\/pages\/4817\/revisions\/4818"}],"wp:attachment":[{"href":"https:\/\/newluki.wp.brander.technology\/cs\/wp-json\/wp\/v2\/media?parent=4817"}],"curies":[{"name":"wp","href":"https:\/\/api.w.org\/{rel}","templated":true}]}}