{"id":4718,"date":"2025-01-15T20:08:51","date_gmt":"2025-01-15T18:08:51","guid":{"rendered":"https:\/\/newluki.wp.brander.technology\/product\/polymerovy-kontrolni-kryt-ctvercovy-a15-zeleny-385385-mm\/"},"modified":"2025-01-15T20:08:51","modified_gmt":"2025-01-15T18:08:51","slug":"polymerovy-kontrolni-kryt-ctvercovy-a15-zeleny-385385-mm","status":"publish","type":"product","link":"https:\/\/newluki.wp.brander.technology\/cs\/produkt\/polymerovy-kontrolni-kryt-ctvercovy-a15-zeleny-385385-mm\/","title":{"rendered":"Polymerov\u00fd kontroln\u00ed kryt \u010dtvercov\u00fd (A15) zelen\u00fd 385*385 mm"},"content":{"rendered":"<p>Zelen\u00fd poklop se pou\u017e\u00edv\u00e1 v syst\u00e9mech bez instalace studny a je vhodn\u00fd i pro instalaci na potrub\u00ed nebo studnu o vn\u011bj\u0161\u00edm pr\u016fm\u011bru 315 mm. Je ur\u010den pro instalaci v p\u011b\u0161\u00ed a parkov\u00e9 z\u00f3n\u011b. <\/p>\n<p>Materi\u00e1l: polyethylen bez p\u00edsku.<\/p>\n<p>Spl\u0148uje technick\u00e9 specifikace; DSTU B V.2.5-26:2005, evropsk\u00e1 norma EN 124-6:2015 TU U 25.2-31642900-003:2006. Certifikov\u00e1no.<\/p>\n","protected":false},"excerpt":{"rendered":"<p>Zelen\u00fd poklop se pou\u017e\u00edv\u00e1 v syst\u00e9mech bez instalace studny a je vhodn\u00fd i pro instalaci na potrub\u00ed nebo studnu o vn\u011bj\u0161\u00edm pr\u016fm\u011bru 315 mm. Je&#8230;<\/p>\n","protected":false},"featured_media":4008,"comment_status":"closed","ping_status":"closed","template":"","meta":[],"product_cat":[144],"product_tag":[],"class_list":{"0":"post-4718","1":"product","2":"type-product","3":"status-publish","4":"has-post-thumbnail","6":"product_cat-lehke-poklopy-a15-a50","8":"first","9":"instock","10":"shipping-taxable","11":"purchasable","12":"product-type-simple"},"_links":{"self":[{"href":"https:\/\/newluki.wp.brander.technology\/cs\/wp-json\/wp\/v2\/product\/4718","targetHints":{"allow":["GET"]}}],"collection":[{"href":"https:\/\/newluki.wp.brander.technology\/cs\/wp-json\/wp\/v2\/product"}],"about":[{"href":"https:\/\/newluki.wp.brander.technology\/cs\/wp-json\/wp\/v2\/types\/product"}],"replies":[{"embeddable":true,"href":"https:\/\/newluki.wp.brander.technology\/cs\/wp-json\/wp\/v2\/comments?post=4718"}],"wp:featuredmedia":[{"embeddable":true,"href":"https:\/\/newluki.wp.brander.technology\/cs\/wp-json\/wp\/v2\/media\/4008"}],"wp:attachment":[{"href":"https:\/\/newluki.wp.brander.technology\/cs\/wp-json\/wp\/v2\/media?parent=4718"}],"wp:term":[{"taxonomy":"product_cat","embeddable":true,"href":"https:\/\/newluki.wp.brander.technology\/cs\/wp-json\/wp\/v2\/product_cat?post=4718"},{"taxonomy":"product_tag","embeddable":true,"href":"https:\/\/newluki.wp.brander.technology\/cs\/wp-json\/wp\/v2\/product_tag?post=4718"}],"curies":[{"name":"wp","href":"https:\/\/api.w.org\/{rel}","templated":true}]}}