{"id":4725,"date":"2025-01-15T19:53:11","date_gmt":"2025-01-15T17:53:11","guid":{"rendered":"https:\/\/newluki.wp.brander.technology\/product\/polymerovy-kontrolni-kryt-ctvercovy-a15-cerny-385385-mm\/"},"modified":"2025-02-11T11:13:47","modified_gmt":"2025-02-11T09:13:47","slug":"polymerovy-kontrolni-kryt-ctvercovy-a15-cerny-385385-mm","status":"publish","type":"product","link":"https:\/\/newluki.wp.brander.technology\/cs\/produkt\/polymerovy-kontrolni-kryt-ctvercovy-a15-cerny-385385-mm\/","title":{"rendered":"Polymerov\u00fd kontroln\u00ed kryt \u010dtvercov\u00fd (A15) \u010dern\u00fd 385*385 mm"},"content":{"rendered":"<p>\u010cern\u00fd poklop se pou\u017e\u00edv\u00e1 v syst\u00e9mech bez instalace studny a je vhodn\u00fd i pro instalaci na potrub\u00ed nebo studnu s vn\u011bj\u0161\u00edm pr\u016fm\u011brem 315 mm. Je ur\u010den pro instalaci v p\u011b\u0161\u00ed a parkov\u00e9 z\u00f3n\u011b. <\/p>\n<p>Materi\u00e1l: polyethylen bez p\u00edsku.<\/p>\n<p>Spl\u0148uje technick\u00e9 specifikace; DSTU B V.2.5-26:2005, evropsk\u00e1 norma EN 124-6:2015 TU U 25.2-31642900-003:2006. Certifikov\u00e1no.<\/p>\n","protected":false},"excerpt":{"rendered":"<p>Spl\u0148uje technick\u00e9 specifikace; DSTU B V.2.5-26:2005, evropsk\u00e1 norma EN 124-6:2015 TU U 25.2-31642900-003:2006. Certifikov\u00e1no. <\/p>\n","protected":false},"featured_media":3977,"comment_status":"closed","ping_status":"closed","template":"","meta":[],"product_cat":[144],"product_tag":[],"class_list":{"0":"post-4725","1":"product","2":"type-product","3":"status-publish","4":"has-post-thumbnail","6":"product_cat-lehke-poklopy-a15-a50","8":"first","9":"instock","10":"shipping-taxable","11":"purchasable","12":"product-type-simple"},"_links":{"self":[{"href":"https:\/\/newluki.wp.brander.technology\/cs\/wp-json\/wp\/v2\/product\/4725","targetHints":{"allow":["GET"]}}],"collection":[{"href":"https:\/\/newluki.wp.brander.technology\/cs\/wp-json\/wp\/v2\/product"}],"about":[{"href":"https:\/\/newluki.wp.brander.technology\/cs\/wp-json\/wp\/v2\/types\/product"}],"replies":[{"embeddable":true,"href":"https:\/\/newluki.wp.brander.technology\/cs\/wp-json\/wp\/v2\/comments?post=4725"}],"wp:featuredmedia":[{"embeddable":true,"href":"https:\/\/newluki.wp.brander.technology\/cs\/wp-json\/wp\/v2\/media\/3977"}],"wp:attachment":[{"href":"https:\/\/newluki.wp.brander.technology\/cs\/wp-json\/wp\/v2\/media?parent=4725"}],"wp:term":[{"taxonomy":"product_cat","embeddable":true,"href":"https:\/\/newluki.wp.brander.technology\/cs\/wp-json\/wp\/v2\/product_cat?post=4725"},{"taxonomy":"product_tag","embeddable":true,"href":"https:\/\/newluki.wp.brander.technology\/cs\/wp-json\/wp\/v2\/product_tag?post=4725"}],"curies":[{"name":"wp","href":"https:\/\/api.w.org\/{rel}","templated":true}]}}