{"id":4728,"date":"2025-01-15T16:08:39","date_gmt":"2025-01-15T14:08:39","guid":{"rendered":"https:\/\/newluki.wp.brander.technology\/product\/polymerova-zahradni-sachta-a15-780-mm-cerna-s-uzaverem\/"},"modified":"2025-01-15T16:08:39","modified_gmt":"2025-01-15T14:08:39","slug":"polymerova-zahradni-sachta-a15-780-mm-cerna-s-uzaverem","status":"publish","type":"product","link":"https:\/\/newluki.wp.brander.technology\/cs\/produkt\/polymerova-zahradni-sachta-a15-780-mm-cerna-s-uzaverem\/","title":{"rendered":"Polymerov\u00e1 zahradn\u00ed \u0161achta (A15) 780 mm \u010dern\u00e1 s uz\u00e1v\u011brem"},"content":{"rendered":"<p>Tento \u010dern\u00fd kryt zahradn\u00edch \u0161achet je vyroben z polymerov\u00fdch kompozic a je ur\u010den k instalaci na revizn\u00ed \u0161achty v\u0161ech typ\u016f in\u017een\u00fdrsk\u00fdch s\u00edt\u00ed. Ide\u00e1ln\u00ed \u0159e\u0161en\u00ed pro v\u00e1\u0161 tr\u00e1vn\u00edk, zahradn\u00ed plochy a chodn\u00edk. <\/p>\n<p>D\u00edky zv\u011bt\u0161en\u00e9 velikosti karoserie je instalace poklopu je\u0161t\u011b snaz\u0161\u00ed a rychlej\u0161\u00ed.<\/p>\n<p>Dod\u00e1v\u00e1 se s uzamykac\u00edm mechanismem.<\/p>\n<p>Materi\u00e1l: Materi\u00e1l: polyethylen bez p\u00edsku.<\/p>\n<p>Spl\u0148uje technick\u00e9 specifikace; DSTU B V.2.5-26:2005, evropsk\u00e1 norma EN 124-6:2015 TU U 25.2-31642900-003:2006. Certifikov\u00e1no.<\/p>\n","protected":false},"excerpt":{"rendered":"<p>Tento \u010dern\u00fd kryt zahradn\u00edch \u0161achet je vyroben z polymerov\u00fdch kompozic a je ur\u010den k instalaci na revizn\u00ed \u0161achty v\u0161ech typ\u016f in\u017een\u00fdrsk\u00fdch s\u00edt\u00ed. Ide\u00e1ln\u00ed \u0159e\u0161en\u00ed pro&#8230;<\/p>\n","protected":false},"featured_media":3598,"comment_status":"closed","ping_status":"closed","template":"","meta":[],"product_cat":[144],"product_tag":[],"class_list":{"0":"post-4728","1":"product","2":"type-product","3":"status-publish","4":"has-post-thumbnail","6":"product_cat-lehke-poklopy-a15-a50","8":"first","9":"instock","10":"shipping-taxable","11":"purchasable","12":"product-type-simple"},"_links":{"self":[{"href":"https:\/\/newluki.wp.brander.technology\/cs\/wp-json\/wp\/v2\/product\/4728","targetHints":{"allow":["GET"]}}],"collection":[{"href":"https:\/\/newluki.wp.brander.technology\/cs\/wp-json\/wp\/v2\/product"}],"about":[{"href":"https:\/\/newluki.wp.brander.technology\/cs\/wp-json\/wp\/v2\/types\/product"}],"replies":[{"embeddable":true,"href":"https:\/\/newluki.wp.brander.technology\/cs\/wp-json\/wp\/v2\/comments?post=4728"}],"wp:featuredmedia":[{"embeddable":true,"href":"https:\/\/newluki.wp.brander.technology\/cs\/wp-json\/wp\/v2\/media\/3598"}],"wp:attachment":[{"href":"https:\/\/newluki.wp.brander.technology\/cs\/wp-json\/wp\/v2\/media?parent=4728"}],"wp:term":[{"taxonomy":"product_cat","embeddable":true,"href":"https:\/\/newluki.wp.brander.technology\/cs\/wp-json\/wp\/v2\/product_cat?post=4728"},{"taxonomy":"product_tag","embeddable":true,"href":"https:\/\/newluki.wp.brander.technology\/cs\/wp-json\/wp\/v2\/product_tag?post=4728"}],"curies":[{"name":"wp","href":"https:\/\/api.w.org\/{rel}","templated":true}]}}