{"id":4743,"date":"2025-01-15T16:29:46","date_gmt":"2025-01-15T14:29:46","guid":{"rendered":"https:\/\/newluki.wp.brander.technology\/product\/polymerovy-sachtovy-ctverec-a15-cerny-s-uzamykacim-mechanismem\/"},"modified":"2025-01-15T16:29:46","modified_gmt":"2025-01-15T14:29:46","slug":"polymerovy-sachtovy-ctverec-a15-cerny-s-uzamykacim-mechanismem","status":"publish","type":"product","link":"https:\/\/newluki.wp.brander.technology\/cs\/produkt\/polymerovy-sachtovy-ctverec-a15-cerny-s-uzamykacim-mechanismem\/","title":{"rendered":"Polymerov\u00fd \u0161achtov\u00fd \u010dtverec (A15) \u010dern\u00fd s uzamykac\u00edm mechanismem"},"content":{"rendered":"<p>\u010ctvercov\u00fd \u010dern\u00fd poklop \u0161achty z polymerov\u00fdch kompozic je ide\u00e1ln\u00ed pro instalaci na komunikace pokryt\u00e9 dla\u017eebn\u00edmi deskami. Jedn\u00e1 se o optim\u00e1ln\u00ed \u0159e\u0161en\u00ed pro pou\u017eit\u00ed v zahrad\u00e1ch a parc\u00edch, p\u0159i stavb\u011b sportovi\u0161\u0165 a chat. V\u00fd\u0161ka tohoto poklopu je pouh\u00fdch 6 cm, co\u017e zna\u010dn\u011b usnad\u0148uje instalaci na stejnou \u00farove\u0148 jako oblo\u017een\u00e1 podlaha.<\/p>\n<p>Je vybaven \u010dty\u0159bodov\u00fdm uzamykac\u00edm mechanismem.<\/p>\n<p>Materi\u00e1l: polyethylen bez p\u00edsku.<\/p>\n<p>Spl\u0148uje technick\u00e9 specifikace; DSTU B V.2.5-26:2005, evropskou normu EN 124-6:2015 a TU U 25.2-31642900-003:2006. Certifikovan\u00e9.<\/p>\n","protected":false},"excerpt":{"rendered":"<p>\u010ctvercov\u00fd \u010dern\u00fd poklop \u0161achty z polymerov\u00fdch kompozic je ide\u00e1ln\u00ed pro instalaci na komunikace pokryt\u00e9 dla\u017eebn\u00edmi deskami. Jedn\u00e1 se o optim\u00e1ln\u00ed \u0159e\u0161en\u00ed pro pou\u017eit\u00ed v zahrad\u00e1ch&#8230;<\/p>\n","protected":false},"featured_media":3660,"comment_status":"closed","ping_status":"closed","template":"","meta":[],"product_cat":[144],"product_tag":[],"class_list":{"0":"post-4743","1":"product","2":"type-product","3":"status-publish","4":"has-post-thumbnail","6":"product_cat-lehke-poklopy-a15-a50","8":"first","9":"instock","10":"shipping-taxable","11":"purchasable","12":"product-type-simple"},"_links":{"self":[{"href":"https:\/\/newluki.wp.brander.technology\/cs\/wp-json\/wp\/v2\/product\/4743","targetHints":{"allow":["GET"]}}],"collection":[{"href":"https:\/\/newluki.wp.brander.technology\/cs\/wp-json\/wp\/v2\/product"}],"about":[{"href":"https:\/\/newluki.wp.brander.technology\/cs\/wp-json\/wp\/v2\/types\/product"}],"replies":[{"embeddable":true,"href":"https:\/\/newluki.wp.brander.technology\/cs\/wp-json\/wp\/v2\/comments?post=4743"}],"wp:featuredmedia":[{"embeddable":true,"href":"https:\/\/newluki.wp.brander.technology\/cs\/wp-json\/wp\/v2\/media\/3660"}],"wp:attachment":[{"href":"https:\/\/newluki.wp.brander.technology\/cs\/wp-json\/wp\/v2\/media?parent=4743"}],"wp:term":[{"taxonomy":"product_cat","embeddable":true,"href":"https:\/\/newluki.wp.brander.technology\/cs\/wp-json\/wp\/v2\/product_cat?post=4743"},{"taxonomy":"product_tag","embeddable":true,"href":"https:\/\/newluki.wp.brander.technology\/cs\/wp-json\/wp\/v2\/product_tag?post=4743"}],"curies":[{"name":"wp","href":"https:\/\/api.w.org\/{rel}","templated":true}]}}