{"id":4748,"date":"2025-01-16T00:25:27","date_gmt":"2025-01-15T22:25:27","guid":{"rendered":"https:\/\/newluki.wp.brander.technology\/product\/polymerova-sachta-stredni-b125-cerna-s-uzamykacim-mechanismem\/"},"modified":"2025-01-16T00:25:27","modified_gmt":"2025-01-15T22:25:27","slug":"polymerova-sachta-stredni-b125-cerna-s-uzamykacim-mechanismem","status":"publish","type":"product","link":"https:\/\/newluki.wp.brander.technology\/cs\/produkt\/polymerova-sachta-stredni-b125-cerna-s-uzamykacim-mechanismem\/","title":{"rendered":"Polymerov\u00e1 \u0161achta st\u0159edn\u00ed (B125) \u010dern\u00e1 s uzamykac\u00edm mechanismem"},"content":{"rendered":"<p>Poklop \u0161achty (B125) z vysokopevnostn\u00edch polymern\u00edch kompozic pro revizn\u00ed \u0161achty v\u0161ech typ\u016f \u0161achet na komunikac\u00edch s n\u00edzk\u00fdm provozem, vnitroblokov\u00fdch komunikac\u00edch, parkovi\u0161t\u00edch, chodn\u00edc\u00edch se siln\u00fdm provozem.<\/p>\n<p>Dod\u00e1v\u00e1 se s uzamykac\u00edm mechanismem.<\/p>\n<p>Materi\u00e1l pou\u017eit\u00fd k v\u00fdrob\u011b je odoln\u00fd v\u016f\u010di agresivn\u00edmu prost\u0159ed\u00ed a teplot\u00e1m a roztok\u016fm soli na silnic\u00edch a chodn\u00edc\u00edch.<\/p>\n<p>Spl\u0148uje technick\u00e9 specifikace; DSTU B V.2.5-26:2005, evropsk\u00e1 norma EN 124-6:2015 TU U 25.2-31642900-003:2006. Certifikovan\u00e9.<\/p>\n<p>Z\u00e1ru\u010dn\u00ed doba je 24 m\u011bs\u00edc\u016f.<\/p>\n","protected":false},"excerpt":{"rendered":"<p>Poklop \u0161achty (B125) z vysokopevnostn\u00edch polymern\u00edch kompozic pro revizn\u00ed \u0161achty v\u0161ech typ\u016f \u0161achet na komunikac\u00edch s n\u00edzk\u00fdm provozem, vnitroblokov\u00fdch komunikac\u00edch, parkovi\u0161t\u00edch, chodn\u00edc\u00edch se siln\u00fdm provozem&#8230;.<\/p>\n","protected":false},"featured_media":4214,"comment_status":"closed","ping_status":"closed","template":"","meta":[],"product_cat":[154],"product_tag":[],"class_list":{"0":"post-4748","1":"product","2":"type-product","3":"status-publish","4":"has-post-thumbnail","6":"product_cat-middle-hatches-b125-cs","8":"first","9":"instock","10":"shipping-taxable","11":"purchasable","12":"product-type-simple"},"_links":{"self":[{"href":"https:\/\/newluki.wp.brander.technology\/cs\/wp-json\/wp\/v2\/product\/4748","targetHints":{"allow":["GET"]}}],"collection":[{"href":"https:\/\/newluki.wp.brander.technology\/cs\/wp-json\/wp\/v2\/product"}],"about":[{"href":"https:\/\/newluki.wp.brander.technology\/cs\/wp-json\/wp\/v2\/types\/product"}],"replies":[{"embeddable":true,"href":"https:\/\/newluki.wp.brander.technology\/cs\/wp-json\/wp\/v2\/comments?post=4748"}],"wp:featuredmedia":[{"embeddable":true,"href":"https:\/\/newluki.wp.brander.technology\/cs\/wp-json\/wp\/v2\/media\/4214"}],"wp:attachment":[{"href":"https:\/\/newluki.wp.brander.technology\/cs\/wp-json\/wp\/v2\/media?parent=4748"}],"wp:term":[{"taxonomy":"product_cat","embeddable":true,"href":"https:\/\/newluki.wp.brander.technology\/cs\/wp-json\/wp\/v2\/product_cat?post=4748"},{"taxonomy":"product_tag","embeddable":true,"href":"https:\/\/newluki.wp.brander.technology\/cs\/wp-json\/wp\/v2\/product_tag?post=4748"}],"curies":[{"name":"wp","href":"https:\/\/api.w.org\/{rel}","templated":true}]}}