{"id":4568,"date":"2018-08-20T20:21:35","date_gmt":"2018-08-20T18:21:35","guid":{"rendered":"https:\/\/newluki.wp.brander.technology\/kontakt\/"},"modified":"2025-02-10T11:13:17","modified_gmt":"2025-02-10T09:13:17","slug":"kontakt","status":"publish","type":"page","link":"https:\/\/newluki.wp.brander.technology\/de\/kontakt\/","title":{"rendered":"Kontakt"},"content":{"rendered":"[vc_row type=&#8220;full_width_content&#8220; full_screen_row_position=&#8220;middle&#8220; column_margin=&#8220;default&#8220; equal_height=&#8220;yes&#8220; content_placement=&#8220;middle&#8220; column_direction=&#8220;default&#8220; column_direction_tablet=&#8220;default&#8220; column_direction_phone=&#8220;default&#8220; bg_color=&#8220;#f7f7f7&#8243; scene_position=&#8220;center&#8220; text_color=&#8220;dark&#8220; text_align=&#8220;left&#8220; row_border_radius=&#8220;none&#8220; row_border_radius_applies=&#8220;bg&#8220; overflow=&#8220;visible&#8220; overlay_strength=&#8220;0.3&#8243; gradient_direction=&#8220;left_to_right&#8220; shape_divider_position=&#8220;bottom&#8220; bg_image_animation=&#8220;none&#8220; shape_type=&#8220;&#8220;][vc_column column_padding=&#8220;padding-8-percent&#8220; column_padding_tablet=&#8220;inherit&#8220; column_padding_phone=&#8220;inherit&#8220; column_padding_position=&#8220;all&#8220; column_element_direction_desktop=&#8220;default&#8220; column_element_spacing=&#8220;default&#8220; desktop_text_alignment=&#8220;default&#8220; tablet_text_alignment=&#8220;default&#8220; phone_text_alignment=&#8220;default&#8220; background_color=&#8220;#0a0a0a&#8220; background_color_opacity=&#8220;0.8&#8243; background_hover_color_opacity=&#8220;1&#8243; background_image=&#8220;4555&#8243; background_image_position=&#8220;center center&#8220; background_image_stacking=&#8220;default&#8220; background_image_loading=&#8220;default&#8220; column_backdrop_filter=&#8220;none&#8220; font_color=&#8220;#ffffff&#8220; column_shadow=&#8220;none&#8220; column_border_radius=&#8220;none&#8220; column_link_target=&#8220;_self&#8220; column_position=&#8220;default&#8220; gradient_direction=&#8220;left_to_right&#8220; overlay_strength=&#8220;0.3&#8243; width=&#8220;1\/2&#8243; tablet_width_inherit=&#8220;default&#8220; animation_type=&#8220;default&#8220; bg_image_animation=&#8220;none&#8220; border_type=&#8220;simple&#8220; column_border_width=&#8220;none&#8220; column_border_style=&#8220;solid&#8220; column_padding_type=&#8220;default&#8220; gradient_type=&#8220;default&#8220;][vc_custom_heading text=&#8220;Kontakte&#8220; font_container=&#8220;tag:h2|text_align:left|color:%23ffffff&#8220; use_theme_fonts=&#8220;yes&#8220; css=&#8220;&#8220;][vc_column_text css=&#8220;.vc_custom_1737534714579{margin-top: 20px !important;margin-bottom: 60px !important;}&#8220; max_width=&#8220;475&#8243; text_direction=&#8220;default&#8220;]\n<div>\n<div>\u00d6ffnungszeiten:<\/div>\n<div class=\"contacts-shops-content\">Mo.-Fr. 10:00 -18:00<\/div>\n<div>Sa.-So. 10:00 -17:00<\/div>\n<\/div>\n[\/vc_column_text][nectar_cta btn_style=&#8220;text-reveal-wave&#8220; heading_tag=&#8220;h5&#8243; button_color=&#8220;default&#8220; text_color=&#8220;#ffffff&#8220; button_border_thickness=&#8220;0px&#8220; link_type=&#8220;regular&#8220; alignment=&#8220;left&#8220; alignment_tablet=&#8220;default&#8220; alignment_phone=&#8220;default&#8220; display=&#8220;block&#8220; display_tablet=&#8220;inherit&#8220; display_phone=&#8220;inherit&#8220; icon_family=&#8220;fontawesome&#8220; link_text=&#8220;+421950614826&#8243; icon_fontawesome=&#8220;fa fa-phone&#8220; url=&#8220;tel:+421950614826&#8243;][nectar_cta btn_style=&#8220;text-reveal-wave&#8220; heading_tag=&#8220;h5&#8243; button_color=&#8220;default&#8220; text_color=&#8220;#ffffff&#8220; button_border_thickness=&#8220;0px&#8220; link_type=&#8220;regular&#8220; alignment=&#8220;left&#8220; alignment_tablet=&#8220;default&#8220; alignment_phone=&#8220;default&#8220; display=&#8220;block&#8220; display_tablet=&#8220;inherit&#8220; display_phone=&#8220;inherit&#8220; icon_family=&#8220;fontawesome&#8220; link_text=&#8220;panov.trading@gmail.com&#8220; url=&#8220;mailto:panov.trading@gmail.com&#8220; icon_fontawesome=&#8220;fa fa-envelope-open&#8220;][\/vc_column][vc_column column_padding=&#8220;padding-8-percent&#8220; column_padding_tablet=&#8220;inherit&#8220; column_padding_phone=&#8220;inherit&#8220; column_padding_position=&#8220;all&#8220; column_element_direction_desktop=&#8220;default&#8220; column_element_spacing=&#8220;default&#8220; desktop_text_alignment=&#8220;default&#8220; tablet_text_alignment=&#8220;default&#8220; phone_text_alignment=&#8220;default&#8220; background_color=&#8220;#ffe3f3&#8243; background_color_opacity=&#8220;1&#8243; background_hover_color_opacity=&#8220;1&#8243; column_backdrop_filter=&#8220;none&#8220; column_shadow=&#8220;none&#8220; column_border_radius=&#8220;none&#8220; column_link_target=&#8220;_self&#8220; column_position=&#8220;default&#8220; gradient_direction=&#8220;left_to_right&#8220; overlay_strength=&#8220;0.3&#8243; width=&#8220;1\/2&#8243; tablet_width_inherit=&#8220;default&#8220; animation_type=&#8220;default&#8220; bg_image_animation=&#8220;none&#8220; border_type=&#8220;simple&#8220; column_border_width=&#8220;none&#8220; column_border_style=&#8220;solid&#8220;][vc_column_text css=&#8220;&#8220; text_direction=&#8220;default&#8220;]\n<h3>\u00dcber das Unternehmen<\/h3>\n[\/vc_column_text][toggles style=&#8220;minimal_small&#8220;][toggle color=&#8220;Default&#8220; heading_tag=&#8220;default&#8220; heading_tag_functionality=&#8220;default&#8220; title=&#8220;Herstellung von Schachtabdeckungen und Gullyrosten im Auftrag&#8220;][vc_column_text css=&#8220;&#8220; text_direction=&#8220;default&#8220;]Sie k\u00f6nnen Schachtabdeckungen und Gullyroste in allen nicht standardisierten Gr\u00f6\u00dfen (auch 1 St\u00fcck) bestellen. Dazu m\u00fcssen Sie die Vorbestellungsabteilung unseres Unternehmens telefonisch kontaktieren: <a class=\"link_text hover\" role=\"button\" href=\"tel:+421950614826\" aria-label=\"+421950614826\"><span class=\"text\"><span class=\"char\">+<\/span><span class=\"char\">4<\/span><span class=\"char\">2<\/span><span class=\"char\">1<\/span><span class=\"char\">9<\/span><span class=\"char\">5<\/span><span class=\"char\">0<\/span><span class=\"char\">6<\/span><span class=\"char\">1<\/span><span class=\"char\">4<\/span><span class=\"char\">8<\/span><span class=\"char\">2<\/span><span class=\"char\">6<\/span><\/span><\/a> oder per E-Mail  <a class=\"link_text hover\" role=\"button\" href=\"mailto:panov.trading@gmail.com\" aria-label=\"panov.trading@gmail.com\"><span class=\"text\"><span class=\"char\">p<\/span><span class=\"char\">a<\/span><span class=\"char\">n<\/span><span class=\"char\">o<\/span><span class=\"char\">v<\/span><span class=\"char\">.<\/span><span class=\"char\">t<\/span><span class=\"char\">r<\/span><span class=\"char\">a<\/span><span class=\"char\">d<\/span><span class=\"char\">i<\/span><span class=\"char\">n<\/span><span class=\"char\">g<\/span><span class=\"char\">@<\/span><span class=\"char\">g<\/span><span class=\"char\">m<\/span><span class=\"char\">a<\/span><span class=\"char\">i<\/span><span class=\"char\">l<\/span><span class=\"char\">.<\/span><span class=\"char\">c<\/span><span class=\"char\">o<\/span><span class=\"char\">m<\/span><\/span><\/a>[\/vc_column_text][\/toggle][toggle color=&#8220;Default&#8220; heading_tag=&#8220;default&#8220; heading_tag_functionality=&#8220;default&#8220; title=&#8220;Zehn Gr\u00fcnde, warum Sie sich f\u00fcr TDS entscheiden sollten&#8220;][vc_column_text css=&#8220;&#8220; text_direction=&#8220;default&#8220;]In 15 Jahren Marktpr\u00e4senz hat sich unser Unternehmen zu einem f\u00fchrenden Anbieter entwickelt, dessen Produkte sich durch eine optimale Kombination aus Preis, Funktionalit\u00e4t und Haltbarkeit auszeichnen.<br \/>\n1. Einzigartigkeit.<br \/>\nUnser Unternehmen ist f\u00fchrend unter den Herstellern von Schachtabdeckungen und Gullyrosten aus Kunststoff in der Ukraine, weil:<br \/>\n&#8211; wir waren die ersten, die einen Schachtdeckel aus Kunststoff hergestellt haben;<br \/>\n&#8211; nur wir haben ein zertifiziertes Labor f\u00fcr die Pr\u00fcfung aller hergestellten Produkte;<br \/>\n&#8211; wir sind f\u00fchrend im Verkauf von polymeren Gullyrosten und Schachtabdeckungen;<br \/>\n&#8211; nur unsere Produkte halten dank spezieller Tests und einzigartiger Materialeigenschaften den geforderten Belastungen stand.<br \/>\n2. Kein Sand in den Produkten.<br \/>\nDas Verbundmaterial, aus dem unsere Schachtabdeckungen und Gullyroste hergestellt werden, enth\u00e4lt keinen Sand. Unsere Produkte haben einzigartige Eigenschaften, zeichnen sich durch ideale Merkmale aus &#8211; Haltbarkeit, Leichtigkeit und Festigkeit.<br \/>\n3. Der Preis.<br \/>\nDer Preis unserer Produkte wird Sie angenehm \u00fcberraschen, denn die Produkte der Firma TDS sind 60-80% billiger als ihre Gegenst\u00fccke aus Metall.<br \/>\n4. Geringes Gewicht.<br \/>\nUnsere Schachtabdeckungen und Gullyroste aus Polymer sind 60-80% leichter als ihre Gegenst\u00fccke aus Metall. Dies macht unsere Produkte sehr einfach zu transportieren (reduzieren die Kosten f\u00fcr die notwendige Ausr\u00fcstung und Arbeit), Installation und Betrieb (dies kann schnell und einfach von einer Person durchgef\u00fchrt werden).<br \/>\n5. gegen Vandalismus.<br \/>\nSchachtabdeckungen aus Kunststoff sind f\u00fcr Diebe uninteressant.<br \/>\n6. Einhaltung der Anforderungen der modernen technischen Vorschriften.<br \/>\nAlle unsere Produkte werden vom &#8222;Wissenschaftlichen Forschungszentrum f\u00fcr Standardisierung, Metrologie und Zertifizierung der Ukraine&#8220; entwickelt und genehmigt. Sie haben Eigenschaften und Merkmale, die den Anforderungen und Normen der staatlichen Standards der Ukraine und Europas entsprechen: DSTU (V.2.5-26: 2005), EN 124 und GOST (3634-99 \/ B).<br \/>\n7. Resistenz gegen Umwelteinfl\u00fcsse.<br \/>\nResistenz gegen Umwelteinfl\u00fcsse.<br \/>\n8. Chemische Best\u00e4ndigkeit.<br \/>\nSchachtabdeckungen werden h\u00e4ufig in Abwasser-\/Kanalisationssch\u00e4chten verwendet, was zu einem erh\u00f6hten Ma\u00df an mikrobiologischer Korrosion f\u00fchrt. Unsere Schachtabdeckungen sind nicht korrodiert.<br \/>\n9. Geringe Abriebfestigkeit.<br \/>\nDer Abriebkoeffizient unserer Schachtabdeckungen betr\u00e4gt 0,06 &#8211; 0,12 g \/ sm2<br \/>\n10. Unsere Gullyroste und Schachtabdeckungen sind nicht leitend.[\/vc_column_text][\/toggle][toggle color=&#8220;Default&#8220; heading_tag=&#8220;default&#8220; heading_tag_functionality=&#8220;default&#8220; title=&#8220;Wie k\u00f6nnen Sie mit unseren Polymer-Schachtabdeckungen Geld sparen?&#8220;][vc_column_text css=&#8220;&#8220; text_direction=&#8220;default&#8220;]Heutzutage werden gusseiserne Produkte, insbesondere Schachtabdeckungen von Kontrollsch\u00e4chten, nicht mehr aus demselben Gusseisen hergestellt wie vor 100, 50, 30 oder sogar 10 Jahren. Daher kann von einer Zuverl\u00e4ssigkeit der Metallschachtabdeckungen keine Rede sein, wovon wir uns \u00fcberzeugen, wenn wir die kaputten Produkte auf den Sch\u00e4chten sehen. Dar\u00fcber hinaus sind sie ziemlich teuer, und auch \u00fcber die Geschwindigkeit des Verschwindens der Abdeckung von Ihrem gut, und manchmal sogar die Schale. Daraus ergeben sich einige Nachteile, vor allem, wenn wir die Kubikmeter an kontaminierten Emissionen in die Umwelt w\u00e4hrend der Verarbeitung von Gusseisen ber\u00fccksichtigen.   <\/p>\n<p>Erw\u00e4gen Sie den Kauf von &#8222;billigen&#8220; Polymer-Sandluken. Sie werden deren Billigkeit gleich nach dem Kauf vergessen, wenn Sie an die Lieferung und den Einbau denken. Schlie\u00dflich wird die Freude \u00fcber den Kauf mit dem Einsetzen des Frosts und dem Auftreten eines &#8222;guten&#8220; Risses in der Luke verfliegen. Produkte mit Sand verderben schnell, viel schneller als Kunststoff und Gusseisen.[\/vc_column_text][\/toggle][toggle color=&#8220;Default&#8220; heading_tag=&#8220;default&#8220; heading_tag_functionality=&#8220;default&#8220; title=&#8220;Einzigartige Eigenschaften von Kunststoffen&#8220;][vc_column_text css=&#8220;&#8220; text_direction=&#8220;default&#8220;]Kunststoffe haben eine Reihe von Eigenschaften, die f\u00fcr das Bauwesen \u00e4u\u00dferst wertvoll sind. Einer ihrer Hauptvorteile ist ihre geringe Sch\u00fcttdichte (15 &#8211; 1500 kg \/ m3). Im Durchschnitt sind Kunststoffe, mit Ausnahme von Schaumstoffen, 2-3 mal leichter als Aluminium und 5-8 mal leichter als Stahl.  <\/p>\n<p>Ein weiterer wichtiger Vorteil von Kunststoffen ist ihre hohe Festigkeit. In dieser Hinsicht sind Kunststoffe vielen traditionellen Baumaterialien &#8211; Beton, Ziegel, Holz &#8211; \u00fcberlegen. Kunststoffe mit fl\u00e4chigen und faserigen F\u00fcllstoffen weisen die h\u00f6chsten Festigkeitswerte auf.  <\/p>\n<p>Ein indikatives Merkmal f\u00fcr die strukturellen Eigenschaften von Kunststoffen ist das Verh\u00e4ltnis zwischen der Festigkeit des Materials und seiner Rohdichte &#8211; der Koeffizient der strukturellen Qualit\u00e4t. Kunststoffe, vor allem Laminate, haben einen hohen Strukturg\u00fctekoeffizienten von 2,2 &#8211; 2,5, w\u00e4hrend er f\u00fcr Mauerwerk 0,02, f\u00fcr Beton 0,06, f\u00fcr Stahl 0,5 und f\u00fcr Kiefernholz 0,7 betr\u00e4gt. <\/p>\n<p>Kunststoffe haben eine niedrige W\u00e4rmeleitf\u00e4higkeit, was f\u00fcr die Umh\u00fcllung von Strukturen wichtig ist. Bei dichten Kunststoffen liegt der W\u00e4rmeleitf\u00e4higkeitskoeffizient zwischen 0,22 und 0,68 W\/m\u00b0 C, bei por\u00f6sen Kunststoffen bei 0,03 W\/m\u00b0 C. Diese Eigenschaft erm\u00f6glicht es den Herstellern, Geb\u00e4udeh\u00fcllen d\u00fcnn, leicht, aber haltbar zu machen. <\/p>\n<p>Die chemische Best\u00e4ndigkeit ist eine sehr wichtige Eigenschaft von Kunststoffen, die nicht nur von den Eigenschaften des Polymers abh\u00e4ngt, sondern auch von den Eigenschaften von F\u00fcllstoffen, Weichmachern und anderen Komponenten. Besonders korrosionsbest\u00e4ndig sind Kunststoffe auf der Basis von Polyethylen, Polystyrol, Polyvinylchlorid und Epoxidpolymeren. <\/p>\n<p>Eine wertvolle Eigenschaft vieler Kunststoffe ist ihr geringer Abrieb. Polymere Bodenbel\u00e4ge haben den gleichen Abriebkoeffizienten wie Keramikfliesen (0,06 &#8211; 0,12 g \/ cm2) und sogar einen niedrigeren als Steinplatten. <\/p>\n<p>Eine wichtige Eigenschaft vieler Kunststoffe ist ihre hohe Schlagz\u00e4higkeit oder Z\u00e4higkeit. Ihr Wert reicht von 10 (Plexiglas) bis 500 kJ \/ m2 (Glasfaser). <\/p>\n<p>Neben den hervorragenden physikalischen, mechanischen und chemischen Eigenschaften haben Kunststoffe auch wertvolle technologische Eigenschaften. Sie sind relativ leicht zu formen (durch Gie\u00dfen, Pressen, Stanzen usw.), sie k\u00f6nnen miteinander und mit anderen Materialien geschwei\u00dft und geklebt werden, was es erm\u00f6glicht, dichte Strukturen zu schaffen und Wasser- und Dampfsperren zu realisieren.[\/vc_column_text][\/toggle][toggle color=&#8220;Default&#8220; heading_tag=&#8220;default&#8220; heading_tag_functionality=&#8220;default&#8220; title=&#8220;Einbau von Schachtabdeckungen der Klasse A&#8220;][vc_column_text css=&#8220;&#8220; text_direction=&#8220;default&#8220;]<img loading=\"lazy\" decoding=\"async\" class=\"alignnone size-full wp-image-4422\" src=\"https:\/\/newluki.wp.brander.technology\/wp-content\/uploads\/2025\/01\/%D0%B7%D0%B0%D0%B2%D0%B0%D0%BD%D1%82%D0%B0%D0%B6%D0%B5%D0%BD%D0%BD%D1%8F.jpeg\" alt=\"\" width=\"600\" height=\"466\"><\/p>\n<p>Der Einbau und die Installation von Abwasserkanalluken sollten nach streng festgelegten Regeln erfolgen, denn nur dann sind sie f\u00fcr Fu\u00dfg\u00e4nger und andere Verkehrsteilnehmer absolut sicher.<\/p>\n<p>Einbauverfahren<br \/>\n&#8211; Installieren Sie den Lukenring auf der Stahlbetonfl\u00e4che.<br \/>\n&#8211; F\u00fcllen Sie den Ring mit Beton.<br \/>\n&#8211; Setzen Sie den Schachtdeckel in den Ring ein.<br \/>\nHinweis: Der Schachtdeckel von Sch\u00e4chten, die sich in bebauten Gebieten ohne Stra\u00dfenoberfl\u00e4che befinden, sollte 50 mm \u00fcber den Boden ragen. Um die Luke herum sollte ein 1,0 m breiter Blindbereich mit einem Gef\u00e4lle zum Lukendeckel vorgesehen werden. <\/p>\n<p>Kanalisationsleitungen zwischen Brunnen m\u00fcssen gerade verlegt werden; an Stellen, an denen das Netz eine Kurve macht, die Neigung der Leitung sich \u00e4ndert, der Durchmesser der Rohre sich \u00e4ndert, m\u00fcssen Brunnen gebaut werden, an denen der Einbau von Kanalisationsluken vorgenommen wird. Rohre und Kan\u00e4le in Sch\u00e4chten m\u00fcssen am oberen Ende der Rohre oder am Wasserspiegel angeschlossen werden, um die Bildung von R\u00fcckstau in den h\u00f6her gelegenen Abschnitten des Netzes so weit wie m\u00f6glich zu reduzieren. Beim Wenden der Trasse k\u00f6nnen Rohrleitungen mit einem Durchmesser oder einer H\u00f6he von 1,2 m und mehr au\u00dferhalb der Kontrollsch\u00e4chte entlang von Kurven mit einem Wenderadius von mindestens f\u00fcnf Rohrleitungsdurchmessern angeordnet werden, und am Anfang und am Ende muss die Installation von Kanalsch\u00e4chten erfolgen.[\/vc_column_text][\/toggle][toggle color=&#8220;Default&#8220; heading_tag=&#8220;default&#8220; heading_tag_functionality=&#8220;default&#8220; title=&#8220;Einbau von Schachtabdeckungen der Klasse B und Klasse C&#8220;][vc_column_text css=&#8220;&#8220; text_direction=&#8220;default&#8220;]<img loading=\"lazy\" decoding=\"async\" class=\"alignnone size-full wp-image-4428\" src=\"https:\/\/newluki.wp.brander.technology\/wp-content\/uploads\/2025\/01\/%D0%B7%D0%B0%D0%B2%D0%B0%D0%BD%D1%82%D0%B0%D0%B6%D0%B5%D0%BD%D0%BD%D1%8F-1.jpeg\" alt=\"\" width=\"600\" height=\"466\"><\/p>\n<p>Intervalle zwischen den Inspektionsluken.<\/p>\n<p>Bei der Installation der Luke ist zu beachten, dass der Abstand zwischen den Sch\u00e4chten des linearen Typs vom Rohrdurchmesser abh\u00e4ngt.<br \/>\nd = 150 mm &#8211; 35 Meter;<br \/>\nd = 200 mm &#8211; 50 Meter;<br \/>\nd = 500 mm &#8211; 75 Meter;<br \/>\nd = 700 &#8211; 900 mm &#8211; 100 Meter;<br \/>\nd = 1000-1400 mm &#8211; 150 Meter;<br \/>\nd = 1500-2000 mm &#8211; 200 Meter;<br \/>\nd &gt; 2000 mm &#8211; 300 Meter.<\/p>\n<p>Einbauverfahren<\/p>\n<p>&#8211; Montieren Sie den Lukenring auf dem Stahlbetonpflaster mit den Ohren entlang der Fahrtrichtung.<br \/>\n&#8211; F\u00fcllen Sie den Ring mit Beton \/ Stra\u00dfenbelag.<br \/>\n&#8211; Setzen Sie den Schachtdeckel in den Ring ein.<\/p>\n<p>Hinweis: Der Lukenk\u00f6rper wird auf einer Beton- oder Stahlbetonkonstruktion installiert, deren technische Anforderungen durch die aktuelle GOST 8020-90 &#8222;Beton- und Stahlbetonkonstruktionen f\u00fcr Kanalisations-, Wasser- und Gasversorgungsnetze&#8220; bestimmt werden. Der Hauptzweck des St\u00fctzrings besteht darin, die spezifische Last umzuverteilen, um die Bodenplatte vor Zerst\u00f6rung zu sch\u00fctzen. Wie in den Abbildungen dargestellt, wird der Brunnen mit einer Bodenplatte abgedeckt, auf der der St\u00fctzring montiert wird. Der Lukenk\u00f6rper wird auf dem Auflagering installiert. Der Schachtdeckel sollte b\u00fcndig mit der Oberfl\u00e4che abschlie\u00dfen.[\/vc_column_text][\/toggle][toggle color=&#8220;Default&#8220; heading_tag=&#8220;default&#8220; heading_tag_functionality=&#8220;default&#8220; title=&#8220;Certificates&#8220;][vc_column_text css=&#8220;&#8220; text_direction=&#8220;default&#8220;]<img loading=\"lazy\" decoding=\"async\" class=\"alignnone size-full wp-image-4434\" src=\"https:\/\/newluki.wp.brander.technology\/wp-content\/uploads\/2025\/01\/Sertifikat-dozhdepriemnik-PP-2016-2017.jpeg\" alt=\"\" width=\"705\" height=\"1000\" srcset=\"https:\/\/newluki.wp.brander.technology\/wp-content\/uploads\/2025\/01\/Sertifikat-dozhdepriemnik-PP-2016-2017.jpeg 705w, https:\/\/newluki.wp.brander.technology\/wp-content\/uploads\/2025\/01\/Sertifikat-dozhdepriemnik-PP-2016-2017-212x300.jpeg 212w, https:\/\/newluki.wp.brander.technology\/wp-content\/uploads\/2025\/01\/Sertifikat-dozhdepriemnik-PP-2016-2017-600x851.jpeg 600w\" sizes=\"auto, (max-width: 705px) 100vw, 705px\" \/><img loading=\"lazy\" decoding=\"async\" class=\"alignnone size-full wp-image-4440\" src=\"https:\/\/newluki.wp.brander.technology\/wp-content\/uploads\/2025\/01\/Sertifikat-luki-PP-2016-2017.jpeg\" alt=\"\" width=\"707\" height=\"1007\" srcset=\"https:\/\/newluki.wp.brander.technology\/wp-content\/uploads\/2025\/01\/Sertifikat-luki-PP-2016-2017.jpeg 707w, https:\/\/newluki.wp.brander.technology\/wp-content\/uploads\/2025\/01\/Sertifikat-luki-PP-2016-2017-211x300.jpeg 211w, https:\/\/newluki.wp.brander.technology\/wp-content\/uploads\/2025\/01\/Sertifikat-luki-PP-2016-2017-600x855.jpeg 600w\" sizes=\"auto, (max-width: 707px) 100vw, 707px\" \/><img loading=\"lazy\" decoding=\"async\" class=\"alignnone size-full wp-image-4446\" src=\"https:\/\/newluki.wp.brander.technology\/wp-content\/uploads\/2025\/01\/Sertifikat-sideniya-2016-2017.jpeg\" alt=\"\" width=\"707\" height=\"1007\" srcset=\"https:\/\/newluki.wp.brander.technology\/wp-content\/uploads\/2025\/01\/Sertifikat-sideniya-2016-2017.jpeg 707w, https:\/\/newluki.wp.brander.technology\/wp-content\/uploads\/2025\/01\/Sertifikat-sideniya-2016-2017-211x300.jpeg 211w, https:\/\/newluki.wp.brander.technology\/wp-content\/uploads\/2025\/01\/Sertifikat-sideniya-2016-2017-600x855.jpeg 600w\" sizes=\"auto, (max-width: 707px) 100vw, 707px\" \/>[\/vc_column_text][\/toggle][\/toggles][\/vc_column][\/vc_row]\n","protected":false},"excerpt":{"rendered":"<p>[vc_row type=&#8220;full_width_content&#8220; full_screen_row_position=&#8220;middle&#8220; column_margin=&#8220;default&#8220; equal_height=&#8220;yes&#8220; content_placement=&#8220;middle&#8220; column_direction=&#8220;default&#8220; column_direction_tablet=&#8220;default&#8220; column_direction_phone=&#8220;default&#8220; bg_color=&#8220;#f7f7f7&#8243; scene_position=&#8220;center&#8220; text_color=&#8220;dark&#8220; text_align=&#8220;left&#8220; row_border_radius=&#8220;none&#8220; row_border_radius_applies=&#8220;bg&#8220; overflow=&#8220;visible&#8220; overlay_strength=&#8220;0.3&#8243; gradient_direction=&#8220;left_to_right&#8220; shape_divider_position=&#8220;bottom&#8220; bg_image_animation=&#8220;none&#8220; shape_type=&#8220;&#8220;][vc_column column_padding=&#8220;padding-8-percent&#8220; column_padding_tablet=&#8220;inherit&#8220; column_padding_phone=&#8220;inherit&#8220; column_padding_position=&#8220;all&#8220;&#8230;<\/p>\n","protected":false},"author":1,"featured_media":0,"parent":0,"menu_order":0,"comment_status":"closed","ping_status":"closed","template":"","meta":{"footnotes":""},"class_list":["post-4568","page","type-page","status-publish"],"_links":{"self":[{"href":"https:\/\/newluki.wp.brander.technology\/de\/wp-json\/wp\/v2\/pages\/4568","targetHints":{"allow":["GET"]}}],"collection":[{"href":"https:\/\/newluki.wp.brander.technology\/de\/wp-json\/wp\/v2\/pages"}],"about":[{"href":"https:\/\/newluki.wp.brander.technology\/de\/wp-json\/wp\/v2\/types\/page"}],"author":[{"embeddable":true,"href":"https:\/\/newluki.wp.brander.technology\/de\/wp-json\/wp\/v2\/users\/1"}],"replies":[{"embeddable":true,"href":"https:\/\/newluki.wp.brander.technology\/de\/wp-json\/wp\/v2\/comments?post=4568"}],"version-history":[{"count":5,"href":"https:\/\/newluki.wp.brander.technology\/de\/wp-json\/wp\/v2\/pages\/4568\/revisions"}],"predecessor-version":[{"id":4607,"href":"https:\/\/newluki.wp.brander.technology\/de\/wp-json\/wp\/v2\/pages\/4568\/revisions\/4607"}],"wp:attachment":[{"href":"https:\/\/newluki.wp.brander.technology\/de\/wp-json\/wp\/v2\/media?parent=4568"}],"curies":[{"name":"wp","href":"https:\/\/api.w.org\/{rel}","templated":true}]}}