{"id":4724,"date":"2025-01-15T19:53:11","date_gmt":"2025-01-15T17:53:11","guid":{"rendered":"https:\/\/newluki.wp.brander.technology\/product\/polymer-inspektionsdeckel-quadratisch-a15-schwarz-385385-mm\/"},"modified":"2025-02-11T11:16:58","modified_gmt":"2025-02-11T09:16:58","slug":"polymer-inspektionsdeckel-quadratisch-a15-schwarz-385385-mm","status":"publish","type":"product","link":"https:\/\/newluki.wp.brander.technology\/de\/produkt\/polymer-inspektionsdeckel-quadratisch-a15-schwarz-385385-mm\/","title":{"rendered":"Polymer-Inspektionsdeckel quadratisch (A15) schwarz 385*385 mm"},"content":{"rendered":"<p>Die schwarze Klappe wird in Systemen ohne Brunneninstallation verwendet und ist auch f\u00fcr die Installation auf einem Rohr oder einem Brunnen mit einem Au\u00dfendurchmesser von 315 mm geeignet. Konzipiert f\u00fcr die Installation in einem Fu\u00dfg\u00e4nger- und Parkbereich. <\/p>\n<p>Material: Polyethylen ohne Sand.<\/p>\n<p>Entspricht den technischen Spezifikationen; DSTU B V.2.5-26:2005, Europ\u00e4ische Norm EN 124-6:2015 TU U 25.2-31642900-003:2006. Zertifiziert.<\/p>\n","protected":false},"excerpt":{"rendered":"<p>Entspricht den technischen Spezifikationen; DSTU B V.2.5-26:2005, Europ\u00e4ische Norm EN 124-6:2015 TU U 25.2-31642900-003:2006. Zertifiziert. <\/p>\n","protected":false},"featured_media":3978,"comment_status":"closed","ping_status":"closed","template":"","meta":[],"product_cat":[145],"product_tag":[],"class_list":{"0":"post-4724","1":"product","2":"type-product","3":"status-publish","4":"has-post-thumbnail","6":"product_cat-lightweight-hatches-a15-a50-de","8":"first","9":"instock","10":"shipping-taxable","11":"purchasable","12":"product-type-simple"},"_links":{"self":[{"href":"https:\/\/newluki.wp.brander.technology\/de\/wp-json\/wp\/v2\/product\/4724","targetHints":{"allow":["GET"]}}],"collection":[{"href":"https:\/\/newluki.wp.brander.technology\/de\/wp-json\/wp\/v2\/product"}],"about":[{"href":"https:\/\/newluki.wp.brander.technology\/de\/wp-json\/wp\/v2\/types\/product"}],"replies":[{"embeddable":true,"href":"https:\/\/newluki.wp.brander.technology\/de\/wp-json\/wp\/v2\/comments?post=4724"}],"wp:featuredmedia":[{"embeddable":true,"href":"https:\/\/newluki.wp.brander.technology\/de\/wp-json\/wp\/v2\/media\/3978"}],"wp:attachment":[{"href":"https:\/\/newluki.wp.brander.technology\/de\/wp-json\/wp\/v2\/media?parent=4724"}],"wp:term":[{"taxonomy":"product_cat","embeddable":true,"href":"https:\/\/newluki.wp.brander.technology\/de\/wp-json\/wp\/v2\/product_cat?post=4724"},{"taxonomy":"product_tag","embeddable":true,"href":"https:\/\/newluki.wp.brander.technology\/de\/wp-json\/wp\/v2\/product_tag?post=4724"}],"curies":[{"name":"wp","href":"https:\/\/api.w.org\/{rel}","templated":true}]}}