{"id":4737,"date":"2025-01-15T16:17:34","date_gmt":"2025-01-15T14:17:34","guid":{"rendered":"https:\/\/newluki.wp.brander.technology\/product\/polymer-schachtgarten-a15-780-mm-grau-mit-verriegelungsmechanismus\/"},"modified":"2025-01-15T16:17:34","modified_gmt":"2025-01-15T14:17:34","slug":"polymer-schachtgarten-a15-780-mm-grau-mit-verriegelungsmechanismus","status":"publish","type":"product","link":"https:\/\/newluki.wp.brander.technology\/de\/produkt\/polymer-schachtgarten-a15-780-mm-grau-mit-verriegelungsmechanismus\/","title":{"rendered":"Polymer-Schachtgarten (A15) 780 mm grau mit Verriegelungsmechanismus"},"content":{"rendered":"<p>Dieser Schacht besteht aus einer Polymerzusammensetzung und ist f\u00fcr die Installation auf Kontrollsch\u00e4chten aller Arten von Versorgungsnetzen vorgesehen. Die perfekte L\u00f6sung f\u00fcr Ihren Rasen, Gartenbereiche und Gehwege. <\/p>\n<p>Die vergr\u00f6\u00dferte Karosserie macht den Einbau der Klappe noch einfacher und schneller.<\/p>\n<p>Die vergr\u00f6\u00dferte Karosserie macht den Einbau der Klappe noch einfacher und schneller.<\/p>\n<p>Material: Polyethylen ohne Sand.<\/p>\n<p>Entspricht den technischen Spezifikationen; DSTU B V.2.5-26:2005, Europ\u00e4ische Norm EN 124-6:2015, TU U 25.2-31642900-003:2006. Zertifiziert.<\/p>\n","protected":false},"excerpt":{"rendered":"<p>Dieser Schacht besteht aus einer Polymerzusammensetzung und ist f\u00fcr die Installation auf Kontrollsch\u00e4chten aller Arten von Versorgungsnetzen vorgesehen. Die perfekte L\u00f6sung f\u00fcr Ihren Rasen, Gartenbereiche&#8230;<\/p>\n","protected":false},"featured_media":4339,"comment_status":"closed","ping_status":"closed","template":"","meta":[],"product_cat":[145],"product_tag":[],"class_list":{"0":"post-4737","1":"product","2":"type-product","3":"status-publish","4":"has-post-thumbnail","6":"product_cat-lightweight-hatches-a15-a50-de","8":"first","9":"instock","10":"shipping-taxable","11":"purchasable","12":"product-type-simple"},"_links":{"self":[{"href":"https:\/\/newluki.wp.brander.technology\/de\/wp-json\/wp\/v2\/product\/4737","targetHints":{"allow":["GET"]}}],"collection":[{"href":"https:\/\/newluki.wp.brander.technology\/de\/wp-json\/wp\/v2\/product"}],"about":[{"href":"https:\/\/newluki.wp.brander.technology\/de\/wp-json\/wp\/v2\/types\/product"}],"replies":[{"embeddable":true,"href":"https:\/\/newluki.wp.brander.technology\/de\/wp-json\/wp\/v2\/comments?post=4737"}],"wp:featuredmedia":[{"embeddable":true,"href":"https:\/\/newluki.wp.brander.technology\/de\/wp-json\/wp\/v2\/media\/4339"}],"wp:attachment":[{"href":"https:\/\/newluki.wp.brander.technology\/de\/wp-json\/wp\/v2\/media?parent=4737"}],"wp:term":[{"taxonomy":"product_cat","embeddable":true,"href":"https:\/\/newluki.wp.brander.technology\/de\/wp-json\/wp\/v2\/product_cat?post=4737"},{"taxonomy":"product_tag","embeddable":true,"href":"https:\/\/newluki.wp.brander.technology\/de\/wp-json\/wp\/v2\/product_tag?post=4737"}],"curies":[{"name":"wp","href":"https:\/\/api.w.org\/{rel}","templated":true}]}}