{"id":4741,"date":"2025-01-15T16:35:31","date_gmt":"2025-01-15T14:35:31","guid":{"rendered":"https:\/\/newluki.wp.brander.technology\/product\/schachtvierkant-aus-polymer-a15-gruen-mit-verriegelungsmechanismus\/"},"modified":"2025-01-15T16:35:31","modified_gmt":"2025-01-15T14:35:31","slug":"schachtvierkant-aus-polymer-a15-gruen-mit-verriegelungsmechanismus","status":"publish","type":"product","link":"https:\/\/newluki.wp.brander.technology\/de\/produkt\/schachtvierkant-aus-polymer-a15-gruen-mit-verriegelungsmechanismus\/","title":{"rendered":"Schachtvierkant aus Polymer (A15) gr\u00fcn mit Verriegelungsmechanismus"},"content":{"rendered":"<p>Die quadratische, gr\u00fcne Schachtabdeckung aus einer Polymerzusammensetzung ist ideal f\u00fcr den Einbau in Stra\u00dfen, die mit Pflastersteinen bedeckt sind. Dies ist die optimale L\u00f6sung f\u00fcr den Einsatz in Garten- und Parkanlagen, beim Bau von Sportpl\u00e4tzen und Ferienh\u00e4usern. Die H\u00f6he dieser Schachtabdeckung betr\u00e4gt nur 6 cm, was den Einbau auf gleicher H\u00f6he mit dem gefliesten Boden erheblich erleichtert.  <\/p>\n<p>Ausgestattet mit einem Vier-Punkt-Verriegelungsmechanismus.<\/p>\n<p>Material: Polyethylen ohne Sand.<\/p>\n<p>Entspricht den technischen Spezifikationen; DSTU B V.2.5-26:2005, der europ\u00e4ischen Norm EN 124-6:2015 und TU U 25.2-31642900-003:2006. Zertifiziert.<\/p>\n","protected":false},"excerpt":{"rendered":"<p>Die quadratische, gr\u00fcne Schachtabdeckung aus einer Polymerzusammensetzung ist ideal f\u00fcr den Einbau in Stra\u00dfen, die mit Pflastersteinen bedeckt sind. Dies ist die optimale L\u00f6sung f\u00fcr&#8230;<\/p>\n","protected":false},"featured_media":3692,"comment_status":"closed","ping_status":"closed","template":"","meta":[],"product_cat":[145],"product_tag":[],"class_list":{"0":"post-4741","1":"product","2":"type-product","3":"status-publish","4":"has-post-thumbnail","6":"product_cat-lightweight-hatches-a15-a50-de","8":"first","9":"instock","10":"shipping-taxable","11":"purchasable","12":"product-type-simple"},"_links":{"self":[{"href":"https:\/\/newluki.wp.brander.technology\/de\/wp-json\/wp\/v2\/product\/4741","targetHints":{"allow":["GET"]}}],"collection":[{"href":"https:\/\/newluki.wp.brander.technology\/de\/wp-json\/wp\/v2\/product"}],"about":[{"href":"https:\/\/newluki.wp.brander.technology\/de\/wp-json\/wp\/v2\/types\/product"}],"replies":[{"embeddable":true,"href":"https:\/\/newluki.wp.brander.technology\/de\/wp-json\/wp\/v2\/comments?post=4741"}],"wp:featuredmedia":[{"embeddable":true,"href":"https:\/\/newluki.wp.brander.technology\/de\/wp-json\/wp\/v2\/media\/3692"}],"wp:attachment":[{"href":"https:\/\/newluki.wp.brander.technology\/de\/wp-json\/wp\/v2\/media?parent=4741"}],"wp:term":[{"taxonomy":"product_cat","embeddable":true,"href":"https:\/\/newluki.wp.brander.technology\/de\/wp-json\/wp\/v2\/product_cat?post=4741"},{"taxonomy":"product_tag","embeddable":true,"href":"https:\/\/newluki.wp.brander.technology\/de\/wp-json\/wp\/v2\/product_tag?post=4741"}],"curies":[{"name":"wp","href":"https:\/\/api.w.org\/{rel}","templated":true}]}}