{"id":4752,"date":"2025-01-16T00:25:27","date_gmt":"2025-01-15T22:25:27","guid":{"rendered":"https:\/\/newluki.wp.brander.technology\/product\/polymer-schachtmedium-b125-schwarz-mit-schliessmechanismus\/"},"modified":"2025-01-16T00:25:27","modified_gmt":"2025-01-15T22:25:27","slug":"polymer-schachtmedium-b125-schwarz-mit-schliessmechanismus","status":"publish","type":"product","link":"https:\/\/newluki.wp.brander.technology\/de\/produkt\/polymer-schachtmedium-b125-schwarz-mit-schliessmechanismus\/","title":{"rendered":"Polymer-Schachtmedium (B125) schwarz mit Schlie\u00dfmechanismus"},"content":{"rendered":"<p>Eine Schachtabdeckung (B125) aus hochfesten Polymerzusammensetzungen f\u00fcr Inspektionssch\u00e4chte aller Arten von Sch\u00e4chten auf Stra\u00dfen mit geringem Verkehrsaufkommen, Verbundsteinstra\u00dfen, Parkpl\u00e4tzen, Gehwegen mit starkem Verkehr.<\/p>\n<p>Die vergr\u00f6\u00dferte Karosserie macht den Einbau der Klappe noch einfacher und schneller.<\/p>\n<p>Das f\u00fcr die Herstellung verwendete Material ist resistent gegen aggressive Umgebungen und Temperaturen sowie gegen Streusalzl\u00f6sungen und Gehwegplatten.<\/p>\n<p>Entspricht den technischen Spezifikationen; DSTU B V.2.5-26:2005, Europ\u00e4ische Norm EN 124-6:2015 TU U 25.2-31642900-003:2006. Zertifiziert. <\/p>\n<p>Die Garantiezeit betr\u00e4gt 24 Monate.<\/p>\n","protected":false},"excerpt":{"rendered":"<p>Eine Schachtabdeckung (B125) aus hochfesten Polymerzusammensetzungen f\u00fcr Inspektionssch\u00e4chte aller Arten von Sch\u00e4chten auf Stra\u00dfen mit geringem Verkehrsaufkommen, Verbundsteinstra\u00dfen, Parkpl\u00e4tzen, Gehwegen mit starkem Verkehr. Die vergr\u00f6\u00dferte&#8230;<\/p>\n","protected":false},"featured_media":4215,"comment_status":"closed","ping_status":"closed","template":"","meta":[],"product_cat":[155],"product_tag":[],"class_list":{"0":"post-4752","1":"product","2":"type-product","3":"status-publish","4":"has-post-thumbnail","6":"product_cat-middle-hatches-b125-de","8":"first","9":"instock","10":"shipping-taxable","11":"purchasable","12":"product-type-simple"},"_links":{"self":[{"href":"https:\/\/newluki.wp.brander.technology\/de\/wp-json\/wp\/v2\/product\/4752","targetHints":{"allow":["GET"]}}],"collection":[{"href":"https:\/\/newluki.wp.brander.technology\/de\/wp-json\/wp\/v2\/product"}],"about":[{"href":"https:\/\/newluki.wp.brander.technology\/de\/wp-json\/wp\/v2\/types\/product"}],"replies":[{"embeddable":true,"href":"https:\/\/newluki.wp.brander.technology\/de\/wp-json\/wp\/v2\/comments?post=4752"}],"wp:featuredmedia":[{"embeddable":true,"href":"https:\/\/newluki.wp.brander.technology\/de\/wp-json\/wp\/v2\/media\/4215"}],"wp:attachment":[{"href":"https:\/\/newluki.wp.brander.technology\/de\/wp-json\/wp\/v2\/media?parent=4752"}],"wp:term":[{"taxonomy":"product_cat","embeddable":true,"href":"https:\/\/newluki.wp.brander.technology\/de\/wp-json\/wp\/v2\/product_cat?post=4752"},{"taxonomy":"product_tag","embeddable":true,"href":"https:\/\/newluki.wp.brander.technology\/de\/wp-json\/wp\/v2\/product_tag?post=4752"}],"curies":[{"name":"wp","href":"https:\/\/api.w.org\/{rel}","templated":true}]}}