{"id":4565,"date":"2018-08-20T20:21:35","date_gmt":"2018-08-20T18:21:35","guid":{"rendered":"https:\/\/newluki.wp.brander.technology\/kapcsolat\/"},"modified":"2025-02-10T11:09:43","modified_gmt":"2025-02-10T09:09:43","slug":"kapcsolat","status":"publish","type":"page","link":"https:\/\/newluki.wp.brander.technology\/hu\/kapcsolat\/","title":{"rendered":"Kapcsolat"},"content":{"rendered":"[vc_row type=&#8221;full_width_content&#8221; full_screen_row_position=&#8221;middle&#8221; column_margin=&#8221;default&#8221; equal_height=&#8221;yes&#8221; content_placement=&#8221;middle&#8221; column_direction=&#8221;default&#8221; column_direction_tablet=&#8221;default&#8221; column_direction_phone=&#8221;default&#8221; bg_color=&#8221;#f7f7f7&#8243; scene_position=&#8221;center&#8221; text_color=&#8221;dark&#8221; text_align=&#8221;left&#8221; row_border_radius=&#8221;none&#8221; row_border_radius_applies=&#8221;bg&#8221; overflow=&#8221;visible&#8221; overlay_strength=&#8221;0.3&#8243; gradient_direction=&#8221;left_to_right&#8221; shape_divider_position=&#8221;bottom&#8221; bg_image_animation=&#8221;none&#8221; shape_type=&#8221;&#8221;][vc_column column_padding=&#8221;padding-8-percent&#8221; column_padding_tablet=&#8221;inherit&#8221; column_padding_phone=&#8221;inherit&#8221; column_padding_position=&#8221;all&#8221; column_element_direction_desktop=&#8221;default&#8221; column_element_spacing=&#8221;default&#8221; desktop_text_alignment=&#8221;default&#8221; tablet_text_alignment=&#8221;default&#8221; phone_text_alignment=&#8221;default&#8221; background_color=&#8221;#0a0a0a&#8221; background_color_opacity=&#8221;0.8&#8243; background_hover_color_opacity=&#8221;1&#8243; background_image=&#8221;4555&#8243; background_image_position=&#8221;center center&#8221; background_image_stacking=&#8221;default&#8221; background_image_loading=&#8221;default&#8221; column_backdrop_filter=&#8221;none&#8221; font_color=&#8221;#ffffff&#8221; column_shadow=&#8221;none&#8221; column_border_radius=&#8221;none&#8221; column_link_target=&#8221;_self&#8221; column_position=&#8221;default&#8221; gradient_direction=&#8221;left_to_right&#8221; overlay_strength=&#8221;0.3&#8243; width=&#8221;1\/2&#8243; tablet_width_inherit=&#8221;default&#8221; animation_type=&#8221;default&#8221; bg_image_animation=&#8221;none&#8221; border_type=&#8221;simple&#8221; column_border_width=&#8221;none&#8221; column_border_style=&#8221;solid&#8221; column_padding_type=&#8221;default&#8221; gradient_type=&#8221;default&#8221;][vc_custom_heading text=&#8221;Kapcsolat&#8221; font_container=&#8221;tag:h2|text_align:left|color:%23ffffff&#8221; use_theme_fonts=&#8221;yes&#8221; css=&#8221;&#8221;][vc_column_text css=&#8221;.vc_custom_1737534714579{margin-top: 20px !important;margin-bottom: 60px !important;}&#8221; max_width=&#8221;475&#8243; text_direction=&#8221;default&#8221;]\n<div>\n<div>Nyitva tart\u00e1s:<\/div>\n<div class=\"contacts-shops-content\">H.-P\u00e9ntek 10:00 -18:00<\/div>\n<div>Szombat &#8211; vas\u00e1rnap. 10:00 -17:00<\/div>\n<\/div>\n[\/vc_column_text][nectar_cta btn_style=&#8221;text-reveal-wave&#8221; heading_tag=&#8221;h5&#8243; button_color=&#8221;default&#8221; text_color=&#8221;#ffffff&#8221; button_border_thickness=&#8221;0px&#8221; link_type=&#8221;regular&#8221; alignment=&#8221;left&#8221; alignment_tablet=&#8221;default&#8221; alignment_phone=&#8221;default&#8221; display=&#8221;block&#8221; display_tablet=&#8221;inherit&#8221; display_phone=&#8221;inherit&#8221; icon_family=&#8221;fontawesome&#8221; link_text=&#8221;+421950614826&#8243; icon_fontawesome=&#8221;fa fa-phone&#8221; url=&#8221;tel:+421950614826&#8243;][nectar_cta btn_style=&#8221;text-reveal-wave&#8221; heading_tag=&#8221;h5&#8243; button_color=&#8221;default&#8221; text_color=&#8221;#ffffff&#8221; button_border_thickness=&#8221;0px&#8221; link_type=&#8221;regular&#8221; alignment=&#8221;left&#8221; alignment_tablet=&#8221;default&#8221; alignment_phone=&#8221;default&#8221; display=&#8221;block&#8221; display_tablet=&#8221;inherit&#8221; display_phone=&#8221;inherit&#8221; icon_family=&#8221;fontawesome&#8221; link_text=&#8221;panov.trading@gmail.com&#8221; url=&#8221;mailto:panov.trading@gmail.com&#8221; icon_fontawesome=&#8221;fa fa-envelope-open&#8221;][\/vc_column][vc_column column_padding=&#8221;padding-8-percent&#8221; column_padding_tablet=&#8221;inherit&#8221; column_padding_phone=&#8221;inherit&#8221; column_padding_position=&#8221;all&#8221; column_element_direction_desktop=&#8221;default&#8221; column_element_spacing=&#8221;default&#8221; desktop_text_alignment=&#8221;default&#8221; tablet_text_alignment=&#8221;default&#8221; phone_text_alignment=&#8221;default&#8221; background_color=&#8221;#ffe3f3&#8243; background_color_opacity=&#8221;1&#8243; background_hover_color_opacity=&#8221;1&#8243; column_backdrop_filter=&#8221;none&#8221; column_shadow=&#8221;none&#8221; column_border_radius=&#8221;none&#8221; column_link_target=&#8221;_self&#8221; column_position=&#8221;default&#8221; gradient_direction=&#8221;left_to_right&#8221; overlay_strength=&#8221;0.3&#8243; width=&#8221;1\/2&#8243; tablet_width_inherit=&#8221;default&#8221; animation_type=&#8221;default&#8221; bg_image_animation=&#8221;none&#8221; border_type=&#8221;simple&#8221; column_border_width=&#8221;none&#8221; column_border_style=&#8221;solid&#8221;][vc_column_text css=&#8221;&#8221; text_direction=&#8221;default&#8221;]\n<h3>A v\u00e1llalatr\u00f3l<\/h3>\n[\/vc_column_text][toggles style=&#8221;minimal_small&#8221;][toggle color=&#8221;Default&#8221; heading_tag=&#8221;default&#8221; heading_tag_functionality=&#8221;default&#8221; title=&#8221;Aknafedelek \u00e9s csatornar\u00e1csok gy\u00e1rt\u00e1sa megrendel\u00e9sre&#8221;][vc_column_text css=&#8221;&#8221; text_direction=&#8221;default&#8221;]Az aknafedelek \u00e9s csatornar\u00e1csok b\u00e1rmilyen nem szabv\u00e1nyos m\u00e9retben (ak\u00e1r 1 db) megrendelhet\u0151k. Ehhez fel kell vennie a kapcsolatot c\u00e9g\u00fcnk el\u0151rendel\u00e9si oszt\u00e1ly\u00e1val telefonon: <a class=\"link_text hover\" role=\"button\" href=\"tel:+421950614826\" aria-label=\"+421950614826\"><span class=\"text\"><span class=\"char\">+<\/span><span class=\"char\">4<\/span><span class=\"char\">2<\/span><span class=\"char\">1<\/span><span class=\"char\">9<\/span><span class=\"char\">5<\/span><span class=\"char\">0<\/span><span class=\"char\">6<\/span><span class=\"char\">1<\/span><span class=\"char\">4<\/span><span class=\"char\">8<\/span><span class=\"char\">2<\/span><span class=\"char\">6<\/span><\/span><\/a> vagy e-mailben  <a class=\"link_text hover\" role=\"button\" href=\"mailto:panov.trading@gmail.com\" aria-label=\"panov.trading@gmail.com\"><span class=\"text\"><span class=\"char\">p<\/span><span class=\"char\">a<\/span><span class=\"char\">n<\/span><span class=\"char\">o<\/span><span class=\"char\">v<\/span><span class=\"char\">.<\/span><span class=\"char\">t<\/span><span class=\"char\">r<\/span><span class=\"char\">a<\/span><span class=\"char\">d<\/span><span class=\"char\">i<\/span><span class=\"char\">n<\/span><span class=\"char\">g<\/span><span class=\"char\">@<\/span><span class=\"char\">g<\/span><span class=\"char\">m<\/span><span class=\"char\">a<\/span><span class=\"char\">i<\/span><span class=\"char\">l<\/span><span class=\"char\">.<\/span><span class=\"char\">c<\/span><span class=\"char\">o<\/span><span class=\"char\">m<\/span><\/span><\/a>[\/vc_column_text][\/toggle][toggle color=&#8221;Default&#8221; heading_tag=&#8221;default&#8221; heading_tag_functionality=&#8221;default&#8221; title=&#8221;T\u00edz ok, ami\u00e9rt a TDS-t kell v\u00e1lasztania&#8221;][vc_column_text css=&#8221;&#8221; text_direction=&#8221;default&#8221;]A piacon elt\u00f6lt\u00f6tt 15 \u00e9v alatt c\u00e9g\u00fcnk vezet\u0151 v\u00e1llalatt\u00e1 v\u00e1lt, \u00e9s term\u00e9keit az \u00e1r, a funkcionalit\u00e1s \u00e9s a tart\u00f3ss\u00e1g optim\u00e1lis kombin\u00e1ci\u00f3ja jellemzi.<br \/>\n1. Egyedis\u00e9g.<br \/>\nC\u00e9g\u00fcnk vezet\u0151 szerepet t\u00f6lt be a polimer csatornafedelek \u00e9s csatornafedelek gy\u00e1rt\u00f3i k\u00f6z\u00f6tt Ukrajn\u00e1ban, mert:<br \/>\n&#8211; mi voltunk az els\u0151k, akik m\u0171anyag csatornafedelet k\u00e9sz\u00edtettek;<br \/>\n&#8211; csak mi rendelkez\u00fcnk tan\u00fas\u00edtott laborat\u00f3riummal az \u00f6sszes gy\u00e1rtott term\u00e9k tesztel\u00e9s\u00e9re;<br \/>\n&#8211; mi vagyunk az elad\u00e1sok vezet\u0151i a polimer csatornafedelek \u00e9s csatornafedelek k\u00f6z\u00f6tt;<br \/>\n&#8211; csak a mi term\u00e9keink, a speci\u00e1lis teszteknek \u00e9s az egyedi anyagi tulajdons\u00e1goknak k\u00f6sz\u00f6nhet\u0151en, ellen\u00e1llnak a sz\u00fcks\u00e9ges terhel\u00e9snek.<br \/>\n2. Nincs homok a term\u00e9kekben.<br \/>\nA kompozit anyag, amelyb\u0151l az aknafedeleink \u00e9s csatornar\u00e1csaink k\u00e9sz\u00fclnek, nem tartalmaz homokot. Term\u00e9keink egyed\u00fcl\u00e1ll\u00f3 tulajdons\u00e1gokkal rendelkeznek, ide\u00e1lis jellemz\u0151kkel &#8211; tart\u00f3ss\u00e1g, k\u00f6nny\u0171s\u00e9g \u00e9s szil\u00e1rds\u00e1g &#8211; jellemzik \u0151ket.<br \/>\n3. K\u00f6lts\u00e9gek.<br \/>\nTerm\u00e9keink \u00e1ra kellemesen meg fogja lepni \u00d6nt, mert a TDS c\u00e9g term\u00e9kei 60-80%-kal olcs\u00f3bbak, mint f\u00e9m t\u00e1rsaik.<br \/>\n4. K\u00f6nny\u0171 s\u00faly.<br \/>\nPolimer aknafedeleink \u00e9s csatornar\u00e1csaink 60-80%-kal k\u00f6nnyebbek, mint f\u00e9m t\u00e1rsaik. Ez\u00e1ltal term\u00e9keinket nagyon k\u00f6nny\u0171v\u00e9 teszi a sz\u00e1ll\u00edt\u00e1s (cs\u00f6kkenti a sz\u00fcks\u00e9ges eszk\u00f6z\u00f6k \u00e9s a munkaer\u0151 k\u00f6lts\u00e9g\u00e9t), a telep\u00edt\u00e9s \u00e9s az \u00fczemeltet\u00e9s (ezt egy szem\u00e9ly gyorsan \u00e9s egyszer\u0171en elv\u00e9gezheti).<br \/>\n5. Vandalizmus elleni v\u00e9delem.<br \/>\nA m\u0171anyag aknafedelek nem \u00e9rdeklik a tolvajokat.<br \/>\n6. A modern technol\u00f3giai el\u0151\u00edr\u00e1sok k\u00f6vetelm\u00e9nyeinek val\u00f3 megfelel\u00e9s.<br \/>\nMinden term\u00e9k\u00fcnket az ukr\u00e1n &#8222;Tudom\u00e1nyos Kutat\u00f3k\u00f6zpont a szabv\u00e1nyos\u00edt\u00e1s, a metrol\u00f3gia \u00e9s a tan\u00fas\u00edt\u00e1s ter\u00fclet\u00e9n&#8221; fejlesztette ki \u00e9s hagyta j\u00f3v\u00e1, olyan tulajdons\u00e1gokkal \u00e9s jellemz\u0151kkel rendelkeznek, amelyek megfelelnek az ukr\u00e1n \u00e9s az eur\u00f3pai \u00e1llami szabv\u00e1nyok k\u00f6vetelm\u00e9nyeinek \u00e9s norm\u00e1inak: DSTU (V.2.5-26: 2005), EN 124 \u00e9s GOST (3634-99\/B).<br \/>\n7. Ellen\u00e1ll\u00e1s a k\u00f6rnyezeti hat\u00e1sokkal szemben.<br \/>\nEllen\u00e1ll\u00e1s a k\u00f6rnyezeti hat\u00e1sokkal szemben.<br \/>\n8. K\u00e9miai ellen\u00e1ll\u00e1s.<br \/>\nAz aknafedeleket gyakran haszn\u00e1lj\u00e1k szennyv\u00edz- \/ csatornafedlapokban, ami a mikrobiol\u00f3giai korr\u00f3zi\u00f3 megn\u00f6vekedett szintj\u00e9t eredm\u00e9nyezi. A mi aknafedeleink nem korrod\u00e1l\u00f3dnak.<br \/>\n9. Alacsony kop\u00e1s\u00e1ll\u00f3s\u00e1g.<br \/>\nAz aknafedeleink kop\u00e1si egy\u00fctthat\u00f3ja 0,06 &#8211; 0,12 g \/ sm2<br \/>\n10. A mi aknafedeleink kop\u00e1si egy\u00fctthat\u00f3ja 0,06 &#8211; 0,12 g \/ sm2. Gullyr\u00e1csaink \u00e9s aknafedeleink nem vezetnek.[\/vc_column_text][\/toggle][toggle color=&#8221;Default&#8221; heading_tag=&#8221;default&#8221; heading_tag_functionality=&#8221;default&#8221; title=&#8221;Hogyan takar\u00edthat meg p\u00e9nzt a polimer aknafedeleinkkel?&#8221;][vc_column_text css=&#8221;&#8221; text_direction=&#8221;default&#8221;]Az \u00f6nt\u00f6ttvas term\u00e9kek, k\u00fcl\u00f6n\u00f6sen az ellen\u0151rz\u0151 kutak aknafedelei ma m\u00e1r nem ugyanabb\u00f3l az \u00f6nt\u00f6ttvasb\u00f3l k\u00e9sz\u00fclnek, mint 100, 50, 30 vagy ak\u00e1r 10 \u00e9vvel ezel\u0151tt. Ez\u00e9rt nem lehet k\u00e9rd\u00e9ses a f\u00e9m aknafed\u00e9l megb\u00edzhat\u00f3s\u00e1ga, amir\u0151l meggy\u0151z\u0151dhet\u00fcnk, amikor l\u00e1tjuk a t\u00f6r\u00f6tt term\u00e9keket a kutakon. R\u00e1ad\u00e1sul el\u00e9g dr\u00e1g\u00e1k, \u00e9s m\u00e9g arr\u00f3l is, hogy milyen gyorsan t\u0171nik el a fed\u00e9l a k\u00fatr\u00f3l, s\u0151t n\u00e9ha m\u00e9g a h\u00e9j is. Ennek eredm\u00e9nyek\u00e9ppen vannak bizonyos h\u00e1tr\u00e1nyok, k\u00fcl\u00f6n\u00f6sen, ha figyelembe vessz\u00fck az \u00f6nt\u00f6ttvas feldolgoz\u00e1sa sor\u00e1n a k\u00f6rnyezetbe jut\u00f3 k\u00f6bm\u00e9ternyi szennyezett kibocs\u00e1t\u00e1st.   <\/p>\n<p>Fontolja meg az &#8222;olcs\u00f3&#8221; polimer homokoz\u00f3k beszerz\u00e9s\u00e9t. Olcs\u00f3s\u00e1gukat r\u00f6gt\u00f6n a v\u00e1s\u00e1rl\u00e1s ut\u00e1n elfelejti, amikor a sz\u00e1ll\u00edt\u00e1sra \u00e9s a beszerel\u00e9sre gondol. V\u00e9g\u00fcl a beszerz\u00e9s \u00f6r\u00f6me eloszlik a fagy be\u00e1llt\u00e1val \u00e9s a &#8222;j\u00f3&#8221; reped\u00e9s megjelen\u00e9s\u00e9vel a lej\u00e1r\u00f3n. A homokkal k\u00e9sz\u00fclt term\u00e9kek gyorsan romlanak, sokkal gyorsabban, mint a m\u0171anyag \u00e9s az \u00f6nt\u00f6ttvas.[\/vc_column_text][\/toggle][toggle color=&#8221;Default&#8221; heading_tag=&#8221;default&#8221; heading_tag_functionality=&#8221;default&#8221; title=&#8221;A m\u0171anyagok egyedi jellemz\u0151i&#8221;][vc_column_text css=&#8221;&#8221; text_direction=&#8221;default&#8221;]A m\u0171anyagok olyan tulajdons\u00e1gokkal rendelkeznek, amelyek rendk\u00edv\u00fcl \u00e9rt\u00e9kesek az \u00e9p\u00edt\u0151iparban. Egyik f\u0151 el\u0151ny\u00fck az alacsony \u00f6mlesztett s\u0171r\u0171s\u00e9g\u00fck (15-1500 kg\/m3). A m\u0171anyagok &#8211; a habok kiv\u00e9tel\u00e9vel &#8211; \u00e1tlagosan 2-3-szor k\u00f6nnyebbek az alum\u00edniumn\u00e1l \u00e9s 5-8-szor k\u00f6nnyebbek az ac\u00e9ln\u00e1l.  <\/p>\n<p>A m\u0171anyagok m\u00e1sik fontos el\u0151nye a nagy szil\u00e1rds\u00e1guk. Ebben a tekintetben a m\u0171anyagok sz\u00e1mos hagyom\u00e1nyos \u00e9p\u00edt\u0151anyag &#8211; beton, t\u00e9gla, fa &#8211; felett \u00e1llnak. A lemezszer\u0171 \u00e9s sz\u00e1las t\u00f6lt\u0151anyagokkal rendelkez\u0151 m\u0171anyagok rendelkeznek a legmagasabb szil\u00e1rds\u00e1gi mutat\u00f3kkal.  <\/p>\n<p>A m\u0171anyagok szerkezeti tulajdons\u00e1gainak egyik jellemz\u0151je az anyag szil\u00e1rds\u00e1g\u00e1nak \u00e9s t\u00e9rfogats\u0171r\u0171s\u00e9g\u00e9nek ar\u00e1nya &#8211; a szerkezeti min\u0151s\u00e9gi egy\u00fctthat\u00f3. A m\u0171anyagok, f\u0151k\u00e9nt a r\u00e9tegelt lemezek, magas szerkezeti min\u0151s\u00e9gi t\u00e9nyez\u0151je 2,2-2,5, m\u00edg falazat eset\u00e9ben 0,02; beton eset\u00e9ben 0,06; ac\u00e9l eset\u00e9ben 0,5; feny\u0151fa eset\u00e9ben 0,7. <\/p>\n<p>A m\u0171anyagoknak alacsony a h\u0151vezet\u0151 k\u00e9pess\u00e9ge, ami fontos a szerkezetek burkol\u00e1sa szempontj\u00e1b\u00f3l. A s\u0171r\u0171 m\u0171anyagokban a h\u0151vezet\u00e9si egy\u00fctthat\u00f3 0,22 \u00e9s 0,68 W \/ m \u00b0 C k\u00f6z\u00f6tt mozog, m\u00edg a por\u00f3zus m\u0171anyagok eset\u00e9ben ez 0,03 W \/ m \u00b0 C. Ez a tulajdons\u00e1g lehet\u0151v\u00e9 teszi a gy\u00e1rt\u00f3k sz\u00e1m\u00e1ra, hogy v\u00e9kony, k\u00f6nny\u0171, de tart\u00f3s \u00e9p\u00fcletburkolatokat k\u00e9sz\u00edtsenek. <\/p>\n<p>A k\u00e9miai ellen\u00e1ll\u00e1s a m\u0171anyagok nagyon fontos tulajdons\u00e1ga, amely nemcsak a polimer tulajdons\u00e1gait\u00f3l, hanem a t\u00f6lt\u0151anyagok, l\u00e1gy\u00edt\u00f3k \u00e9s egy\u00e9b \u00f6sszetev\u0151k tulajdons\u00e1gait\u00f3l is f\u00fcgg. K\u00fcl\u00f6n\u00f6sen ellen\u00e1ll\u00f3ak a korr\u00f3zi\u00f3val szemben a polietil\u00e9n, a polisztirol, a polivinil-klorid, az epoxi polimerek alap\u00fa m\u0171anyagok. <\/p>\n<p>Sz\u00e1mos m\u0171anyag \u00e9rt\u00e9kes tulajdons\u00e1ga az alacsony kop\u00e1s. A polimer padl\u00f3burkol\u00f3 anyagok kop\u00e1si egy\u00fctthat\u00f3ja megegyezik a ker\u00e1mialapok\u00e9val (0,06-0,12 g\/cm2), \u00e9s m\u00e9g a k\u0151lapok\u00e9n\u00e1l is alacsonyabb. <\/p>\n<p>Sz\u00e1mos m\u0171anyag fontos jellemz\u0151je a nagy \u00fct\u00e9s\u00e1ll\u00f3s\u00e1g, vagyis a sz\u00edv\u00f3ss\u00e1g. Ennek \u00e9rt\u00e9ke 10 (plexi\u00fcveg) \u00e9s 500 kJ\/m2 (\u00fcvegsz\u00e1l) k\u00f6z\u00f6tt mozog. <\/p>\n<p>A kiv\u00e1l\u00f3 fizikai, mechanikai \u00e9s k\u00e9miai tulajdons\u00e1gok mellett a m\u0171anyagok \u00e9rt\u00e9kes technol\u00f3giai tulajdons\u00e1gokkal is rendelkeznek. Viszonylag k\u00f6nnyen alak\u00edthat\u00f3k (\u00f6nt\u00e9ssel, pr\u00e9sel\u00e9ssel, stancol\u00e1ssal stb.), hegeszthet\u0151k \u00e9s ragaszthat\u00f3k egym\u00e1ssal \u00e9s m\u00e1s anyagokkal, ami lehet\u0151v\u00e9 teszi z\u00e1rt szerkezetek l\u00e9trehoz\u00e1s\u00e1t, v\u00edz- \u00e9s p\u00e1raz\u00e1r\u00e1st.[\/vc_column_text][\/toggle][toggle color=&#8221;Default&#8221; heading_tag=&#8221;default&#8221; heading_tag_functionality=&#8221;default&#8221; title=&#8221;A oszt\u00e1ly\u00fa aknafed\u00e9l be\u00e9p\u00edt\u00e9se&#8221;][vc_column_text css=&#8221;&#8221; text_direction=&#8221;default&#8221;]<img loading=\"lazy\" decoding=\"async\" class=\"alignnone size-full wp-image-4422\" src=\"https:\/\/newluki.wp.brander.technology\/wp-content\/uploads\/2025\/01\/%D0%B7%D0%B0%D0%B2%D0%B0%D0%BD%D1%82%D0%B0%D0%B6%D0%B5%D0%BD%D0%BD%D1%8F.jpeg\" alt=\"\" width=\"600\" height=\"466\"><\/p>\n<p>A csatornany\u00edl\u00e1sok telep\u00edt\u00e9s\u00e9t \u00e9s felszerel\u00e9s\u00e9t szigor\u00faan meghat\u00e1rozott szab\u00e1lyok szerint kell elv\u00e9gezni, mert csak ebben az esetben lesznek teljesen biztons\u00e1gosak mind a gyalogosok, mind a t\u00f6bbi k\u00f6zleked\u0151 sz\u00e1m\u00e1ra.<\/p>\n<p>Telep\u00edt\u00e9si elj\u00e1r\u00e1s<br \/>\n&#8211; Szerelje fel a ny\u00edl\u00e1sgy\u0171r\u0171t a vasbeton fel\u00fcletre..<br \/>\n&#8211; T\u00f6ltse fel a gy\u0171r\u0171t betonnal.<br \/>\n&#8211; Helyezze be az aknafedelet a gy\u0171r\u0171be.<br \/>\nMegjegyz\u00e9s: Az \u00fatfel\u00fclet n\u00e9lk\u00fcli be\u00e9p\u00edtett ter\u00fcleteken tal\u00e1lhat\u00f3 kutak aknafedel\u00e9nek 50 mm-rel kell a talaj f\u00f6l\u00e9 emelkednie. Az aknafed\u00e9l k\u00f6r\u00fcl 1,0 m sz\u00e9les, az aknafed\u00e9lt\u0151l lejt\u0151s vak ter\u00fcletet kell biztos\u00edtani. <\/p>\n<p>A kutak k\u00f6z\u00f6tti csatornavezet\u00e9keket egyenesen kell lefektetni; azokon a helyeken, ahol a h\u00e1l\u00f3zat elfordul, a vonal lejt\u00e9se megv\u00e1ltozik, a cs\u00f6vek \u00e1tm\u00e9r\u0151je megv\u00e1ltozik, kutakat kell \u00e9p\u00edteni, amelyeken a csatornany\u00edl\u00e1sok be\u00e9p\u00edt\u00e9se t\u00f6rt\u00e9nik. A kutakban l\u00e9v\u0151 cs\u00f6veket \u00e9s csatorn\u00e1kat a cs\u00f6vek tetej\u00e9n vagy a v\u00edzszintn\u00e9l kell \u00f6sszek\u00f6tni, hogy a h\u00e1l\u00f3zat magasabb szakaszain a lehet\u0151 legjobban cs\u00f6kkents\u00e9k a visszaduzzaszt\u00e1s kialakul\u00e1s\u00e1t. Az \u00fatvonal kanyarod\u00e1sakor az 1,2 m \u00e9s ann\u00e1l nagyobb \u00e1tm\u00e9r\u0151j\u0171 vagy magass\u00e1g\u00fa cs\u0151vezet\u00e9keket az ellen\u0151rz\u0151 kutakon k\u00edv\u00fcl lehet elhelyezni olyan kanyarok ment\u00e9n, amelyek fordul\u00e1si sugara legal\u00e1bb \u00f6t cs\u0151\u00e1tm\u00e9r\u0151vel egyenl\u0151, \u00e9s az elej\u00e9n \u00e9s a v\u00e9g\u00e9n csatornany\u00edl\u00e1sok telep\u00edt\u00e9s\u00e9t kell elv\u00e9gezni.[\/vc_column_text][\/toggle][toggle color=&#8221;Default&#8221; heading_tag=&#8221;default&#8221; heading_tag_functionality=&#8221;default&#8221; title=&#8221;B \u00e9s C oszt\u00e1ly\u00fa aknafedelek be\u00e9p\u00edt\u00e9se&#8221;][vc_column_text css=&#8221;&#8221; text_direction=&#8221;default&#8221;]<img loading=\"lazy\" decoding=\"async\" class=\"alignnone size-full wp-image-4428\" src=\"https:\/\/newluki.wp.brander.technology\/wp-content\/uploads\/2025\/01\/%D0%B7%D0%B0%D0%B2%D0%B0%D0%BD%D1%82%D0%B0%D0%B6%D0%B5%D0%BD%D0%BD%D1%8F-1.jpeg\" alt=\"\" width=\"600\" height=\"466\"><\/p>\n<p>Az ellen\u0151rz\u0151ny\u00edl\u00e1sok k\u00f6z\u00f6tti id\u0151k\u00f6z\u00f6k.<\/p>\n<p>A ny\u00edl\u00e1s be\u00e9p\u00edt\u00e9sekor figyelembe kell venni, hogy a line\u00e1ris t\u00edpus\u00fa akn\u00e1k k\u00f6z\u00f6tti t\u00e1vols\u00e1g a cs\u0151\u00e1tm\u00e9r\u0151t\u0151l f\u00fcgg.<br \/>\nd = 150 mm &#8211; 35 m\u00e9ter;<br \/>\nd = 200 mm &#8211; 50 m\u00e9ter;<br \/>\nd = 500 mm &#8211; 75 m\u00e9ter;<br \/>\nd = 700 &#8211; 900 mm &#8211; 100 m\u00e9ter;<br \/>\nd = 1000-1400 mm &#8211; 150 m\u00e9ter;<br \/>\nd = 1500-2000 mm &#8211; 200 m\u00e9ter;<br \/>\nd &gt; 2000 mm &#8211; 300 m\u00e9ter.<\/p>\n<p>Telep\u00edt\u00e9si elj\u00e1r\u00e1s<\/p>\n<p>&#8211; Szerelje fel a ny\u00edl\u00e1sgy\u0171r\u0171t a vasbeton burkolatra a forgalom ir\u00e1nya ment\u00e9n elhelyezked\u0151 f\u00fclekkel.<br \/>\n&#8211; T\u00f6ltse fel a gy\u0171r\u0171t betonnal \/ \u00fatburkolattal.<br \/>\n&#8211; Helyezze az aknafedelet a gy\u0171r\u0171be.<\/p>\n<p>Megjegyz\u00e9s: A ny\u00edl\u00e1stestet olyan beton- vagy vasbetonszerkezetre szerelik fel, amelynek m\u0171szaki k\u00f6vetelm\u00e9nyeit a hat\u00e1lyos GOST 8020-90 &#8222;Beton- \u00e9s vasbetonszerkezetek csatorn\u00e1z\u00e1si, v\u00edzell\u00e1t\u00e1si \u00e9s g\u00e1zell\u00e1t\u00e1si h\u00e1l\u00f3zatokhoz&#8221; c\u00edm\u0171 szabv\u00e1ny hat\u00e1rozza meg. A tart\u00f3gy\u0171r\u0171 f\u0151 c\u00e9lja a fajlagos terhel\u00e9s \u00fajraeloszt\u00e1sa, hogy megv\u00e9dje az alaplemezt a t\u00f6nkremenetelt\u0151l. Amint az \u00e1br\u00e1kon l\u00e1that\u00f3, a k\u00fat egy f\u00f6d\u00e9mlemezzel van bor\u00edtva, amelyre a tart\u00f3gy\u0171r\u0171t szerelik. A lej\u00e1r\u00f3testet a tart\u00f3gy\u0171r\u0171re szerelik. Az aknafed\u00e9lnek a felsz\u00ednnel s\u00edkban kell lennie.[\/vc_column_text][\/toggle][toggle color=&#8221;Default&#8221; heading_tag=&#8221;default&#8221; heading_tag_functionality=&#8221;default&#8221; title=&#8221;Tan\u00fas\u00edtv\u00e1nyok&#8221;][vc_column_text css=&#8221;&#8221; text_direction=&#8221;default&#8221;]<img loading=\"lazy\" decoding=\"async\" class=\"alignnone size-full wp-image-4434\" src=\"https:\/\/newluki.wp.brander.technology\/wp-content\/uploads\/2025\/01\/Sertifikat-dozhdepriemnik-PP-2016-2017.jpeg\" alt=\"\" width=\"705\" height=\"1000\" srcset=\"https:\/\/newluki.wp.brander.technology\/wp-content\/uploads\/2025\/01\/Sertifikat-dozhdepriemnik-PP-2016-2017.jpeg 705w, https:\/\/newluki.wp.brander.technology\/wp-content\/uploads\/2025\/01\/Sertifikat-dozhdepriemnik-PP-2016-2017-212x300.jpeg 212w, https:\/\/newluki.wp.brander.technology\/wp-content\/uploads\/2025\/01\/Sertifikat-dozhdepriemnik-PP-2016-2017-600x851.jpeg 600w\" sizes=\"auto, (max-width: 705px) 100vw, 705px\" \/><img loading=\"lazy\" decoding=\"async\" class=\"alignnone size-full wp-image-4440\" src=\"https:\/\/newluki.wp.brander.technology\/wp-content\/uploads\/2025\/01\/Sertifikat-luki-PP-2016-2017.jpeg\" alt=\"\" width=\"707\" height=\"1007\" srcset=\"https:\/\/newluki.wp.brander.technology\/wp-content\/uploads\/2025\/01\/Sertifikat-luki-PP-2016-2017.jpeg 707w, https:\/\/newluki.wp.brander.technology\/wp-content\/uploads\/2025\/01\/Sertifikat-luki-PP-2016-2017-211x300.jpeg 211w, https:\/\/newluki.wp.brander.technology\/wp-content\/uploads\/2025\/01\/Sertifikat-luki-PP-2016-2017-600x855.jpeg 600w\" sizes=\"auto, (max-width: 707px) 100vw, 707px\" \/><img loading=\"lazy\" decoding=\"async\" class=\"alignnone size-full wp-image-4446\" src=\"https:\/\/newluki.wp.brander.technology\/wp-content\/uploads\/2025\/01\/Sertifikat-sideniya-2016-2017.jpeg\" alt=\"\" width=\"707\" height=\"1007\" srcset=\"https:\/\/newluki.wp.brander.technology\/wp-content\/uploads\/2025\/01\/Sertifikat-sideniya-2016-2017.jpeg 707w, https:\/\/newluki.wp.brander.technology\/wp-content\/uploads\/2025\/01\/Sertifikat-sideniya-2016-2017-211x300.jpeg 211w, https:\/\/newluki.wp.brander.technology\/wp-content\/uploads\/2025\/01\/Sertifikat-sideniya-2016-2017-600x855.jpeg 600w\" sizes=\"auto, (max-width: 707px) 100vw, 707px\" \/>[\/vc_column_text][\/toggle][\/toggles][\/vc_column][\/vc_row]\n","protected":false},"excerpt":{"rendered":"<p>[vc_row type=&#8221;full_width_content&#8221; full_screen_row_position=&#8221;middle&#8221; column_margin=&#8221;default&#8221; equal_height=&#8221;yes&#8221; content_placement=&#8221;middle&#8221; column_direction=&#8221;default&#8221; column_direction_tablet=&#8221;default&#8221; column_direction_phone=&#8221;default&#8221; bg_color=&#8221;#f7f7f7&#8243; scene_position=&#8221;center&#8221; text_color=&#8221;dark&#8221; text_align=&#8221;left&#8221; row_border_radius=&#8221;none&#8221; row_border_radius_applies=&#8221;bg&#8221; overflow=&#8221;visible&#8221; overlay_strength=&#8221;0.3&#8243; gradient_direction=&#8221;left_to_right&#8221; shape_divider_position=&#8221;bottom&#8221; bg_image_animation=&#8221;none&#8221; shape_type=&#8221;&#8221;][vc_column column_padding=&#8221;padding-8-percent&#8221; column_padding_tablet=&#8221;inherit&#8221; column_padding_phone=&#8221;inherit&#8221; column_padding_position=&#8221;all&#8221;&#8230;<\/p>\n","protected":false},"author":1,"featured_media":0,"parent":0,"menu_order":0,"comment_status":"closed","ping_status":"closed","template":"","meta":{"footnotes":""},"class_list":["post-4565","page","type-page","status-publish"],"_links":{"self":[{"href":"https:\/\/newluki.wp.brander.technology\/hu\/wp-json\/wp\/v2\/pages\/4565","targetHints":{"allow":["GET"]}}],"collection":[{"href":"https:\/\/newluki.wp.brander.technology\/hu\/wp-json\/wp\/v2\/pages"}],"about":[{"href":"https:\/\/newluki.wp.brander.technology\/hu\/wp-json\/wp\/v2\/types\/page"}],"author":[{"embeddable":true,"href":"https:\/\/newluki.wp.brander.technology\/hu\/wp-json\/wp\/v2\/users\/1"}],"replies":[{"embeddable":true,"href":"https:\/\/newluki.wp.brander.technology\/hu\/wp-json\/wp\/v2\/comments?post=4565"}],"version-history":[{"count":7,"href":"https:\/\/newluki.wp.brander.technology\/hu\/wp-json\/wp\/v2\/pages\/4565\/revisions"}],"predecessor-version":[{"id":4604,"href":"https:\/\/newluki.wp.brander.technology\/hu\/wp-json\/wp\/v2\/pages\/4565\/revisions\/4604"}],"wp:attachment":[{"href":"https:\/\/newluki.wp.brander.technology\/hu\/wp-json\/wp\/v2\/media?parent=4565"}],"curies":[{"name":"wp","href":"https:\/\/api.w.org\/{rel}","templated":true}]}}