{"id":4720,"date":"2025-01-15T20:08:51","date_gmt":"2025-01-15T18:08:51","guid":{"rendered":"https:\/\/newluki.wp.brander.technology\/product\/polimer-ellenorzofedel-negyzet-alaku-a15-zold-385385-mm\/"},"modified":"2025-01-15T20:08:51","modified_gmt":"2025-01-15T18:08:51","slug":"polimer-ellenorzofedel-negyzet-alaku-a15-zold-385385-mm","status":"publish","type":"product","link":"https:\/\/newluki.wp.brander.technology\/hu\/termek\/polimer-ellenorzofedel-negyzet-alaku-a15-zold-385385-mm\/","title":{"rendered":"Polimer ellen\u0151rz\u0151fed\u00e9l n\u00e9gyzet alak\u00fa (A15) z\u00f6ld 385*385 mm"},"content":{"rendered":"<p>A z\u00f6ld ny\u00edl\u00e1s olyan rendszerekben haszn\u00e1lhat\u00f3, ahol nincs k\u00fat be\u00e9p\u00edtve, \u00e9s alkalmas 315 mm k\u00fcls\u0151 \u00e1tm\u00e9r\u0151j\u0171 cs\u0151re vagy k\u00fatra t\u00f6rt\u00e9n\u0151 be\u00e9p\u00edt\u00e9sre is. Gyalogos \u00e9s parkos ter\u00fcleten t\u00f6rt\u00e9n\u0151 be\u00e9p\u00edt\u00e9sre tervezt\u00e9k. <\/p>\n<p>Anyag: polietil\u00e9n homok n\u00e9lk\u00fcl.<\/p>\n<p>Megfelel a m\u0171szaki el\u0151\u00edr\u00e1soknak; DSTU B V.2.5-26:2005, eur\u00f3pai szabv\u00e1ny EN 124-6:2015 TU U 25.2-31642900-003:2006. Tan\u00fas\u00edtott.<\/p>\n","protected":false},"excerpt":{"rendered":"<p>A z\u00f6ld ny\u00edl\u00e1s olyan rendszerekben haszn\u00e1lhat\u00f3, ahol nincs k\u00fat be\u00e9p\u00edtve, \u00e9s alkalmas 315 mm k\u00fcls\u0151 \u00e1tm\u00e9r\u0151j\u0171 cs\u0151re vagy k\u00fatra t\u00f6rt\u00e9n\u0151 be\u00e9p\u00edt\u00e9sre is. Gyalogos \u00e9s parkos&#8230;<\/p>\n","protected":false},"featured_media":4010,"comment_status":"closed","ping_status":"closed","template":"","meta":[],"product_cat":[146],"product_tag":[],"class_list":{"0":"post-4720","1":"product","2":"type-product","3":"status-publish","4":"has-post-thumbnail","6":"product_cat-lightweight-hatches-a15-a50-hu","8":"first","9":"instock","10":"shipping-taxable","11":"purchasable","12":"product-type-simple"},"_links":{"self":[{"href":"https:\/\/newluki.wp.brander.technology\/hu\/wp-json\/wp\/v2\/product\/4720","targetHints":{"allow":["GET"]}}],"collection":[{"href":"https:\/\/newluki.wp.brander.technology\/hu\/wp-json\/wp\/v2\/product"}],"about":[{"href":"https:\/\/newluki.wp.brander.technology\/hu\/wp-json\/wp\/v2\/types\/product"}],"replies":[{"embeddable":true,"href":"https:\/\/newluki.wp.brander.technology\/hu\/wp-json\/wp\/v2\/comments?post=4720"}],"wp:featuredmedia":[{"embeddable":true,"href":"https:\/\/newluki.wp.brander.technology\/hu\/wp-json\/wp\/v2\/media\/4010"}],"wp:attachment":[{"href":"https:\/\/newluki.wp.brander.technology\/hu\/wp-json\/wp\/v2\/media?parent=4720"}],"wp:term":[{"taxonomy":"product_cat","embeddable":true,"href":"https:\/\/newluki.wp.brander.technology\/hu\/wp-json\/wp\/v2\/product_cat?post=4720"},{"taxonomy":"product_tag","embeddable":true,"href":"https:\/\/newluki.wp.brander.technology\/hu\/wp-json\/wp\/v2\/product_tag?post=4720"}],"curies":[{"name":"wp","href":"https:\/\/api.w.org\/{rel}","templated":true}]}}