{"id":4731,"date":"2025-01-15T16:08:39","date_gmt":"2025-01-15T14:08:39","guid":{"rendered":"https:\/\/newluki.wp.brander.technology\/product\/polimer-aknafulke-a15-780-mm-fekete-zarhato-fekete-szinu\/"},"modified":"2025-01-15T16:08:39","modified_gmt":"2025-01-15T14:08:39","slug":"polimer-aknafulke-a15-780-mm-fekete-zarhato-fekete-szinu","status":"publish","type":"product","link":"https:\/\/newluki.wp.brander.technology\/hu\/termek\/polimer-aknafulke-a15-780-mm-fekete-zarhato-fekete-szinu\/","title":{"rendered":"Polimer aknaf\u00fclke (A15) 780 mm fekete, z\u00e1rhat\u00f3, fekete sz\u00edn\u0171"},"content":{"rendered":"<p>Ez a fekete kerti aknafed\u00e9l polimer kompoz\u00edci\u00f3kb\u00f3l k\u00e9sz\u00fcl, \u00e9s minden t\u00edpus\u00fa k\u00f6zm\u0171h\u00e1l\u00f3zat ellen\u0151rz\u0151 akn\u00e1j\u00e1ra val\u00f3 felszerel\u00e9sre tervezt\u00e9k. T\u00f6k\u00e9letes megold\u00e1s a p\u00e1zsit, a kerti ter\u00fcletek \u00e9s a j\u00e1rda sz\u00e1m\u00e1ra.<\/p>\n<p>A megn\u00f6velt m\u00e9ret\u0171 karossz\u00e9ria m\u00e9g egyszer\u0171bb\u00e9 \u00e9s gyorsabb\u00e1 teszi a buk\u00f3 be\u00e9p\u00edt\u00e9s\u00e9t.<\/p>\n<p>R\u00f6gz\u00edt\u0151 mechanizmussal ell\u00e1tva.<\/p>\n<p>Anyag: Homok n\u00e9lk\u00fcli polietil\u00e9n.<\/p>\n<p>Megfelel a m\u0171szaki el\u0151\u00edr\u00e1soknak; DSTU B V.2.5-26:2005, eur\u00f3pai szabv\u00e1ny EN 124-6:2015 TU U 25.2-31642900-003:2006. Tan\u00fas\u00edtott.<\/p>\n","protected":false},"excerpt":{"rendered":"<p>Ez a fekete kerti aknafed\u00e9l polimer kompoz\u00edci\u00f3kb\u00f3l k\u00e9sz\u00fcl, \u00e9s minden t\u00edpus\u00fa k\u00f6zm\u0171h\u00e1l\u00f3zat ellen\u0151rz\u0151 akn\u00e1j\u00e1ra val\u00f3 felszerel\u00e9sre tervezt\u00e9k. T\u00f6k\u00e9letes megold\u00e1s a p\u00e1zsit, a kerti ter\u00fcletek \u00e9s&#8230;<\/p>\n","protected":false},"featured_media":3600,"comment_status":"closed","ping_status":"closed","template":"","meta":[],"product_cat":[146],"product_tag":[],"class_list":{"0":"post-4731","1":"product","2":"type-product","3":"status-publish","4":"has-post-thumbnail","6":"product_cat-lightweight-hatches-a15-a50-hu","8":"first","9":"instock","10":"shipping-taxable","11":"purchasable","12":"product-type-simple"},"_links":{"self":[{"href":"https:\/\/newluki.wp.brander.technology\/hu\/wp-json\/wp\/v2\/product\/4731","targetHints":{"allow":["GET"]}}],"collection":[{"href":"https:\/\/newluki.wp.brander.technology\/hu\/wp-json\/wp\/v2\/product"}],"about":[{"href":"https:\/\/newluki.wp.brander.technology\/hu\/wp-json\/wp\/v2\/types\/product"}],"replies":[{"embeddable":true,"href":"https:\/\/newluki.wp.brander.technology\/hu\/wp-json\/wp\/v2\/comments?post=4731"}],"wp:featuredmedia":[{"embeddable":true,"href":"https:\/\/newluki.wp.brander.technology\/hu\/wp-json\/wp\/v2\/media\/3600"}],"wp:attachment":[{"href":"https:\/\/newluki.wp.brander.technology\/hu\/wp-json\/wp\/v2\/media?parent=4731"}],"wp:term":[{"taxonomy":"product_cat","embeddable":true,"href":"https:\/\/newluki.wp.brander.technology\/hu\/wp-json\/wp\/v2\/product_cat?post=4731"},{"taxonomy":"product_tag","embeddable":true,"href":"https:\/\/newluki.wp.brander.technology\/hu\/wp-json\/wp\/v2\/product_tag?post=4731"}],"curies":[{"name":"wp","href":"https:\/\/api.w.org\/{rel}","templated":true}]}}