{"id":4739,"date":"2025-01-15T16:29:46","date_gmt":"2025-01-15T14:29:46","guid":{"rendered":"https:\/\/newluki.wp.brander.technology\/product\/polimer-akna-negyzet-a15-fekete-szinu-zaroszerkezettel\/"},"modified":"2025-01-15T16:29:46","modified_gmt":"2025-01-15T14:29:46","slug":"polimer-akna-negyzet-a15-fekete-szinu-zaroszerkezettel","status":"publish","type":"product","link":"https:\/\/newluki.wp.brander.technology\/hu\/termek\/polimer-akna-negyzet-a15-fekete-szinu-zaroszerkezettel\/","title":{"rendered":"Polimer akna n\u00e9gyzet (A15) fekete sz\u00edn\u0171, z\u00e1r\u00f3szerkezettel"},"content":{"rendered":"<p>A polimer kompoz\u00edci\u00f3kb\u00f3l k\u00e9sz\u00fclt n\u00e9gyzet alak\u00fa fekete aknafed\u00e9l ide\u00e1lis a burkol\u00f3lapokkal fedett utakra t\u00f6rt\u00e9n\u0151 be\u00e9p\u00edt\u00e9shez. Ez az optim\u00e1lis megold\u00e1s kerti \u00e9s parkos ter\u00fcleteken, sportp\u00e1ly\u00e1k \u00e9s nyaral\u00f3k \u00e9p\u00edt\u00e9s\u00e9n\u00e9l. Ennek az aknafed\u00e9lnek a magass\u00e1ga mind\u00f6ssze 6 cm, ami nagyban megk\u00f6nny\u00edti a csemp\u00e9zett padl\u00f3val azonos szintre t\u00f6rt\u00e9n\u0151 be\u00e9p\u00edt\u00e9st.  <\/p>\n<p>N\u00e9gypontos z\u00e1rszerkezettel felszerelt.<\/p>\n<p>Anyag: polietil\u00e9n homok n\u00e9lk\u00fcl.<\/p>\n<p>Megfelel a m\u0171szaki el\u0151\u00edr\u00e1soknak; DSTU B V.2.5-26:2005, EN 124-6:2015 eur\u00f3pai szabv\u00e1ny \u00e9s TU U 25.2-31642900-003:2006. Tan\u00fas\u00edtott.<\/p>\n","protected":false},"excerpt":{"rendered":"<p>A polimer kompoz\u00edci\u00f3kb\u00f3l k\u00e9sz\u00fclt n\u00e9gyzet alak\u00fa fekete aknafed\u00e9l ide\u00e1lis a burkol\u00f3lapokkal fedett utakra t\u00f6rt\u00e9n\u0151 be\u00e9p\u00edt\u00e9shez. Ez az optim\u00e1lis megold\u00e1s kerti \u00e9s parkos ter\u00fcleteken, sportp\u00e1ly\u00e1k \u00e9s&#8230;<\/p>\n","protected":false},"featured_media":3662,"comment_status":"closed","ping_status":"closed","template":"","meta":[],"product_cat":[146],"product_tag":[],"class_list":{"0":"post-4739","1":"product","2":"type-product","3":"status-publish","4":"has-post-thumbnail","6":"product_cat-lightweight-hatches-a15-a50-hu","8":"first","9":"instock","10":"shipping-taxable","11":"purchasable","12":"product-type-simple"},"_links":{"self":[{"href":"https:\/\/newluki.wp.brander.technology\/hu\/wp-json\/wp\/v2\/product\/4739","targetHints":{"allow":["GET"]}}],"collection":[{"href":"https:\/\/newluki.wp.brander.technology\/hu\/wp-json\/wp\/v2\/product"}],"about":[{"href":"https:\/\/newluki.wp.brander.technology\/hu\/wp-json\/wp\/v2\/types\/product"}],"replies":[{"embeddable":true,"href":"https:\/\/newluki.wp.brander.technology\/hu\/wp-json\/wp\/v2\/comments?post=4739"}],"wp:featuredmedia":[{"embeddable":true,"href":"https:\/\/newluki.wp.brander.technology\/hu\/wp-json\/wp\/v2\/media\/3662"}],"wp:attachment":[{"href":"https:\/\/newluki.wp.brander.technology\/hu\/wp-json\/wp\/v2\/media?parent=4739"}],"wp:term":[{"taxonomy":"product_cat","embeddable":true,"href":"https:\/\/newluki.wp.brander.technology\/hu\/wp-json\/wp\/v2\/product_cat?post=4739"},{"taxonomy":"product_tag","embeddable":true,"href":"https:\/\/newluki.wp.brander.technology\/hu\/wp-json\/wp\/v2\/product_tag?post=4739"}],"curies":[{"name":"wp","href":"https:\/\/api.w.org\/{rel}","templated":true}]}}