{"id":4751,"date":"2025-01-16T00:25:27","date_gmt":"2025-01-15T22:25:27","guid":{"rendered":"https:\/\/newluki.wp.brander.technology\/product\/polimer-aknafedel-b125-fekete-zaroszerkezettel\/"},"modified":"2025-01-16T00:25:27","modified_gmt":"2025-01-15T22:25:27","slug":"polimer-aknafedel-b125-fekete-zaroszerkezettel","status":"publish","type":"product","link":"https:\/\/newluki.wp.brander.technology\/hu\/termek\/polimer-aknafedel-b125-fekete-zaroszerkezettel\/","title":{"rendered":"Polimer aknafed\u00e9l (B125) fekete, z\u00e1r\u00f3szerkezettel"},"content":{"rendered":"<p>Nagy szil\u00e1rds\u00e1g\u00fa polimer-kompoz\u00edci\u00f3kb\u00f3l k\u00e9sz\u00fclt aknafed\u00e9l (B125) minden t\u00edpus\u00fa akna ellen\u0151rz\u0151 akn\u00e1j\u00e1hoz, kis forgalm\u00fa utakon, egym\u00e1sba ny\u00edl\u00f3 t\u00f6mb\u00f6s\u00edtett utakon, parkol\u00f3kban, nagy forgalm\u00fa j\u00e1rd\u00e1kon.<\/p>\n<p>R\u00f6gz\u00edt\u0151 mechanizmussal ell\u00e1tva.<\/p>\n<p>A gy\u00e1rt\u00e1shoz haszn\u00e1lt anyag ellen\u00e1ll az agressz\u00edv k\u00f6rnyezetnek \u00e9s h\u0151m\u00e9rs\u00e9kletnek, valamint az \u00fat- \u00e9s j\u00e1rdas\u00f3oldatoknak.<\/p>\n<p>Megfelel a m\u0171szaki el\u0151\u00edr\u00e1soknak; DSTU B V.2.5-26:2005, eur\u00f3pai szabv\u00e1ny EN 124-6:2015 TU U 25.2-31642900-003:2006. Tan\u00fas\u00edtott. <\/p>\n<p>A garancia id\u0151tartama 24 h\u00f3nap.<\/p>\n","protected":false},"excerpt":{"rendered":"<p>Nagy szil\u00e1rds\u00e1g\u00fa polimer-kompoz\u00edci\u00f3kb\u00f3l k\u00e9sz\u00fclt aknafed\u00e9l (B125) minden t\u00edpus\u00fa akna ellen\u0151rz\u0151 akn\u00e1j\u00e1hoz, kis forgalm\u00fa utakon, egym\u00e1sba ny\u00edl\u00f3 t\u00f6mb\u00f6s\u00edtett utakon, parkol\u00f3kban, nagy forgalm\u00fa j\u00e1rd\u00e1kon. R\u00f6gz\u00edt\u0151 mechanizmussal ell\u00e1tva&#8230;.<\/p>\n","protected":false},"featured_media":4216,"comment_status":"closed","ping_status":"closed","template":"","meta":[],"product_cat":[156],"product_tag":[],"class_list":{"0":"post-4751","1":"product","2":"type-product","3":"status-publish","4":"has-post-thumbnail","6":"product_cat-middle-hatches-b125-hu","8":"first","9":"instock","10":"shipping-taxable","11":"purchasable","12":"product-type-simple"},"_links":{"self":[{"href":"https:\/\/newluki.wp.brander.technology\/hu\/wp-json\/wp\/v2\/product\/4751","targetHints":{"allow":["GET"]}}],"collection":[{"href":"https:\/\/newluki.wp.brander.technology\/hu\/wp-json\/wp\/v2\/product"}],"about":[{"href":"https:\/\/newluki.wp.brander.technology\/hu\/wp-json\/wp\/v2\/types\/product"}],"replies":[{"embeddable":true,"href":"https:\/\/newluki.wp.brander.technology\/hu\/wp-json\/wp\/v2\/comments?post=4751"}],"wp:featuredmedia":[{"embeddable":true,"href":"https:\/\/newluki.wp.brander.technology\/hu\/wp-json\/wp\/v2\/media\/4216"}],"wp:attachment":[{"href":"https:\/\/newluki.wp.brander.technology\/hu\/wp-json\/wp\/v2\/media?parent=4751"}],"wp:term":[{"taxonomy":"product_cat","embeddable":true,"href":"https:\/\/newluki.wp.brander.technology\/hu\/wp-json\/wp\/v2\/product_cat?post=4751"},{"taxonomy":"product_tag","embeddable":true,"href":"https:\/\/newluki.wp.brander.technology\/hu\/wp-json\/wp\/v2\/product_tag?post=4751"}],"curies":[{"name":"wp","href":"https:\/\/api.w.org\/{rel}","templated":true}]}}