{"id":4573,"date":"2018-08-20T20:21:35","date_gmt":"2018-08-20T18:21:35","guid":{"rendered":"https:\/\/newluki.wp.brander.technology\/kontakt\/"},"modified":"2025-02-10T10:56:17","modified_gmt":"2025-02-10T08:56:17","slug":"kontakt","status":"publish","type":"page","link":"https:\/\/newluki.wp.brander.technology\/pl\/kontakt\/","title":{"rendered":"Kontakt"},"content":{"rendered":"[vc_row type=&#8221;full_width_content&#8221; full_screen_row_position=&#8221;middle&#8221; column_margin=&#8221;default&#8221; equal_height=&#8221;yes&#8221; content_placement=&#8221;middle&#8221; column_direction=&#8221;default&#8221; column_direction_tablet=&#8221;default&#8221; column_direction_phone=&#8221;default&#8221; bg_color=&#8221;#f7f7f7&#8243; scene_position=&#8221;center&#8221; text_color=&#8221;dark&#8221; text_align=&#8221;left&#8221; row_border_radius=&#8221;none&#8221; row_border_radius_applies=&#8221;bg&#8221; overflow=&#8221;visible&#8221; overlay_strength=&#8221;0.3&#8243; gradient_direction=&#8221;left_to_right&#8221; shape_divider_position=&#8221;bottom&#8221; bg_image_animation=&#8221;none&#8221; shape_type=&#8221;&#8221;][vc_column column_padding=&#8221;padding-8-percent&#8221; column_padding_tablet=&#8221;inherit&#8221; column_padding_phone=&#8221;inherit&#8221; column_padding_position=&#8221;all&#8221; column_element_direction_desktop=&#8221;default&#8221; column_element_spacing=&#8221;default&#8221; desktop_text_alignment=&#8221;default&#8221; tablet_text_alignment=&#8221;default&#8221; phone_text_alignment=&#8221;default&#8221; background_color=&#8221;#0a0a0a&#8221; background_color_opacity=&#8221;0.8&#8243; background_hover_color_opacity=&#8221;1&#8243; background_image=&#8221;4555&#8243; background_image_position=&#8221;center center&#8221; background_image_stacking=&#8221;default&#8221; background_image_loading=&#8221;default&#8221; column_backdrop_filter=&#8221;none&#8221; font_color=&#8221;#ffffff&#8221; column_shadow=&#8221;none&#8221; column_border_radius=&#8221;none&#8221; column_link_target=&#8221;_self&#8221; column_position=&#8221;default&#8221; gradient_direction=&#8221;left_to_right&#8221; overlay_strength=&#8221;0.3&#8243; width=&#8221;1\/2&#8243; tablet_width_inherit=&#8221;default&#8221; animation_type=&#8221;default&#8221; bg_image_animation=&#8221;none&#8221; border_type=&#8221;simple&#8221; column_border_width=&#8221;none&#8221; column_border_style=&#8221;solid&#8221; column_padding_type=&#8221;default&#8221; gradient_type=&#8221;default&#8221;][vc_custom_heading text=&#8221;Kontakty&#8221; font_container=&#8221;tag:h2|text_align:left|color:%23ffffff&#8221; use_theme_fonts=&#8221;yes&#8221; css=&#8221;&#8221;][vc_column_text css=&#8221;.vc_custom_1737534714579{margin-top: 20px !important;margin-bottom: 60px !important;}&#8221; max_width=&#8221;475&#8243; text_direction=&#8221;default&#8221;]\n<div>\n<div>Godziny otwarcia:<\/div>\n<div class=\"contacts-shops-content\">pon.-pt. 10:00-18:00<\/div>\n<div>Sob.-Niedz. 10:00\u201317:00<\/div>\n<\/div>\n[\/vc_column_text][nectar_cta btn_style=&#8221;text-reveal-wave&#8221; heading_tag=&#8221;h5&#8243; button_color=&#8221;default&#8221; text_color=&#8221;#ffffff&#8221; button_border_thickness=&#8221;0px&#8221; link_type=&#8221;regular&#8221; alignment=&#8221;left&#8221; alignment_tablet=&#8221;default&#8221; alignment_phone=&#8221;default&#8221; display=&#8221;block&#8221; display_tablet=&#8221;inherit&#8221; display_phone=&#8221;inherit&#8221; icon_family=&#8221;fontawesome&#8221; link_text=&#8221;+421950614826&#8243; icon_fontawesome=&#8221;fa fa-phone&#8221; url=&#8221;tel:+421950614826&#8243;][nectar_cta btn_style=&#8221;text-reveal-wave&#8221; heading_tag=&#8221;h5&#8243; button_color=&#8221;default&#8221; text_color=&#8221;#ffffff&#8221; button_border_thickness=&#8221;0px&#8221; link_type=&#8221;regular&#8221; alignment=&#8221;left&#8221; alignment_tablet=&#8221;default&#8221; alignment_phone=&#8221;default&#8221; display=&#8221;block&#8221; display_tablet=&#8221;inherit&#8221; display_phone=&#8221;inherit&#8221; icon_family=&#8221;fontawesome&#8221; link_text=&#8221;panov.trading@gmail.com&#8221; url=&#8221;mailto:panov.trading@gmail.com&#8221; icon_fontawesome=&#8221;fa fa-envelope-open&#8221;][\/vc_column][vc_column column_padding=&#8221;padding-8-percent&#8221; column_padding_tablet=&#8221;inherit&#8221; column_padding_phone=&#8221;inherit&#8221; column_padding_position=&#8221;all&#8221; column_element_direction_desktop=&#8221;default&#8221; column_element_spacing=&#8221;default&#8221; desktop_text_alignment=&#8221;default&#8221; tablet_text_alignment=&#8221;default&#8221; phone_text_alignment=&#8221;default&#8221; background_color=&#8221;#ffe3f3&#8243; background_color_opacity=&#8221;1&#8243; background_hover_color_opacity=&#8221;1&#8243; column_backdrop_filter=&#8221;none&#8221; column_shadow=&#8221;none&#8221; column_border_radius=&#8221;none&#8221; column_link_target=&#8221;_self&#8221; column_position=&#8221;default&#8221; gradient_direction=&#8221;left_to_right&#8221; overlay_strength=&#8221;0.3&#8243; width=&#8221;1\/2&#8243; tablet_width_inherit=&#8221;default&#8221; animation_type=&#8221;default&#8221; bg_image_animation=&#8221;none&#8221; border_type=&#8221;simple&#8221; column_border_width=&#8221;none&#8221; column_border_style=&#8221;solid&#8221;][vc_column_text css=&#8221;&#8221; text_direction=&#8221;default&#8221;]\n<h3>O firmie<\/h3>\n[\/vc_column_text][toggles style=&#8221;minimal_small&#8221;][toggle color=&#8221;Default&#8221; heading_tag=&#8221;default&#8221; heading_tag_functionality=&#8221;default&#8221; title=&#8221;Produkcja pokryw w\u0142az\u00f3w i kratek \u015bciekowych na zam\u00f3wienie&#8221;][vc_column_text css=&#8221;&#8221; text_direction=&#8221;default&#8221;]Istnieje mo\u017cliwo\u015b\u0107 zam\u00f3wienia pokryw w\u0142az\u00f3w i kratek \u015bciekowych w dowolnej liczbie niestandardowych rozmiar\u00f3w (nawet po 1 sztuce). W tym celu nale\u017cy skontaktowa\u0107 si\u0119 telefonicznie z dzia\u0142em zam\u00f3wie\u0144 wst\u0119pnych naszej firmy: <a class=\"link_text hover\" role=\"button\" href=\"tel:+421950614826\" aria-label=\"+421950614826\"><span class=\"text\"><span class=\"char\">+<\/span><span class=\"char\">4<\/span><span class=\"char\">2<\/span><span class=\"char\">1<\/span><span class=\"char\">9<\/span><span class=\"char\">5<\/span><span class=\"char\">0<\/span><span class=\"char\">6<\/span><span class=\"char\">1<\/span><span class=\"char\">4<\/span><span class=\"char\">8<\/span><span class=\"char\">2<\/span><span class=\"char\">6<\/span><\/span><\/a> lub poczt\u0105 elektroniczn\u0105  <a class=\"link_text hover\" role=\"button\" href=\"mailto:panov.trading@gmail.com\" aria-label=\"panov.trading@gmail.com\"><span class=\"text\"><span class=\"char\">p<\/span><span class=\"char\">a<\/span><span class=\"char\">n<\/span><span class=\"char\">o<\/span><span class=\"char\">v<\/span><span class=\"char\">.<\/span><span class=\"char\">t<\/span><span class=\"char\">r<\/span><span class=\"char\">a<\/span><span class=\"char\">d<\/span><span class=\"char\">i<\/span><span class=\"char\">n<\/span><span class=\"char\">g<\/span><span class=\"char\">@<\/span><span class=\"char\">g<\/span><span class=\"char\">m<\/span><span class=\"char\">a<\/span><span class=\"char\">i<\/span><span class=\"char\">l<\/span><span class=\"char\">.<\/span><span class=\"char\">c<\/span><span class=\"char\">o<\/span><span class=\"char\">m<\/span><\/span><\/a>[\/vc_column_text][\/toggle][toggle color=&#8221;Default&#8221; heading_tag=&#8221;default&#8221; heading_tag_functionality=&#8221;default&#8221; title=&#8221;Dziesi\u0119\u0107 powod\u00f3w, dla kt\u00f3rych warto wybra\u0107 TDS&#8221;][vc_column_text css=&#8221;&#8221; text_direction=&#8221;default&#8221;]Przez 15 lat pracy na rynku nasza firma sta\u0142a si\u0119 wiod\u0105cym przedsi\u0119biorstwem, a jej produkty wyr\u00f3\u017cniaj\u0105 si\u0119 optymalnym po\u0142\u0105czeniem ceny, funkcjonalno\u015bci i trwa\u0142o\u015bci.<br \/>\n1. Wyj\u0105tkowo\u015b\u0107.<br \/>\nNasza firma jest liderem w\u015br\u00f3d producent\u00f3w polimerowych pokryw w\u0142az\u00f3w i kratek \u015bciekowych w Ukrainie, poniewa\u017c:<br \/>\n&#8211; jako pierwsi stworzyli\u015bmy plastikow\u0105 pokryw\u0119 w\u0142azu;<br \/>\n&#8211; tylko my posiadamy certyfikowane laboratorium do testowania wszystkich wytwarzanych produkt\u00f3w;<br \/>\n&#8211; jeste\u015bmy liderami w sprzeda\u017cy polimerowych kratek \u015bciekowych i pokryw w\u0142az\u00f3w;<br \/>\n&#8211; tylko nasze produkty, dzi\u0119ki specjalnym testom i unikalnym w\u0142a\u015bciwo\u015bciom materia\u0142u, wytrzymuj\u0105 wymagane obci\u0105\u017cenie.<br \/>\n2. Brak piasku w produktach.<br \/>\nMateria\u0142 kompozytowy, z kt\u00f3rego wykonane s\u0105 nasze w\u0142azy i kratki \u015bciekowe, nie zawiera piasku. Nasze produkty maj\u0105 unikalne w\u0142a\u015bciwo\u015bci, wyr\u00f3\u017cniaj\u0105 si\u0119 idealnymi cechami &#8211; trwa\u0142o\u015bci\u0105, lekko\u015bci\u0105 i wytrzyma\u0142o\u015bci\u0105.<br \/>\n3. Koszt.<br \/>\nCena naszych produkt\u00f3w mile zaskoczy, poniewa\u017c produkty firmy TDS s\u0105 o 60-80% ta\u0144sze ni\u017c ich metalowe odpowiedniki.<br \/>\n4. Niewielka waga.<br \/>\nNasze polimerowe pokrywy w\u0142az\u00f3w i kratki \u015bciekowe s\u0105 o 60-80% l\u017cejsze ni\u017c ich metalowe odpowiedniki. Dzi\u0119ki temu nasze produkty s\u0105 bardzo \u0142atwe w transporcie (redukcja koszt\u00f3w niezb\u0119dnego sprz\u0119tu i robocizny), instalacji i obs\u0142udze (mo\u017ce to by\u0107 wykonane szybko i \u0142atwo przez jedn\u0105 osob\u0119).<br \/>\n5. Przeciwdzia\u0142anie wandalizmowi.<br \/>\nPlastikowe pokrywy w\u0142az\u00f3w nie s\u0105 interesuj\u0105ce dla z\u0142odziei.<br \/>\n6. Zgodno\u015b\u0107 z wymogami nowoczesnych przepis\u00f3w technologicznych.<br \/>\nWszystkie nasze produkty s\u0105 opracowywane i zatwierdzane przez &#8222;Centrum Bada\u0144 Naukowych Standaryzacji, Metrologii i Certyfikacji Ukrainy&#8221;, maj\u0105 w\u0142a\u015bciwo\u015bci i cechy, kt\u00f3re spe\u0142niaj\u0105 wymagania i normy norm pa\u0144stwowych Ukrainy i Europy: DSTU (V.2.5-26: 2005), EN 124 i GOST (3634-99 \/ B).<br \/>\n7. Odporno\u015b\u0107 na wp\u0142ywy \u015brodowiska.<br \/>\nOdporno\u015b\u0107 na wp\u0142ywy \u015brodowiska.<br \/>\n8. Odporno\u015b\u0107 chemiczna.<br \/>\nPokrywy w\u0142az\u00f3w s\u0105 cz\u0119sto u\u017cywane w studzienkach kanalizacyjnych, co powoduje zwi\u0119kszony poziom korozji mikrobiologicznej. Nasze pokrywy w\u0142az\u00f3w nie ulegaj\u0105 korozji.<br \/>\n9. Niska odporno\u015b\u0107 na \u015bcieranie.<br \/>\nWsp\u00f3\u0142czynnik \u015bcieralno\u015bci naszych pokryw w\u0142az\u00f3w wynosi 0,06 &#8211; 0,12 g \/ sm2.<br \/>\n10. Nasze kratki wpustowe i pokrywy w\u0142az\u00f3w nie przewodz\u0105 pr\u0105du.[\/vc_column_text][\/toggle][toggle color=&#8221;Default&#8221; heading_tag=&#8221;default&#8221; heading_tag_functionality=&#8221;default&#8221; title=&#8221;Jak zaoszcz\u0119dzi\u0107 pieni\u0105dze dzi\u0119ki naszym polimerowym pokrywom w\u0142az\u00f3w?&#8221;][vc_column_text css=&#8221;&#8221; text_direction=&#8221;default&#8221;]Obecnie produkty \u017celiwne, w szczeg\u00f3lno\u015bci pokrywy w\u0142az\u00f3w studni rewizyjnych, nie s\u0105 wykonane z tego samego \u017celiwa, kt\u00f3re by\u0142o produkowane 100, 50, 30, a nawet 10 lat temu. Dlatego nie mo\u017ce by\u0107 mowy o jakiejkolwiek niezawodno\u015bci metalowej pokrywy w\u0142azu, o czym przekonujemy si\u0119 widz\u0105c zepsute produkty na studniach. Ponadto s\u0105 one do\u015b\u0107 drogie, a nawet o szybko\u015bci znikania pokrywy ze studni, a czasem nawet muszli. W rezultacie istniej\u0105 pewne wady, zw\u0142aszcza je\u015bli we\u017amiemy pod uwag\u0119 metry sze\u015bcienne zanieczyszczonych emisji do \u015brodowiska podczas przetwarzania \u017celiwa.   <\/p>\n<p>Rozwa\u017c zakup &#8222;tanich&#8221; polimerowych w\u0142az\u00f3w piaskowych. O ich tanio\u015bci zapomnisz zaraz po zakupie, gdy zaczniesz my\u015ble\u0107 o dostawie i instalacji. W ko\u0144cu rado\u015b\u0107 z zakupu zniknie wraz z nadej\u015bciem mrozu i pojawieniem si\u0119 &#8222;dobrego&#8221; p\u0119kni\u0119cia w luku. Produkty z piaskiem szybko si\u0119 psuj\u0105, znacznie szybciej ni\u017c plastik i \u017celiwo.[\/vc_column_text][\/toggle][toggle color=&#8221;Default&#8221; heading_tag=&#8221;default&#8221; heading_tag_functionality=&#8221;default&#8221; title=&#8221;Unikalne cechy tworzyw sztucznych&#8221;][vc_column_text css=&#8221;&#8221; text_direction=&#8221;default&#8221;]Tworzywa sztuczne maj\u0105 zestaw w\u0142a\u015bciwo\u015bci, kt\u00f3re s\u0105 niezwykle cenne w budownictwie. Jedn\u0105 z ich g\u0142\u00f3wnych zalet jest niska g\u0119sto\u015b\u0107 nasypowa (15-1500 kg\/m3). \u015arednio tworzywa sztuczne, z wyj\u0105tkiem pianek, s\u0105 2-3 razy l\u017cejsze od aluminium i 5-8 razy l\u017cejsze od stali.  <\/p>\n<p>Kolejn\u0105 wa\u017cn\u0105 zalet\u0105 tworzyw sztucznych jest ich wysoka wytrzyma\u0142o\u015b\u0107. Pod tym wzgl\u0119dem tworzywa sztuczne przewy\u017cszaj\u0105 wiele tradycyjnych materia\u0142\u00f3w budowlanych &#8211; beton, ceg\u0142\u0119, drewno. Tworzywa sztuczne z wype\u0142niaczami arkuszowymi i w\u0142\u00f3knistymi maj\u0105 najwy\u017csze wska\u017aniki wytrzyma\u0142o\u015bci.  <\/p>\n<p>Charakterystyczn\u0105 cech\u0105 w\u0142a\u015bciwo\u015bci konstrukcyjnych tworzyw sztucznych jest stosunek wytrzyma\u0142o\u015bci materia\u0142u do jego g\u0119sto\u015bci nasypowej &#8211; wsp\u00f3\u0142czynnik jako\u015bci strukturalnej. Tworzywa sztuczne, g\u0142\u00f3wnie laminaty, maj\u0105 wysoki wsp\u00f3\u0142czynnik jako\u015bci strukturalnej wynosz\u0105cy 2,2-2,5, podczas gdy dla muru wynosi on 0,02; dla betonu &#8211; 0,06; stali &#8211; 0,5; drewna sosnowego &#8211; 0,7. <\/p>\n<p>Charakterystyczn\u0105 cech\u0105 w\u0142a\u015bciwo\u015bci konstrukcyjnych tworzyw sztucznych jest stosunek wytrzyma\u0142o\u015bci materia\u0142u do jego g\u0119sto\u015bci nasypowej &#8211; wsp\u00f3\u0142czynnik jako\u015bci strukturalnej. Tworzywa sztuczne, g\u0142\u00f3wnie laminaty, maj\u0105 wysoki wsp\u00f3\u0142czynnik jako\u015bci strukturalnej wynosz\u0105cy 2,2-2,5, podczas gdy dla muru wynosi on 0,02; dla betonu &#8211; 0,06; stali &#8211; 0,5; drewna sosnowego &#8211; 0,7. <\/p>\n<p>Odporno\u015b\u0107 chemiczna jest bardzo wa\u017cn\u0105 w\u0142a\u015bciwo\u015bci\u0105 tworzyw sztucznych, kt\u00f3ra zale\u017cy nie tylko od w\u0142a\u015bciwo\u015bci polimeru, ale tak\u017ce od w\u0142a\u015bciwo\u015bci wype\u0142niaczy, plastyfikator\u00f3w i innych sk\u0142adnik\u00f3w. Szczeg\u00f3lnie odporne na korozj\u0119 s\u0105 tworzywa sztuczne na bazie polietylenu, polistyrenu, polichlorku winylu, polimer\u00f3w epoksydowych. <\/p>\n<p>Cenn\u0105 cech\u0105 wielu tworzyw sztucznych jest ich niska \u015bcieralno\u015b\u0107. Polimerowe materia\u0142y pod\u0142ogowe maj\u0105 taki sam wsp\u00f3\u0142czynnik \u015bcieralno\u015bci jak p\u0142ytki ceramiczne (0,06 &#8211; 0,12 g \/ cm2), a nawet ni\u017cszy ni\u017c p\u0142yty kamienne. <\/p>\n<p>Wa\u017cn\u0105 cech\u0105 wielu tworzyw sztucznych jest ich wysoka odporno\u015b\u0107 na uderzenia. Jej warto\u015b\u0107 waha si\u0119 od 10 (pleksi) do 500 kJ\/m2 (w\u0142\u00f3kno szklane). <\/p>\n<p>Opr\u00f3cz doskona\u0142ych w\u0142a\u015bciwo\u015bci fizycznych, mechanicznych i chemicznych, tworzywa sztuczne maj\u0105 cenne w\u0142a\u015bciwo\u015bci technologiczne. S\u0105 stosunkowo \u0142atwe do formowania (przez odlewanie, prasowanie, t\u0142oczenie itp.), mo\u017cna je spawa\u0107 i klei\u0107 ze sob\u0105 oraz z innymi materia\u0142ami, co umo\u017cliwia tworzenie szczelnych konstrukcji, wykonywanie hydro- i paroizolacji.[\/vc_column_text][\/toggle][toggle color=&#8221;Default&#8221; heading_tag=&#8221;default&#8221; heading_tag_functionality=&#8221;default&#8221; title=&#8221;Instalacja pokrywy w\u0142azu klasy A&#8221;][vc_column_text css=&#8221;&#8221; text_direction=&#8221;default&#8221;]<img loading=\"lazy\" decoding=\"async\" class=\"alignnone size-full wp-image-4422\" src=\"https:\/\/newluki.wp.brander.technology\/wp-content\/uploads\/2025\/01\/%D0%B7%D0%B0%D0%B2%D0%B0%D0%BD%D1%82%D0%B0%D0%B6%D0%B5%D0%BD%D0%BD%D1%8F.jpeg\" alt=\"\" width=\"600\" height=\"466\"><\/p>\n<p>Monta\u017c i instalacja w\u0142az\u00f3w kanalizacyjnych powinny odbywa\u0107 si\u0119 zgodnie ze \u015bci\u015ble ustalonymi zasadami, poniewa\u017c tylko w takim przypadku b\u0119d\u0105 one w pe\u0142ni bezpieczne zar\u00f3wno dla pieszych, jak i innych u\u017cytkownik\u00f3w dr\u00f3g.<\/p>\n<p>Procedura instalacji<br \/>\n&#8211; Zainstalowa\u0107 pier\u015bcie\u0144 w\u0142azu na powierzchni betonu zbrojonego.<br \/>\n&#8211; Wype\u0142ni\u0107 pier\u015bcie\u0144 betonem.<br \/>\n&#8211; W\u0142\u00f3\u017c pokryw\u0119 w\u0142azu do pier\u015bcienia.<br \/>\nUwaga: Pokrywa w\u0142azu studni zlokalizowanych na obszarach zabudowanych bez nawierzchni drogowych powinna znajdowa\u0107 si\u0119 50 mm nad ziemi\u0105. Wok\u00f3\u0142 w\u0142azu nale\u017cy zapewni\u0107 \u015blepy obszar o szeroko\u015bci 1,0 m ze spadkiem od pokrywy w\u0142azu. <\/p>\n<p>Linie kanalizacyjne mi\u0119dzy studniami musz\u0105 by\u0107 u\u0142o\u017cone prosto; w miejscach, w kt\u00f3rych sie\u0107 skr\u0119ca, zmienia si\u0119 nachylenie linii, zmienia si\u0119 \u015brednica rur, nale\u017cy zbudowa\u0107 studnie, na kt\u00f3rych zostanie przeprowadzona instalacja w\u0142az\u00f3w kanalizacyjnych. Rury i kana\u0142y w studniach musz\u0105 by\u0107 pod\u0142\u0105czone na g\u00f3rze rur lub na poziomie wody, aby w jak najwi\u0119kszym stopniu ograniczy\u0107 tworzenie si\u0119 cofki w wy\u017cszych odcinkach sieci. Podczas skr\u0119cania trasy ruroci\u0105gi o \u015brednicy lub wysoko\u015bci 1,2 m i wi\u0119kszej mog\u0105 by\u0107 u\u0142o\u017cone poza studniami rewizyjnymi wzd\u0142u\u017c \u0142uk\u00f3w o promieniu skr\u0119tu r\u00f3wnym co najmniej pi\u0119ciu \u015brednicom ruroci\u0105gu, a na pocz\u0105tku i na ko\u0144cu nale\u017cy wykona\u0107 instalacj\u0119 studni kanalizacyjnych.[\/vc_column_text][\/toggle][toggle color=&#8221;Default&#8221; heading_tag=&#8221;default&#8221; heading_tag_functionality=&#8221;default&#8221; title=&#8221;Monta\u017c pokryw w\u0142az\u00f3w klasy B i klasy C&#8221;][vc_column_text css=&#8221;&#8221; text_direction=&#8221;default&#8221;]<img loading=\"lazy\" decoding=\"async\" class=\"alignnone size-full wp-image-4428\" src=\"https:\/\/newluki.wp.brander.technology\/wp-content\/uploads\/2025\/01\/%D0%B7%D0%B0%D0%B2%D0%B0%D0%BD%D1%82%D0%B0%D0%B6%D0%B5%D0%BD%D0%BD%D1%8F-1.jpeg\" alt=\"\" width=\"600\" height=\"466\"><\/p>\n<p>Odst\u0119py mi\u0119dzy w\u0142azami inspekcyjnymi.<\/p>\n<p>Podczas monta\u017cu w\u0142azu nale\u017cy pami\u0119ta\u0107, \u017ce odleg\u0142o\u015b\u0107 mi\u0119dzy w\u0142azami liniowymi zale\u017cy od \u015brednicy rury.<br \/>\nd = 150 mm &#8211; 35 metr\u00f3w;<br \/>\nd = 200 mm &#8211; 50 metr\u00f3w;<br \/>\nd = 500 mm &#8211; 75 metr\u00f3w;<br \/>\nd = 700 &#8211; 900 mm &#8211; 100 metr\u00f3w;<br \/>\nd = 1000-1400 mm &#8211; 150 metr\u00f3w;<br \/>\nd = 1500-2000 mm &#8211; 200 metr\u00f3w;<br \/>\nd &gt; 2000 mm &#8211; 300 metr\u00f3w.<\/p>\n<p>Procedura instalacji<\/p>\n<p>&#8211; Zamontowa\u0107 pier\u015bcie\u0144 w\u0142azu na \u017celbetowej nawierzchni z uszami wzd\u0142u\u017c kierunku ruchu.<br \/>\n&#8211; Wype\u0142nij pier\u015bcie\u0144 betonem \/ nawierzchni\u0105 drogi.<br \/>\n&#8211; W\u0142\u00f3\u017c pokryw\u0119 w\u0142azu do pier\u015bcienia.<\/p>\n<p>Uwaga: Korpus w\u0142azu jest instalowany na konstrukcji betonowej lub \u017celbetowej, kt\u00f3rej wymagania techniczne s\u0105 okre\u015blone przez aktualny GOST 8020-90 &#8222;Konstrukcje betonowe i \u017celbetowe dla sieci kanalizacyjnych, wodoci\u0105gowych i gazowych&#8221;. G\u0142\u00f3wnym celem pier\u015bcienia no\u015bnego jest redystrybucja okre\u015blonego obci\u0105\u017cenia w celu ochrony p\u0142yty podstawowej przed zniszczeniem. Jak pokazano na rysunkach, studnia jest przykryta p\u0142yt\u0105 pod\u0142ogow\u0105, na kt\u00f3rej zamontowany jest pier\u015bcie\u0144 no\u015bny. Korpus w\u0142azu jest zainstalowany na pier\u015bcieniu no\u015bnym. Pokrywa w\u0142azu powinna by\u0107 zlicowana z powierzchni\u0105.[\/vc_column_text][\/toggle][toggle color=&#8221;Default&#8221; heading_tag=&#8221;default&#8221; heading_tag_functionality=&#8221;default&#8221; title=&#8221;Certyfikaty&#8221;][vc_column_text css=&#8221;&#8221; text_direction=&#8221;default&#8221;]<img loading=\"lazy\" decoding=\"async\" class=\"alignnone size-full wp-image-4434\" src=\"https:\/\/newluki.wp.brander.technology\/wp-content\/uploads\/2025\/01\/Sertifikat-dozhdepriemnik-PP-2016-2017.jpeg\" alt=\"\" width=\"705\" height=\"1000\" srcset=\"https:\/\/newluki.wp.brander.technology\/wp-content\/uploads\/2025\/01\/Sertifikat-dozhdepriemnik-PP-2016-2017.jpeg 705w, https:\/\/newluki.wp.brander.technology\/wp-content\/uploads\/2025\/01\/Sertifikat-dozhdepriemnik-PP-2016-2017-212x300.jpeg 212w, https:\/\/newluki.wp.brander.technology\/wp-content\/uploads\/2025\/01\/Sertifikat-dozhdepriemnik-PP-2016-2017-600x851.jpeg 600w\" sizes=\"auto, (max-width: 705px) 100vw, 705px\" \/><img loading=\"lazy\" decoding=\"async\" class=\"alignnone size-full wp-image-4440\" src=\"https:\/\/newluki.wp.brander.technology\/wp-content\/uploads\/2025\/01\/Sertifikat-luki-PP-2016-2017.jpeg\" alt=\"\" width=\"707\" height=\"1007\" srcset=\"https:\/\/newluki.wp.brander.technology\/wp-content\/uploads\/2025\/01\/Sertifikat-luki-PP-2016-2017.jpeg 707w, https:\/\/newluki.wp.brander.technology\/wp-content\/uploads\/2025\/01\/Sertifikat-luki-PP-2016-2017-211x300.jpeg 211w, https:\/\/newluki.wp.brander.technology\/wp-content\/uploads\/2025\/01\/Sertifikat-luki-PP-2016-2017-600x855.jpeg 600w\" sizes=\"auto, (max-width: 707px) 100vw, 707px\" \/><img loading=\"lazy\" decoding=\"async\" class=\"alignnone size-full wp-image-4446\" src=\"https:\/\/newluki.wp.brander.technology\/wp-content\/uploads\/2025\/01\/Sertifikat-sideniya-2016-2017.jpeg\" alt=\"\" width=\"707\" height=\"1007\" srcset=\"https:\/\/newluki.wp.brander.technology\/wp-content\/uploads\/2025\/01\/Sertifikat-sideniya-2016-2017.jpeg 707w, https:\/\/newluki.wp.brander.technology\/wp-content\/uploads\/2025\/01\/Sertifikat-sideniya-2016-2017-211x300.jpeg 211w, https:\/\/newluki.wp.brander.technology\/wp-content\/uploads\/2025\/01\/Sertifikat-sideniya-2016-2017-600x855.jpeg 600w\" sizes=\"auto, (max-width: 707px) 100vw, 707px\" \/>[\/vc_column_text][\/toggle][\/toggles][\/vc_column][\/vc_row]\n","protected":false},"excerpt":{"rendered":"<p>[vc_row type=&#8221;full_width_content&#8221; full_screen_row_position=&#8221;middle&#8221; column_margin=&#8221;default&#8221; equal_height=&#8221;yes&#8221; content_placement=&#8221;middle&#8221; column_direction=&#8221;default&#8221; column_direction_tablet=&#8221;default&#8221; column_direction_phone=&#8221;default&#8221; bg_color=&#8221;#f7f7f7&#8243; scene_position=&#8221;center&#8221; text_color=&#8221;dark&#8221; text_align=&#8221;left&#8221; row_border_radius=&#8221;none&#8221; row_border_radius_applies=&#8221;bg&#8221; overflow=&#8221;visible&#8221; overlay_strength=&#8221;0.3&#8243; gradient_direction=&#8221;left_to_right&#8221; shape_divider_position=&#8221;bottom&#8221; bg_image_animation=&#8221;none&#8221; shape_type=&#8221;&#8221;][vc_column column_padding=&#8221;padding-8-percent&#8221; column_padding_tablet=&#8221;inherit&#8221; column_padding_phone=&#8221;inherit&#8221; column_padding_position=&#8221;all&#8221;&#8230;<\/p>\n","protected":false},"author":1,"featured_media":0,"parent":0,"menu_order":0,"comment_status":"closed","ping_status":"closed","template":"","meta":{"footnotes":""},"class_list":["post-4573","page","type-page","status-publish"],"_links":{"self":[{"href":"https:\/\/newluki.wp.brander.technology\/pl\/wp-json\/wp\/v2\/pages\/4573","targetHints":{"allow":["GET"]}}],"collection":[{"href":"https:\/\/newluki.wp.brander.technology\/pl\/wp-json\/wp\/v2\/pages"}],"about":[{"href":"https:\/\/newluki.wp.brander.technology\/pl\/wp-json\/wp\/v2\/types\/page"}],"author":[{"embeddable":true,"href":"https:\/\/newluki.wp.brander.technology\/pl\/wp-json\/wp\/v2\/users\/1"}],"replies":[{"embeddable":true,"href":"https:\/\/newluki.wp.brander.technology\/pl\/wp-json\/wp\/v2\/comments?post=4573"}],"version-history":[{"count":4,"href":"https:\/\/newluki.wp.brander.technology\/pl\/wp-json\/wp\/v2\/pages\/4573\/revisions"}],"predecessor-version":[{"id":4579,"href":"https:\/\/newluki.wp.brander.technology\/pl\/wp-json\/wp\/v2\/pages\/4573\/revisions\/4579"}],"wp:attachment":[{"href":"https:\/\/newluki.wp.brander.technology\/pl\/wp-json\/wp\/v2\/media?parent=4573"}],"curies":[{"name":"wp","href":"https:\/\/api.w.org\/{rel}","templated":true}]}}