{"id":4721,"date":"2025-01-15T20:08:51","date_gmt":"2025-01-15T18:08:51","guid":{"rendered":"https:\/\/newluki.wp.brander.technology\/product\/polimerowa-pokrywa-inspekcyjna-kwadratowa-a15-zielona-385385-mm\/"},"modified":"2025-01-15T20:08:51","modified_gmt":"2025-01-15T18:08:51","slug":"polimerowa-pokrywa-inspekcyjna-kwadratowa-a15-zielona-385385-mm","status":"publish","type":"product","link":"https:\/\/newluki.wp.brander.technology\/pl\/produkt\/polimerowa-pokrywa-inspekcyjna-kwadratowa-a15-zielona-385385-mm\/","title":{"rendered":"Polimerowa pokrywa inspekcyjna kwadratowa (A15) zielona 385*385 mm"},"content":{"rendered":"<p>Zielony w\u0142az jest stosowany w systemach bez instalacji studni i nadaje si\u0119 r\u00f3wnie\u017c do instalacji na rurze lub studni o \u015brednicy zewn\u0119trznej 315 mm. Zaprojektowany do instalacji w strefie dla pieszych i parku. <\/p>\n<p>Materia\u0142: polietylen bez piasku.<\/p>\n<p>Zgodny ze specyfikacjami technicznymi; DSTU B V.2.5-26:2005, norm\u0105 europejsk\u0105 EN 124-6:2015 TU U 25.2-31642900-003:2006. Certyfikowany.<\/p>\n","protected":false},"excerpt":{"rendered":"<p>Zielony w\u0142az jest stosowany w systemach bez instalacji studni i nadaje si\u0119 r\u00f3wnie\u017c do instalacji na rurze lub studni o \u015brednicy zewn\u0119trznej 315 mm. Zaprojektowany&#8230;<\/p>\n","protected":false},"featured_media":4011,"comment_status":"closed","ping_status":"closed","template":"","meta":[],"product_cat":[147],"product_tag":[],"class_list":{"0":"post-4721","1":"product","2":"type-product","3":"status-publish","4":"has-post-thumbnail","6":"product_cat-lightweight-hatches-a15-a50-pl","8":"first","9":"instock","10":"shipping-taxable","11":"purchasable","12":"product-type-simple"},"_links":{"self":[{"href":"https:\/\/newluki.wp.brander.technology\/pl\/wp-json\/wp\/v2\/product\/4721","targetHints":{"allow":["GET"]}}],"collection":[{"href":"https:\/\/newluki.wp.brander.technology\/pl\/wp-json\/wp\/v2\/product"}],"about":[{"href":"https:\/\/newluki.wp.brander.technology\/pl\/wp-json\/wp\/v2\/types\/product"}],"replies":[{"embeddable":true,"href":"https:\/\/newluki.wp.brander.technology\/pl\/wp-json\/wp\/v2\/comments?post=4721"}],"wp:featuredmedia":[{"embeddable":true,"href":"https:\/\/newluki.wp.brander.technology\/pl\/wp-json\/wp\/v2\/media\/4011"}],"wp:attachment":[{"href":"https:\/\/newluki.wp.brander.technology\/pl\/wp-json\/wp\/v2\/media?parent=4721"}],"wp:term":[{"taxonomy":"product_cat","embeddable":true,"href":"https:\/\/newluki.wp.brander.technology\/pl\/wp-json\/wp\/v2\/product_cat?post=4721"},{"taxonomy":"product_tag","embeddable":true,"href":"https:\/\/newluki.wp.brander.technology\/pl\/wp-json\/wp\/v2\/product_tag?post=4721"}],"curies":[{"name":"wp","href":"https:\/\/api.w.org\/{rel}","templated":true}]}}