{"id":4727,"date":"2025-01-15T19:53:11","date_gmt":"2025-01-15T17:53:11","guid":{"rendered":"https:\/\/newluki.wp.brander.technology\/product\/polimer-ellenorzofedel-negyzet-alaku-a15-fekete-385385-mm\/"},"modified":"2025-02-11T11:16:53","modified_gmt":"2025-02-11T09:16:53","slug":"polimer-ellenorzofedel-negyzet-alaku-a15-fekete-385385-mm","status":"publish","type":"product","link":"https:\/\/newluki.wp.brander.technology\/pl\/produkt\/polimer-ellenorzofedel-negyzet-alaku-a15-fekete-385385-mm\/","title":{"rendered":"Polimer ellen\u0151rz\u0151fed\u00e9l n\u00e9gyzet alak\u00fa (A15) fekete 385*385 mm"},"content":{"rendered":"<p>A fekete ny\u00edl\u00e1s olyan rendszerekben haszn\u00e1lhat\u00f3, ahol nincs k\u00fat be\u00e9p\u00edtve, \u00e9s alkalmas 315 mm k\u00fcls\u0151 \u00e1tm\u00e9r\u0151j\u0171 cs\u0151re vagy k\u00fatra t\u00f6rt\u00e9n\u0151 be\u00e9p\u00edt\u00e9sre is. Gyalogos \u00e9s parkos ter\u00fcleten t\u00f6rt\u00e9n\u0151 be\u00e9p\u00edt\u00e9sre tervezt\u00e9k. <\/p>\n<p>Materia\u0142: polietylen bez piasku.<\/p>\n<p>Zgodny ze specyfikacjami technicznymi; DSTU B V.2.5-26:2005, norm\u0105 europejsk\u0105 EN 124-6:2015 TU U 25.2-31642900-003:2006. Certyfikowany.<\/p>\n","protected":false},"excerpt":{"rendered":"<p>Zgodny ze specyfikacjami technicznymi; DSTU B V.2.5-26:2005, norm\u0105 europejsk\u0105 EN 124-6:2015 TU U 25.2-31642900-003:2006. Certyfikowany. <\/p>\n","protected":false},"featured_media":3980,"comment_status":"closed","ping_status":"closed","template":"","meta":[],"product_cat":[147],"product_tag":[],"class_list":{"0":"post-4727","1":"product","2":"type-product","3":"status-publish","4":"has-post-thumbnail","6":"product_cat-lightweight-hatches-a15-a50-pl","8":"first","9":"instock","10":"shipping-taxable","11":"purchasable","12":"product-type-simple"},"_links":{"self":[{"href":"https:\/\/newluki.wp.brander.technology\/pl\/wp-json\/wp\/v2\/product\/4727","targetHints":{"allow":["GET"]}}],"collection":[{"href":"https:\/\/newluki.wp.brander.technology\/pl\/wp-json\/wp\/v2\/product"}],"about":[{"href":"https:\/\/newluki.wp.brander.technology\/pl\/wp-json\/wp\/v2\/types\/product"}],"replies":[{"embeddable":true,"href":"https:\/\/newluki.wp.brander.technology\/pl\/wp-json\/wp\/v2\/comments?post=4727"}],"wp:featuredmedia":[{"embeddable":true,"href":"https:\/\/newluki.wp.brander.technology\/pl\/wp-json\/wp\/v2\/media\/3980"}],"wp:attachment":[{"href":"https:\/\/newluki.wp.brander.technology\/pl\/wp-json\/wp\/v2\/media?parent=4727"}],"wp:term":[{"taxonomy":"product_cat","embeddable":true,"href":"https:\/\/newluki.wp.brander.technology\/pl\/wp-json\/wp\/v2\/product_cat?post=4727"},{"taxonomy":"product_tag","embeddable":true,"href":"https:\/\/newluki.wp.brander.technology\/pl\/wp-json\/wp\/v2\/product_tag?post=4727"}],"curies":[{"name":"wp","href":"https:\/\/api.w.org\/{rel}","templated":true}]}}