{"id":4735,"date":"2025-01-15T16:17:34","date_gmt":"2025-01-15T14:17:34","guid":{"rendered":"https:\/\/newluki.wp.brander.technology\/product\/polimerowy-wlaz-ogrodowy-a15-780-mm-szary-z-mechanizmem-blokujacym\/"},"modified":"2025-01-15T16:17:34","modified_gmt":"2025-01-15T14:17:34","slug":"polimerowy-wlaz-ogrodowy-a15-780-mm-szary-z-mechanizmem-blokujacym","status":"publish","type":"product","link":"https:\/\/newluki.wp.brander.technology\/pl\/produkt\/polimerowy-wlaz-ogrodowy-a15-780-mm-szary-z-mechanizmem-blokujacym\/","title":{"rendered":"Polimerowy w\u0142az ogrodowy (A15) 780 mm szary z mechanizmem blokuj\u0105cym"},"content":{"rendered":"<p>Ta studzienka jest wykonana z kompozyt\u00f3w polimerowych i jest przeznaczona do monta\u017cu na studniach rewizyjnych wszystkich typ\u00f3w sieci komunalnych. Idealne rozwi\u0105zanie dla trawnik\u00f3w, ogrod\u00f3w i chodnik\u00f3w. <\/p>\n<p>Zwi\u0119kszony rozmiar korpusu sprawia, \u017ce monta\u017c klapy jest jeszcze \u0142atwiejszy i szybszy.<\/p>\n<p>Dostarczany z mechanizmem blokuj\u0105cym.<\/p>\n<p>Materia\u0142: Polietylen bez piasku.<\/p>\n<p>Zgodny ze specyfikacjami technicznymi; DSTU B V.2.5-26:2005, norm\u0105 europejsk\u0105 EN 124-6:2015, TU U 25.2-31642900-003:2006. Certyfikowany.<\/p>\n","protected":false},"excerpt":{"rendered":"<p>Ta studzienka jest wykonana z kompozyt\u00f3w polimerowych i jest przeznaczona do monta\u017cu na studniach rewizyjnych wszystkich typ\u00f3w sieci komunalnych. Idealne rozwi\u0105zanie dla trawnik\u00f3w, ogrod\u00f3w i&#8230;<\/p>\n","protected":false},"featured_media":4341,"comment_status":"closed","ping_status":"closed","template":"","meta":[],"product_cat":[147],"product_tag":[],"class_list":{"0":"post-4735","1":"product","2":"type-product","3":"status-publish","4":"has-post-thumbnail","6":"product_cat-lightweight-hatches-a15-a50-pl","8":"first","9":"instock","10":"shipping-taxable","11":"purchasable","12":"product-type-simple"},"_links":{"self":[{"href":"https:\/\/newluki.wp.brander.technology\/pl\/wp-json\/wp\/v2\/product\/4735","targetHints":{"allow":["GET"]}}],"collection":[{"href":"https:\/\/newluki.wp.brander.technology\/pl\/wp-json\/wp\/v2\/product"}],"about":[{"href":"https:\/\/newluki.wp.brander.technology\/pl\/wp-json\/wp\/v2\/types\/product"}],"replies":[{"embeddable":true,"href":"https:\/\/newluki.wp.brander.technology\/pl\/wp-json\/wp\/v2\/comments?post=4735"}],"wp:featuredmedia":[{"embeddable":true,"href":"https:\/\/newluki.wp.brander.technology\/pl\/wp-json\/wp\/v2\/media\/4341"}],"wp:attachment":[{"href":"https:\/\/newluki.wp.brander.technology\/pl\/wp-json\/wp\/v2\/media?parent=4735"}],"wp:term":[{"taxonomy":"product_cat","embeddable":true,"href":"https:\/\/newluki.wp.brander.technology\/pl\/wp-json\/wp\/v2\/product_cat?post=4735"},{"taxonomy":"product_tag","embeddable":true,"href":"https:\/\/newluki.wp.brander.technology\/pl\/wp-json\/wp\/v2\/product_tag?post=4735"}],"curies":[{"name":"wp","href":"https:\/\/api.w.org\/{rel}","templated":true}]}}