{"id":4745,"date":"2025-01-15T16:35:31","date_gmt":"2025-01-15T14:35:31","guid":{"rendered":"https:\/\/newluki.wp.brander.technology\/product\/polimerowy-kwadratowy-wlaz-a15-zielony-z-mechanizmem-blokujacym\/"},"modified":"2025-01-15T16:35:31","modified_gmt":"2025-01-15T14:35:31","slug":"polimerowy-kwadratowy-wlaz-a15-zielony-z-mechanizmem-blokujacym","status":"publish","type":"product","link":"https:\/\/newluki.wp.brander.technology\/pl\/produkt\/polimerowy-kwadratowy-wlaz-a15-zielony-z-mechanizmem-blokujacym\/","title":{"rendered":"Polimerowy kwadratowy w\u0142az (A15) zielony z mechanizmem blokuj\u0105cym"},"content":{"rendered":"<p>Kwadratowa zielona pokrywa w\u0142azu wykonana z kompozyt\u00f3w polimerowych jest idealna do instalacji na drogach pokrytych p\u0142ytami chodnikowymi. Jest to optymalne rozwi\u0105zanie do stosowania w ogrodach i parkach, przy budowie boisk sportowych i domk\u00f3w letniskowych. Wysoko\u015b\u0107 tej pokrywy w\u0142azu wynosi zaledwie 6 cm, co znacznie u\u0142atwia instalacj\u0119 na tym samym poziomie co pod\u0142oga wy\u0142o\u017cona p\u0142ytkami.  <\/p>\n<p>Wyposa\u017cony w czteropunktowy mechanizm blokuj\u0105cy.<\/p>\n<p>Materia\u0142: polietylen bez piasku.<\/p>\n<p>Zgodny ze specyfikacjami technicznymi; DSTU B V.2.5-26:2005, norm\u0105 europejsk\u0105 EN 124-6:2015 i TU U 25.2-31642900-003:2006. Certyfikowany.<\/p>\n","protected":false},"excerpt":{"rendered":"<p>Kwadratowa zielona pokrywa w\u0142azu wykonana z kompozyt\u00f3w polimerowych jest idealna do instalacji na drogach pokrytych p\u0142ytami chodnikowymi. Jest to optymalne rozwi\u0105zanie do stosowania w ogrodach&#8230;<\/p>\n","protected":false},"featured_media":3694,"comment_status":"closed","ping_status":"closed","template":"","meta":[],"product_cat":[147],"product_tag":[],"class_list":{"0":"post-4745","1":"product","2":"type-product","3":"status-publish","4":"has-post-thumbnail","6":"product_cat-lightweight-hatches-a15-a50-pl","8":"first","9":"instock","10":"shipping-taxable","11":"purchasable","12":"product-type-simple"},"_links":{"self":[{"href":"https:\/\/newluki.wp.brander.technology\/pl\/wp-json\/wp\/v2\/product\/4745","targetHints":{"allow":["GET"]}}],"collection":[{"href":"https:\/\/newluki.wp.brander.technology\/pl\/wp-json\/wp\/v2\/product"}],"about":[{"href":"https:\/\/newluki.wp.brander.technology\/pl\/wp-json\/wp\/v2\/types\/product"}],"replies":[{"embeddable":true,"href":"https:\/\/newluki.wp.brander.technology\/pl\/wp-json\/wp\/v2\/comments?post=4745"}],"wp:featuredmedia":[{"embeddable":true,"href":"https:\/\/newluki.wp.brander.technology\/pl\/wp-json\/wp\/v2\/media\/3694"}],"wp:attachment":[{"href":"https:\/\/newluki.wp.brander.technology\/pl\/wp-json\/wp\/v2\/media?parent=4745"}],"wp:term":[{"taxonomy":"product_cat","embeddable":true,"href":"https:\/\/newluki.wp.brander.technology\/pl\/wp-json\/wp\/v2\/product_cat?post=4745"},{"taxonomy":"product_tag","embeddable":true,"href":"https:\/\/newluki.wp.brander.technology\/pl\/wp-json\/wp\/v2\/product_tag?post=4745"}],"curies":[{"name":"wp","href":"https:\/\/api.w.org\/{rel}","templated":true}]}}