{"id":4750,"date":"2025-01-16T00:25:27","date_gmt":"2025-01-15T22:25:27","guid":{"rendered":"https:\/\/newluki.wp.brander.technology\/product\/polimerowy-wlaz-sredni-b125-czarny-z-mechanizmem-blokujacym\/"},"modified":"2025-01-16T00:25:27","modified_gmt":"2025-01-15T22:25:27","slug":"polimerowy-wlaz-sredni-b125-czarny-z-mechanizmem-blokujacym","status":"publish","type":"product","link":"https:\/\/newluki.wp.brander.technology\/pl\/produkt\/polimerowy-wlaz-sredni-b125-czarny-z-mechanizmem-blokujacym\/","title":{"rendered":"Polimerowy w\u0142az \u015bredni (B125) czarny z mechanizmem blokuj\u0105cym"},"content":{"rendered":"<p>Pokrywa w\u0142azu (B125) wykonana z kompozycji polimerowych o wysokiej wytrzyma\u0142o\u015bci do studni rewizyjnych wszystkich typ\u00f3w w\u0142az\u00f3w na drogach o ma\u0142ym nat\u0119\u017ceniu ruchu, drogach blokowych, parkingach, chodnikach o du\u017cym nat\u0119\u017ceniu ruchu.<\/p>\n<p>Dostarczany z mechanizmem blokuj\u0105cym.<\/p>\n<p>Materia\u0142 u\u017cyty do produkcji jest odporny na agresywne \u015brodowisko i temperatury oraz roztwory soli drogowej i chodnikowej.<\/p>\n<p>Zgodny ze specyfikacjami technicznymi; DSTU B V.2.5-26:2005, norm\u0105 europejsk\u0105 EN 124-6:2015 TU U 25.2-31642900-003:2006. Certyfikowany. <\/p>\n<p>Okres gwarancji wynosi 24 miesi\u0105ce.<\/p>\n","protected":false},"excerpt":{"rendered":"<p>Pokrywa w\u0142azu (B125) wykonana z kompozycji polimerowych o wysokiej wytrzyma\u0142o\u015bci do studni rewizyjnych wszystkich typ\u00f3w w\u0142az\u00f3w na drogach o ma\u0142ym nat\u0119\u017ceniu ruchu, drogach blokowych, parkingach,&#8230;<\/p>\n","protected":false},"featured_media":4217,"comment_status":"closed","ping_status":"closed","template":"","meta":[],"product_cat":[157],"product_tag":[],"class_list":{"0":"post-4750","1":"product","2":"type-product","3":"status-publish","4":"has-post-thumbnail","6":"product_cat-middle-hatches-b125-pl","8":"first","9":"instock","10":"shipping-taxable","11":"purchasable","12":"product-type-simple"},"_links":{"self":[{"href":"https:\/\/newluki.wp.brander.technology\/pl\/wp-json\/wp\/v2\/product\/4750","targetHints":{"allow":["GET"]}}],"collection":[{"href":"https:\/\/newluki.wp.brander.technology\/pl\/wp-json\/wp\/v2\/product"}],"about":[{"href":"https:\/\/newluki.wp.brander.technology\/pl\/wp-json\/wp\/v2\/types\/product"}],"replies":[{"embeddable":true,"href":"https:\/\/newluki.wp.brander.technology\/pl\/wp-json\/wp\/v2\/comments?post=4750"}],"wp:featuredmedia":[{"embeddable":true,"href":"https:\/\/newluki.wp.brander.technology\/pl\/wp-json\/wp\/v2\/media\/4217"}],"wp:attachment":[{"href":"https:\/\/newluki.wp.brander.technology\/pl\/wp-json\/wp\/v2\/media?parent=4750"}],"wp:term":[{"taxonomy":"product_cat","embeddable":true,"href":"https:\/\/newluki.wp.brander.technology\/pl\/wp-json\/wp\/v2\/product_cat?post=4750"},{"taxonomy":"product_tag","embeddable":true,"href":"https:\/\/newluki.wp.brander.technology\/pl\/wp-json\/wp\/v2\/product_tag?post=4750"}],"curies":[{"name":"wp","href":"https:\/\/api.w.org\/{rel}","templated":true}]}}