{"id":4581,"date":"2018-08-20T20:21:35","date_gmt":"2018-08-20T18:21:35","guid":{"rendered":"https:\/\/newluki.wp.brander.technology\/kontakt\/"},"modified":"2025-02-10T11:07:42","modified_gmt":"2025-02-10T09:07:42","slug":"kontakt","status":"publish","type":"page","link":"https:\/\/newluki.wp.brander.technology\/sk\/kontakt\/","title":{"rendered":"Kontakt"},"content":{"rendered":"[vc_row type=&#8220;full_width_content&#8220; full_screen_row_position=&#8220;middle&#8220; column_margin=&#8220;default&#8220; equal_height=&#8220;yes&#8220; content_placement=&#8220;middle&#8220; column_direction=&#8220;default&#8220; column_direction_tablet=&#8220;default&#8220; column_direction_phone=&#8220;default&#8220; bg_color=&#8220;#f7f7f7&#8243; scene_position=&#8220;center&#8220; text_color=&#8220;dark&#8220; text_align=&#8220;left&#8220; row_border_radius=&#8220;none&#8220; row_border_radius_applies=&#8220;bg&#8220; overflow=&#8220;visible&#8220; overlay_strength=&#8220;0.3&#8243; gradient_direction=&#8220;left_to_right&#8220; shape_divider_position=&#8220;bottom&#8220; bg_image_animation=&#8220;none&#8220; shape_type=&#8220;&#8220;][vc_column column_padding=&#8220;padding-8-percent&#8220; column_padding_tablet=&#8220;inherit&#8220; column_padding_phone=&#8220;inherit&#8220; column_padding_position=&#8220;all&#8220; column_element_direction_desktop=&#8220;default&#8220; column_element_spacing=&#8220;default&#8220; desktop_text_alignment=&#8220;default&#8220; tablet_text_alignment=&#8220;default&#8220; phone_text_alignment=&#8220;default&#8220; background_color=&#8220;#0a0a0a&#8220; background_color_opacity=&#8220;0.8&#8243; background_hover_color_opacity=&#8220;1&#8243; background_image=&#8220;4555&#8243; background_image_position=&#8220;center center&#8220; background_image_stacking=&#8220;default&#8220; background_image_loading=&#8220;default&#8220; column_backdrop_filter=&#8220;none&#8220; font_color=&#8220;#ffffff&#8220; column_shadow=&#8220;none&#8220; column_border_radius=&#8220;none&#8220; column_link_target=&#8220;_self&#8220; column_position=&#8220;default&#8220; gradient_direction=&#8220;left_to_right&#8220; overlay_strength=&#8220;0.3&#8243; width=&#8220;1\/2&#8243; tablet_width_inherit=&#8220;default&#8220; animation_type=&#8220;default&#8220; bg_image_animation=&#8220;none&#8220; border_type=&#8220;simple&#8220; column_border_width=&#8220;none&#8220; column_border_style=&#8220;solid&#8220; column_padding_type=&#8220;default&#8220; gradient_type=&#8220;default&#8220;][vc_custom_heading text=&#8220;Kontakty&#8220; font_container=&#8220;tag:h2|text_align:left|color:%23ffffff&#8220; use_theme_fonts=&#8220;yes&#8220; css=&#8220;&#8220;][vc_column_text css=&#8220;.vc_custom_1737534714579{margin-top: 20px !important;margin-bottom: 60px !important;}&#8220; max_width=&#8220;475&#8243; text_direction=&#8220;default&#8220;]\n<div>\n<div>Otv\u00e1racie hodiny:<\/div>\n<div class=\"contacts-shops-content\">Po.-Pia. 10:00\u201318:00<\/div>\n<div>Sobota &#8211; nede\u013ea. 10:00 -17:00<\/div>\n<\/div>\n[\/vc_column_text][nectar_cta btn_style=&#8220;text-reveal-wave&#8220; heading_tag=&#8220;h5&#8243; button_color=&#8220;default&#8220; text_color=&#8220;#ffffff&#8220; button_border_thickness=&#8220;0px&#8220; link_type=&#8220;regular&#8220; alignment=&#8220;left&#8220; alignment_tablet=&#8220;default&#8220; alignment_phone=&#8220;default&#8220; display=&#8220;block&#8220; display_tablet=&#8220;inherit&#8220; display_phone=&#8220;inherit&#8220; icon_family=&#8220;fontawesome&#8220; link_text=&#8220;+421950614826&#8243; icon_fontawesome=&#8220;fa fa-phone&#8220; url=&#8220;tel:+421950614826&#8243;][nectar_cta btn_style=&#8220;text-reveal-wave&#8220; heading_tag=&#8220;h5&#8243; button_color=&#8220;default&#8220; text_color=&#8220;#ffffff&#8220; button_border_thickness=&#8220;0px&#8220; link_type=&#8220;regular&#8220; alignment=&#8220;left&#8220; alignment_tablet=&#8220;default&#8220; alignment_phone=&#8220;default&#8220; display=&#8220;block&#8220; display_tablet=&#8220;inherit&#8220; display_phone=&#8220;inherit&#8220; icon_family=&#8220;fontawesome&#8220; link_text=&#8220;panov.trading@gmail.com&#8220; url=&#8220;mailto:panov.trading@gmail.com&#8220; icon_fontawesome=&#8220;fa fa-envelope-open&#8220;][\/vc_column][vc_column column_padding=&#8220;padding-8-percent&#8220; column_padding_tablet=&#8220;inherit&#8220; column_padding_phone=&#8220;inherit&#8220; column_padding_position=&#8220;all&#8220; column_element_direction_desktop=&#8220;default&#8220; column_element_spacing=&#8220;default&#8220; desktop_text_alignment=&#8220;default&#8220; tablet_text_alignment=&#8220;default&#8220; phone_text_alignment=&#8220;default&#8220; background_color=&#8220;#ffe3f3&#8243; background_color_opacity=&#8220;1&#8243; background_hover_color_opacity=&#8220;1&#8243; column_backdrop_filter=&#8220;none&#8220; column_shadow=&#8220;none&#8220; column_border_radius=&#8220;none&#8220; column_link_target=&#8220;_self&#8220; column_position=&#8220;default&#8220; gradient_direction=&#8220;left_to_right&#8220; overlay_strength=&#8220;0.3&#8243; width=&#8220;1\/2&#8243; tablet_width_inherit=&#8220;default&#8220; animation_type=&#8220;default&#8220; bg_image_animation=&#8220;none&#8220; border_type=&#8220;simple&#8220; column_border_width=&#8220;none&#8220; column_border_style=&#8220;solid&#8220;][vc_column_text css=&#8220;&#8220; text_direction=&#8220;default&#8220;]\n<h3>O spolo\u010dnosti<\/h3>\n[\/vc_column_text][toggles style=&#8220;minimal_small&#8220;][toggle color=&#8220;Default&#8220; heading_tag=&#8220;default&#8220; heading_tag_functionality=&#8220;default&#8220; title=&#8220;V\u00fdroba poklopov na \u0161achty a vtokov\u00fdch mre\u017e\u00ed na objedn\u00e1vku&#8220;][vc_column_text css=&#8220;&#8220; text_direction=&#8220;default&#8220;]Poklopy na \u0161achty a vtokov\u00e9 mre\u017ee si m\u00f4\u017eete objedna\u0165 v \u013eubovo\u013enom po\u010dte ne\u0161tandardn\u00fdch ve\u013ekost\u00ed (aj 1 kus). Na tento \u00fa\u010del je potrebn\u00e9 telefonicky kontaktova\u0165 oddelenie predbe\u017en\u00fdch objedn\u00e1vok na\u0161ej spolo\u010dnosti: <a class=\"link_text hover\" role=\"button\" href=\"tel:+421950614826\" aria-label=\"+421950614826\"><span class=\"text\"><span class=\"char\">+<\/span><span class=\"char\">4<\/span><span class=\"char\">2<\/span><span class=\"char\">1<\/span><span class=\"char\">9<\/span><span class=\"char\">5<\/span><span class=\"char\">0<\/span><span class=\"char\">6<\/span><span class=\"char\">1<\/span><span class=\"char\">4<\/span><span class=\"char\">8<\/span><span class=\"char\">2<\/span><span class=\"char\">6<\/span><\/span><\/a> alebo e-mailom  <a class=\"link_text hover\" role=\"button\" href=\"mailto:panov.trading@gmail.com\" aria-label=\"panov.trading@gmail.com\"><span class=\"text\"><span class=\"char\">p<\/span><span class=\"char\">a<\/span><span class=\"char\">n<\/span><span class=\"char\">o<\/span><span class=\"char\">v<\/span><span class=\"char\">.<\/span><span class=\"char\">t<\/span><span class=\"char\">r<\/span><span class=\"char\">a<\/span><span class=\"char\">d<\/span><span class=\"char\">i<\/span><span class=\"char\">n<\/span><span class=\"char\">g<\/span><span class=\"char\">@<\/span><span class=\"char\">g<\/span><span class=\"char\">m<\/span><span class=\"char\">a<\/span><span class=\"char\">i<\/span><span class=\"char\">l<\/span><span class=\"char\">.<\/span><span class=\"char\">c<\/span><span class=\"char\">o<\/span><span class=\"char\">m<\/span><\/span><\/a>[\/vc_column_text][\/toggle][toggle color=&#8220;Default&#8220; heading_tag=&#8220;default&#8220; heading_tag_functionality=&#8220;default&#8220; title=&#8220;Desa\u0165 d\u00f4vodov, pre\u010do si vybra\u0165 TDS&#8220;][vc_column_text css=&#8220;&#8220; text_direction=&#8220;default&#8220;]Za 15 rokov p\u00f4sobenia na trhu sa na\u0161a spolo\u010dnos\u0165 stala poprednou firmou a jej v\u00fdrobky sa vyzna\u010duj\u00fa optim\u00e1lnou kombin\u00e1ciou ceny, funk\u010dnosti a odolnosti.<br \/>\n1. Jedine\u010dnos\u0165.<br \/>\nNa\u0161a spolo\u010dnos\u0165 je l\u00eddrom medzi v\u00fdrobcami polym\u00e9rov\u00fdch poklopov na \u0161achty a vtokov\u00fdch mre\u017e\u00ed na Ukrajine, preto\u017ee:<br \/>\n&#8211; ako prv\u00ed sme vytvorili plastov\u00fd poklop na \u0161achty;<br \/>\n&#8211; len my m\u00e1me certifikovan\u00e9 laborat\u00f3rium na testovanie v\u0161etk\u00fdch vyr\u00e1ban\u00fdch v\u00fdrobkov;<br \/>\n&#8211; sme l\u00eddrami v predaji polym\u00e9rov\u00fdch vtokov\u00fdch mrie\u017eok a poklopov na \u0161achty;<br \/>\n&#8211; len na\u0161e v\u00fdrobky v\u010faka \u0161peci\u00e1lnemu testovaniu a jedine\u010dn\u00fdm vlastnostiam materi\u00e1lu vydr\u017eia po\u017eadovan\u00e9 za\u0165a\u017eenie.<br \/>\n2. Vo v\u00fdrobkoch nie je piesok.<br \/>\nKompozitn\u00fd materi\u00e1l, z ktor\u00e9ho s\u00fa vyroben\u00e9 na\u0161e poklopy na \u0161achty a vtokov\u00e9 mre\u017ee, neobsahuje piesok. Na\u0161e v\u00fdrobky maj\u00fa jedine\u010dn\u00e9 vlastnosti, vyzna\u010duj\u00fa sa ide\u00e1lnymi vlastnos\u0165ami &#8211; odolnos\u0165ou, \u013eahkos\u0165ou a pevnos\u0165ou.<br \/>\n3. N\u00e1klady.<br \/>\nCena na\u0161ich v\u00fdrobkov v\u00e1s pr\u00edjemne prekvap\u00ed, preto\u017ee v\u00fdrobky spolo\u010dnosti TDS s\u00fa o 60 &#8211; 80 % lacnej\u0161ie ako ich kovov\u00e9 n\u00e1protivky.<br \/>\n4. N\u00edzka hmotnos\u0165.<br \/>\nNa\u0161e polym\u00e9rov\u00e9 poklopy na \u0161achty a vtokov\u00e9 mre\u017ee s\u00fa o 60-80 % \u013eah\u0161ie ako ich kovov\u00e9 n\u00e1protivky. V\u010faka tomu s\u00fa na\u0161e v\u00fdrobky ve\u013emi jednoduch\u00e9 na prepravu (zni\u017euj\u00fa sa n\u00e1klady na potrebn\u00e9 vybavenie a pracovn\u00fa silu), in\u0161tal\u00e1ciu a prev\u00e1dzku (t\u00fa zvl\u00e1dne r\u00fdchlo a jednoducho jedna osoba).<br \/>\n5. Ochrana proti vandalizmu.<br \/>\nPlastov\u00e9 kryty \u0161\u00e1cht nie s\u00fa pre zlodejov zauj\u00edmav\u00e9.<br \/>\n6. Dodr\u017eiavanie po\u017eiadaviek modern\u00fdch technologick\u00fdch predpisov.<br \/>\nV\u0161etky na\u0161e v\u00fdrobky s\u00fa vyvinut\u00e9 a schv\u00e1len\u00e9 &#8222;Vedeckov\u00fdskumn\u00fdm centrom pre normaliz\u00e1ciu, metrol\u00f3giu a certifik\u00e1ciu Ukrajiny&#8220;, maj\u00fa vlastnosti a charakteristiky, ktor\u00e9 sp\u013a\u0148aj\u00fa po\u017eiadavky a normy \u0161t\u00e1tnych noriem Ukrajiny a Eur\u00f3py: DSTU (V.2.5-26: 2005), EN 124 a GOST (3634-99\/B).<br \/>\n7. Odolnos\u0165 vo\u010di vplyvom prostredia.<br \/>\nOdolnos\u0165 vo\u010di vplyvom prostredia.<br \/>\n8. Chemick\u00e1 odolnos\u0165.<br \/>\nV kanaliza\u010dn\u00fdch \u0161acht\u00e1ch sa \u010dasto pou\u017e\u00edvaj\u00fa poklopy na kanaliz\u00e1ciu\/kanaliza\u010dn\u00e9 \u0161achty, \u010do vedie k zv\u00fd\u0161enej \u00farovni mikrobiologickej kor\u00f3zie. Na\u0161e kryty \u0161\u00e1cht nie s\u00fa vystaven\u00e9 kor\u00f3zii.<br \/>\n9. N\u00edzka odolnos\u0165 vo\u010di oderu.<br \/>\nKoeficient oderu na\u0161ich krytov \u0161\u00e1cht je 0,06 &#8211; 0,12 g \/ sm2<br \/>\n10. Na\u0161e vtokov\u00e9 mre\u017ee a kryty \u0161\u00e1cht s\u00fa nevodiv\u00e9.[\/vc_column_text][\/toggle][toggle color=&#8220;Default&#8220; heading_tag=&#8220;default&#8220; heading_tag_functionality=&#8220;default&#8220; title=&#8220;Ako m\u00f4\u017eete u\u0161etri\u0165 peniaze s na\u0161imi polym\u00e9rov\u00fdmi krytmi \u0161\u00e1cht?&#8220;][vc_column_text css=&#8220;&#8220; text_direction=&#8220;default&#8220;]Dnes sa liatinov\u00e9 v\u00fdrobky, najm\u00e4 poklopy rev\u00edznych \u0161\u00e1cht, nevyr\u00e1baj\u00fa z tej istej liatiny, ktor\u00e1 sa vyr\u00e1bala pred 100, 50, 30 a dokonca ani pred 10 rokmi. Preto nem\u00f4\u017ee by\u0165 re\u010d o nejakej spo\u013eahlivosti kovov\u00e9ho poklopu \u0161achty, o \u010dom sa presvied\u010dame, ke\u010f vid\u00edme rozbit\u00e9 v\u00fdrobky na \u0161acht\u00e1ch. Okrem toho s\u00fa pomerne drah\u00e9, a dokonca aj o r\u00fdchlosti zmiznutia krytu z va\u0161ej studne, a niekedy dokonca aj pl\u00e1\u0161\u0165a. V\u00fdsledkom s\u00fa ur\u010dit\u00e9 nev\u00fdhody, najm\u00e4 ak vezmeme do \u00favahy kubick\u00e9 metre zne\u010disten\u00fdch emisi\u00ed do \u017eivotn\u00e9ho prostredia pri spracovan\u00ed liatiny.   <\/p>\n<p>Zv\u00e1\u017ete n\u00e1kup &#8222;lacn\u00fdch&#8220; polym\u00e9rov\u00fdch poklopov na piesok. Na ich lacnos\u0165 zabudnete hne\u010f po k\u00fape, ke\u010f za\u010dnete myslie\u0165 na dod\u00e1vku a mont\u00e1\u017e. Napokon, rados\u0165 z obstarania sa rozplynie s pr\u00edchodom mrazov a objaven\u00edm sa &#8222;dobrej&#8220; trhliny v poklope. V\u00fdrobky s pieskom sa r\u00fdchlo kazia, ove\u013ea r\u00fdchlej\u0161ie ako plastov\u00e9 a liatinov\u00e9.[\/vc_column_text][\/toggle][toggle color=&#8220;Default&#8220; heading_tag=&#8220;default&#8220; heading_tag_functionality=&#8220;default&#8220; title=&#8220;Jedine\u010dn\u00e9 vlastnosti plastov&#8220;][vc_column_text css=&#8220;&#8220; text_direction=&#8220;default&#8220;]Plasty maj\u00fa s\u00fabor vlastnost\u00ed, ktor\u00e9 s\u00fa pre stavebn\u00edctvo mimoriadne cenn\u00e9. Jednou z ich hlavn\u00fdch v\u00fdhod je n\u00edzka objemov\u00e1 hmotnos\u0165 (15 &#8211; 1500 kg\/m3). V priemere s\u00fa plasty, s v\u00fdnimkou penov\u00fdch, 2 &#8211; 3-kr\u00e1t \u013eah\u0161ie ako hlin\u00edk a 5 &#8211; 8-kr\u00e1t \u013eah\u0161ie ako oce\u013e.  <\/p>\n<p>\u010eal\u0161ou d\u00f4le\u017eitou v\u00fdhodou plastov je ich vysok\u00e1 pevnos\u0165. V tomto oh\u013eade s\u00fa plasty lep\u0161ie ako mnoh\u00e9 tradi\u010dn\u00e9 stavebn\u00e9 materi\u00e1ly &#8211; bet\u00f3n, tehly, drevo. Plasty s doskovit\u00fdmi a vl\u00e1knit\u00fdmi plnivami maj\u00fa najvy\u0161\u0161ie ukazovatele pevnosti.  <\/p>\n<p>Orienta\u010dnou charakteristikou \u0161truktur\u00e1lnych vlastnost\u00ed plastov je pomer pevnosti materi\u00e1lu k jeho objemovej hmotnosti &#8211; koeficient \u0161truktur\u00e1lnej kvality. Plasty, hlavne lamin\u00e1ty, maj\u00fa vysok\u00fd s\u00fa\u010dinite\u013e kon\u0161truk\u010dnej kvality 2,2 &#8211; 2,5, zatia\u013e \u010do pri murive je to 0,02; pri bet\u00f3ne 0,06; oceli 0,5; borovicovom dreve 0,7. <\/p>\n<p>Plasty maj\u00fa n\u00edzku tepeln\u00fa vodivos\u0165, \u010do je d\u00f4le\u017eit\u00e9 pri uzatv\u00e1ran\u00ed kon\u0161trukci\u00ed. Pri hust\u00fdch plastoch sa s\u00fa\u010dinite\u013e tepelnej vodivosti pohybuje od 0,22 do 0,68 W\/m \u00b0C, zatia\u013e \u010do pri por\u00e9znych plastoch je to 0,03 W\/m \u00b0C. T\u00e1to vlastnos\u0165 umo\u017e\u0148uje v\u00fdrobcom vyr\u00e1ba\u0165 tenk\u00e9, \u013eahk\u00e9, ale odoln\u00e9 obvodov\u00e9 pl\u00e1\u0161te budov. <\/p>\n<p>Chemick\u00e1 odolnos\u0165 je ve\u013emi d\u00f4le\u017eitou vlastnos\u0165ou plastov, ktor\u00e1 z\u00e1vis\u00ed nielen od vlastnost\u00ed polym\u00e9ru, ale aj od vlastnost\u00ed pln\u00edv, zm\u00e4k\u010dovadiel a \u010fal\u0161\u00edch zlo\u017eiek. Obzvl\u00e1\u0161\u0165 odoln\u00e9 vo\u010di kor\u00f3zii s\u00fa plasty na b\u00e1ze polyetyl\u00e9nu, polystyr\u00e9nu, polyvinylchloridu, epoxidov\u00fdch polym\u00e9rov. <\/p>\n<p>Cennou vlastnos\u0165ou mnoh\u00fdch plastov je ich n\u00edzka oteruvzdornos\u0165. Polym\u00e9rne podlahov\u00e9 materi\u00e1ly maj\u00fa rovnak\u00fd koeficient oderu ako keramick\u00e9 dla\u017edice (0,06 &#8211; 0,12 g\/cm2) a dokonca ni\u017e\u0161\u00ed ako kamenn\u00e9 dosky. <\/p>\n<p>D\u00f4le\u017eitou vlastnos\u0165ou mnoh\u00fdch plastov je ich vysok\u00e1 odolnos\u0165 proti n\u00e1razu alebo h\u00fa\u017eevnatos\u0165. Jej hodnota sa pohybuje od 10 (plexisklo) do 500 kJ\/m2 (sklenen\u00e9 vl\u00e1kno). <\/p>\n<p>Okrem vynikaj\u00facich fyzik\u00e1lnych, mechanick\u00fdch a chemick\u00fdch vlastnost\u00ed maj\u00fa plasty aj cenn\u00e9 technologick\u00e9 vlastnosti. Pomerne \u013eahko sa tvaruj\u00fa (odlievan\u00edm, lisovan\u00edm, lisovan\u00edm at\u010f.), daj\u00fa sa zv\u00e1ra\u0165 a lepi\u0165 spolu a s in\u00fdmi materi\u00e1lmi, \u010do umo\u017e\u0148uje vytv\u00e1ra\u0165 utesnen\u00e9 kon\u0161trukcie, realizova\u0165 hydro a paroz\u00e1brany.[\/vc_column_text][\/toggle][toggle color=&#8220;Default&#8220; heading_tag=&#8220;default&#8220; heading_tag_functionality=&#8220;default&#8220; title=&#8220;In\u0161tal\u00e1cia krytu \u0161achty triedy A&#8220;][vc_column_text css=&#8220;&#8220; text_direction=&#8220;default&#8220;]<img loading=\"lazy\" decoding=\"async\" class=\"alignnone size-full wp-image-4422\" src=\"https:\/\/newluki.wp.brander.technology\/wp-content\/uploads\/2025\/01\/%D0%B7%D0%B0%D0%B2%D0%B0%D0%BD%D1%82%D0%B0%D0%B6%D0%B5%D0%BD%D0%BD%D1%8F.jpeg\" alt=\"\" width=\"600\" height=\"466\"><\/p>\n<p>In\u0161tal\u00e1cia a mont\u00e1\u017e kanaliza\u010dn\u00fdch poklopov by sa mala vykon\u00e1va\u0165 v s\u00falade s pr\u00edsne stanoven\u00fdmi pravidlami, preto\u017ee len v takom pr\u00edpade bud\u00fa \u00faplne bezpe\u010dn\u00e9 pre chodcov aj ostatn\u00fdch \u00fa\u010dastn\u00edkov cestnej prem\u00e1vky.<\/p>\n<p>Postup in\u0161tal\u00e1cie<br \/>\n&#8211; Nain\u0161talujte kruh poklopu na \u017eelezobet\u00f3nov\u00fd povrch.<br \/>\n&#8211; Vypl\u0148te kruh bet\u00f3nom.<br \/>\n&#8211; Vlo\u017ete poklop poklopu do prstenca.<br \/>\nPozn\u00e1mka: Poklop \u0161achty, ktor\u00e1 sa nach\u00e1dza v zastavan\u00fdch oblastiach bez cestn\u00fdch povrchov, by mal vy\u010dnieva\u0165 50 mm nad zemou. Okolo poklopu by sa mala vytvori\u0165 1,0 m \u0161irok\u00e1 slep\u00e1 plocha so sklonom od poklopu. <\/p>\n<p>Kanaliza\u010dn\u00e9 potrubia medzi stud\u0148ami musia by\u0165 polo\u017een\u00e9 rovno; v miestach, kde sa sie\u0165 st\u00e1\u010da, men\u00ed sa sklon potrubia, men\u00ed sa priemer potrubia, musia by\u0165 vybudovan\u00e9 studne, na ktor\u00fdch sa vykon\u00e1 in\u0161tal\u00e1cia kanaliza\u010dn\u00fdch poklopov. Potrubia a kan\u00e1ly v studniach musia by\u0165 napojen\u00e9 v hornej \u010dasti potrubia alebo na \u00farovni hladiny vody, aby sa \u010do najviac zn\u00ed\u017eil vznik sp\u00e4tn\u00e9ho vzdutia vo vy\u0161\u0161\u00edch \u010dastiach siete. Pri zat\u00e1\u010dan\u00ed trasy mo\u017eno potrubia s priemerom alebo v\u00fd\u0161kou 1,2 m a viac usporiada\u0165 mimo rev\u00edznych \u0161\u00e1cht pozd\u013a\u017e obl\u00fakov s polomerom zat\u00e1\u010dania rovnaj\u00facim sa najmenej piatim priemerom potrubia, pri\u010dom na za\u010diatku a na konci sa mus\u00ed vykona\u0165 in\u0161tal\u00e1cia kanaliza\u010dn\u00fdch \u0161\u00e1cht.[\/vc_column_text][\/toggle][toggle color=&#8220;Default&#8220; heading_tag=&#8220;default&#8220; heading_tag_functionality=&#8220;default&#8220; title=&#8220;In\u0161tal\u00e1cia poklopov \u0161\u00e1cht triedy B a triedy C&#8220;][vc_column_text css=&#8220;&#8220; text_direction=&#8220;default&#8220;]<img loading=\"lazy\" decoding=\"async\" class=\"alignnone size-full wp-image-4428\" src=\"https:\/\/newluki.wp.brander.technology\/wp-content\/uploads\/2025\/01\/%D0%B7%D0%B0%D0%B2%D0%B0%D0%BD%D1%82%D0%B0%D0%B6%D0%B5%D0%BD%D0%BD%D1%8F-1.jpeg\" alt=\"\" width=\"600\" height=\"466\"><\/p>\n<p>Intervaly medzi kontroln\u00fdmi poklopmi.<\/p>\n<p>Pri in\u0161tal\u00e1cii poklopu treba ma\u0165 na pam\u00e4ti, \u017ee vzdialenos\u0165 medzi \u0161achtami line\u00e1rneho typu z\u00e1vis\u00ed od priemeru potrubia.<br \/>\nd = 150 mm &#8211; 35 metrov;<br \/>\nd = 200 mm &#8211; 50 metrov;<br \/>\nd = 500 mm &#8211; 75 metrov;<br \/>\nd = 700 &#8211; 900 mm &#8211; 100 metrov;<br \/>\nd = 1000 &#8211; 1400 mm &#8211; 150 metrov;<br \/>\nd = 1500 &#8211; 2000 mm &#8211; 200 metrov;<br \/>\nd &gt; 2000 mm &#8211; 300 metrov.<\/p>\n<p>Postup in\u0161tal\u00e1cie<\/p>\n<p>&#8211; Kruh poklopu nain\u0161talujte na \u017eelezobet\u00f3nov\u00fa dla\u017ebu s u\u0161ami pozd\u013a\u017e smeru prem\u00e1vky.<br \/>\n&#8211; Vypl\u0148te kruh bet\u00f3nom \/ povrchom cesty.<br \/>\n&#8211; Vlo\u017ete kryt \u0161achty do kr\u00fa\u017eku.<\/p>\n<p>Pozn\u00e1mka: Teleso poklopu sa in\u0161taluje na bet\u00f3nov\u00fa alebo \u017eelezobet\u00f3nov\u00fa kon\u0161trukciu, ktorej technick\u00e9 po\u017eiadavky ur\u010duje platn\u00fd GOST 8020-90 &#8222;Bet\u00f3nov\u00e9 a \u017eelezobet\u00f3nov\u00e9 kon\u0161trukcie pre kanaliza\u010dn\u00e9, vodovodn\u00e9 a plyn\u00e1rensk\u00e9 siete&#8220;. Hlavn\u00fdm \u00fa\u010delom podporn\u00e9ho kruhu je prerozdelenie \u0161pecifick\u00e9ho za\u0165a\u017eenia s cie\u013eom chr\u00e1ni\u0165 z\u00e1kladov\u00fa dosku pred de\u0161trukciou. Ako je zn\u00e1zornen\u00e9 na obr\u00e1zkoch, stud\u0148a je zakryt\u00e1 z\u00e1kladovou doskou, na ktorej je namontovan\u00fd podporn\u00fd prstenec. Teleso poklopu sa in\u0161taluje na podporn\u00fd prstenec. Poklop \u0161achty by mal by\u0165 v jednej rovine s povrchom.[\/vc_column_text][\/toggle][toggle color=&#8220;Default&#8220; heading_tag=&#8220;default&#8220; heading_tag_functionality=&#8220;default&#8220; title=&#8220;Certifik\u00e1ty&#8220;][vc_column_text css=&#8220;&#8220; text_direction=&#8220;default&#8220;]<img loading=\"lazy\" decoding=\"async\" class=\"alignnone size-full wp-image-4434\" src=\"https:\/\/newluki.wp.brander.technology\/wp-content\/uploads\/2025\/01\/Sertifikat-dozhdepriemnik-PP-2016-2017.jpeg\" alt=\"\" width=\"705\" height=\"1000\" srcset=\"https:\/\/newluki.wp.brander.technology\/wp-content\/uploads\/2025\/01\/Sertifikat-dozhdepriemnik-PP-2016-2017.jpeg 705w, https:\/\/newluki.wp.brander.technology\/wp-content\/uploads\/2025\/01\/Sertifikat-dozhdepriemnik-PP-2016-2017-212x300.jpeg 212w, https:\/\/newluki.wp.brander.technology\/wp-content\/uploads\/2025\/01\/Sertifikat-dozhdepriemnik-PP-2016-2017-600x851.jpeg 600w\" sizes=\"auto, (max-width: 705px) 100vw, 705px\" \/><img loading=\"lazy\" decoding=\"async\" class=\"alignnone size-full wp-image-4440\" src=\"https:\/\/newluki.wp.brander.technology\/wp-content\/uploads\/2025\/01\/Sertifikat-luki-PP-2016-2017.jpeg\" alt=\"\" width=\"707\" height=\"1007\" srcset=\"https:\/\/newluki.wp.brander.technology\/wp-content\/uploads\/2025\/01\/Sertifikat-luki-PP-2016-2017.jpeg 707w, https:\/\/newluki.wp.brander.technology\/wp-content\/uploads\/2025\/01\/Sertifikat-luki-PP-2016-2017-211x300.jpeg 211w, https:\/\/newluki.wp.brander.technology\/wp-content\/uploads\/2025\/01\/Sertifikat-luki-PP-2016-2017-600x855.jpeg 600w\" sizes=\"auto, (max-width: 707px) 100vw, 707px\" \/><img loading=\"lazy\" decoding=\"async\" class=\"alignnone size-full wp-image-4446\" src=\"https:\/\/newluki.wp.brander.technology\/wp-content\/uploads\/2025\/01\/Sertifikat-sideniya-2016-2017.jpeg\" alt=\"\" width=\"707\" height=\"1007\" srcset=\"https:\/\/newluki.wp.brander.technology\/wp-content\/uploads\/2025\/01\/Sertifikat-sideniya-2016-2017.jpeg 707w, https:\/\/newluki.wp.brander.technology\/wp-content\/uploads\/2025\/01\/Sertifikat-sideniya-2016-2017-211x300.jpeg 211w, https:\/\/newluki.wp.brander.technology\/wp-content\/uploads\/2025\/01\/Sertifikat-sideniya-2016-2017-600x855.jpeg 600w\" sizes=\"auto, (max-width: 707px) 100vw, 707px\" \/>[\/vc_column_text][\/toggle][\/toggles][\/vc_column][\/vc_row]\n","protected":false},"excerpt":{"rendered":"<p>[vc_row type=&#8220;full_width_content&#8220; full_screen_row_position=&#8220;middle&#8220; column_margin=&#8220;default&#8220; equal_height=&#8220;yes&#8220; content_placement=&#8220;middle&#8220; column_direction=&#8220;default&#8220; column_direction_tablet=&#8220;default&#8220; column_direction_phone=&#8220;default&#8220; bg_color=&#8220;#f7f7f7&#8243; scene_position=&#8220;center&#8220; text_color=&#8220;dark&#8220; text_align=&#8220;left&#8220; row_border_radius=&#8220;none&#8220; row_border_radius_applies=&#8220;bg&#8220; overflow=&#8220;visible&#8220; overlay_strength=&#8220;0.3&#8243; gradient_direction=&#8220;left_to_right&#8220; shape_divider_position=&#8220;bottom&#8220; bg_image_animation=&#8220;none&#8220; shape_type=&#8220;&#8220;][vc_column column_padding=&#8220;padding-8-percent&#8220; column_padding_tablet=&#8220;inherit&#8220; column_padding_phone=&#8220;inherit&#8220; column_padding_position=&#8220;all&#8220;&#8230;<\/p>\n","protected":false},"author":1,"featured_media":0,"parent":0,"menu_order":0,"comment_status":"closed","ping_status":"closed","template":"","meta":{"footnotes":""},"class_list":["post-4581","page","type-page","status-publish"],"_links":{"self":[{"href":"https:\/\/newluki.wp.brander.technology\/sk\/wp-json\/wp\/v2\/pages\/4581","targetHints":{"allow":["GET"]}}],"collection":[{"href":"https:\/\/newluki.wp.brander.technology\/sk\/wp-json\/wp\/v2\/pages"}],"about":[{"href":"https:\/\/newluki.wp.brander.technology\/sk\/wp-json\/wp\/v2\/types\/page"}],"author":[{"embeddable":true,"href":"https:\/\/newluki.wp.brander.technology\/sk\/wp-json\/wp\/v2\/users\/1"}],"replies":[{"embeddable":true,"href":"https:\/\/newluki.wp.brander.technology\/sk\/wp-json\/wp\/v2\/comments?post=4581"}],"version-history":[{"count":10,"href":"https:\/\/newluki.wp.brander.technology\/sk\/wp-json\/wp\/v2\/pages\/4581\/revisions"}],"predecessor-version":[{"id":4601,"href":"https:\/\/newluki.wp.brander.technology\/sk\/wp-json\/wp\/v2\/pages\/4581\/revisions\/4601"}],"wp:attachment":[{"href":"https:\/\/newluki.wp.brander.technology\/sk\/wp-json\/wp\/v2\/media?parent=4581"}],"curies":[{"name":"wp","href":"https:\/\/api.w.org\/{rel}","templated":true}]}}