{"id":4722,"date":"2025-01-15T20:08:51","date_gmt":"2025-01-15T18:08:51","guid":{"rendered":"https:\/\/newluki.wp.brander.technology\/product\/polymerovy-kontrolny-kryt-stvorcovy-a15-zeleny-385385-mm\/"},"modified":"2025-01-15T20:08:51","modified_gmt":"2025-01-15T18:08:51","slug":"polymerovy-kontrolny-kryt-stvorcovy-a15-zeleny-385385-mm","status":"publish","type":"product","link":"https:\/\/newluki.wp.brander.technology\/sk\/produkt\/polymerovy-kontrolny-kryt-stvorcovy-a15-zeleny-385385-mm\/","title":{"rendered":"Polym\u00e9rov\u00fd kontroln\u00fd kryt \u0161tvorcov\u00fd (A15) zelen\u00fd 385*385 mm"},"content":{"rendered":"<p>Zelen\u00fd poklop sa pou\u017e\u00edva v syst\u00e9moch bez in\u0161tal\u00e1cie studne a je vhodn\u00fd aj na in\u0161tal\u00e1ciu na potrubie alebo stud\u0148u s vonkaj\u0161\u00edm priemerom 315 mm. Ur\u010den\u00fd na in\u0161tal\u00e1ciu v pe\u0161ej a parkovej z\u00f3ne. <\/p>\n<p>Materi\u00e1l: polyetyl\u00e9n bez piesku.<\/p>\n<p>Sp\u013a\u0148a technick\u00e9 \u0161pecifik\u00e1cie; DSTU B V.2.5-26:2005, eur\u00f3pska norma EN 124-6:2015 TU U 25.2-31642900-003:2006. Certifikovan\u00e9.<\/p>\n","protected":false},"excerpt":{"rendered":"<p>Zelen\u00fd poklop sa pou\u017e\u00edva v syst\u00e9moch bez in\u0161tal\u00e1cie studne a je vhodn\u00fd aj na in\u0161tal\u00e1ciu na potrubie alebo stud\u0148u s vonkaj\u0161\u00edm priemerom 315 mm. Ur\u010den\u00fd&#8230;<\/p>\n","protected":false},"featured_media":4012,"comment_status":"closed","ping_status":"closed","template":"","meta":[],"product_cat":[148],"product_tag":[],"class_list":{"0":"post-4722","1":"product","2":"type-product","3":"status-publish","4":"has-post-thumbnail","6":"product_cat-lightweight-hatches-a15-a50-sk","8":"first","9":"instock","10":"shipping-taxable","11":"purchasable","12":"product-type-simple"},"_links":{"self":[{"href":"https:\/\/newluki.wp.brander.technology\/sk\/wp-json\/wp\/v2\/product\/4722","targetHints":{"allow":["GET"]}}],"collection":[{"href":"https:\/\/newluki.wp.brander.technology\/sk\/wp-json\/wp\/v2\/product"}],"about":[{"href":"https:\/\/newluki.wp.brander.technology\/sk\/wp-json\/wp\/v2\/types\/product"}],"replies":[{"embeddable":true,"href":"https:\/\/newluki.wp.brander.technology\/sk\/wp-json\/wp\/v2\/comments?post=4722"}],"wp:featuredmedia":[{"embeddable":true,"href":"https:\/\/newluki.wp.brander.technology\/sk\/wp-json\/wp\/v2\/media\/4012"}],"wp:attachment":[{"href":"https:\/\/newluki.wp.brander.technology\/sk\/wp-json\/wp\/v2\/media?parent=4722"}],"wp:term":[{"taxonomy":"product_cat","embeddable":true,"href":"https:\/\/newluki.wp.brander.technology\/sk\/wp-json\/wp\/v2\/product_cat?post=4722"},{"taxonomy":"product_tag","embeddable":true,"href":"https:\/\/newluki.wp.brander.technology\/sk\/wp-json\/wp\/v2\/product_tag?post=4722"}],"curies":[{"name":"wp","href":"https:\/\/api.w.org\/{rel}","templated":true}]}}