{"id":4729,"date":"2025-01-15T16:08:39","date_gmt":"2025-01-15T14:08:39","guid":{"rendered":"https:\/\/newluki.wp.brander.technology\/product\/polymerova-zahradna-sachta-a15-780-mm-cierna-s-uzaverom\/"},"modified":"2025-01-15T16:08:39","modified_gmt":"2025-01-15T14:08:39","slug":"polymerova-zahradna-sachta-a15-780-mm-cierna-s-uzaverom","status":"publish","type":"product","link":"https:\/\/newluki.wp.brander.technology\/sk\/produkt\/polymerova-zahradna-sachta-a15-780-mm-cierna-s-uzaverom\/","title":{"rendered":"Polym\u00e9rov\u00e1 z\u00e1hradn\u00e1 \u0161achta (A15) 780 mm \u010dierna s uz\u00e1verom"},"content":{"rendered":"<p>Tento \u010dierny kryt z\u00e1hradnej \u0161achty je vyroben\u00fd z polym\u00e9rov\u00fdch kompoz\u00edt a je ur\u010den\u00fd na in\u0161tal\u00e1ciu na rev\u00edzne \u0161achty v\u0161etk\u00fdch typov in\u017einierskych siet\u00ed. Ide\u00e1lne rie\u0161enie pre v\u00e1\u0161 tr\u00e1vnik, z\u00e1hradn\u00e9 plochy a chodn\u00edk. <\/p>\n<p>V\u010faka zv\u00e4\u010d\u0161enej ve\u013ekosti telesa je mont\u00e1\u017e poklopu e\u0161te jednoduch\u0161ia a r\u00fdchlej\u0161ia.<\/p>\n<p>Dod\u00e1va sa s uzamykac\u00edm mechanizmom.<\/p>\n<p>Materi\u00e1l: Materi\u00e1l: Polyetyl\u00e9n bez piesku.<\/p>\n<p>Sp\u013a\u0148a technick\u00e9 \u0161pecifik\u00e1cie; DSTU B V.2.5-26:2005, eur\u00f3pska norma EN 124-6:2015 TU U 25.2-31642900-003:2006. Certifikovan\u00e9.<\/p>\n","protected":false},"excerpt":{"rendered":"<p>Tento \u010dierny kryt z\u00e1hradnej \u0161achty je vyroben\u00fd z polym\u00e9rov\u00fdch kompoz\u00edt a je ur\u010den\u00fd na in\u0161tal\u00e1ciu na rev\u00edzne \u0161achty v\u0161etk\u00fdch typov in\u017einierskych siet\u00ed. Ide\u00e1lne rie\u0161enie pre&#8230;<\/p>\n","protected":false},"featured_media":3602,"comment_status":"closed","ping_status":"closed","template":"","meta":[],"product_cat":[148],"product_tag":[],"class_list":{"0":"post-4729","1":"product","2":"type-product","3":"status-publish","4":"has-post-thumbnail","6":"product_cat-lightweight-hatches-a15-a50-sk","8":"first","9":"instock","10":"shipping-taxable","11":"purchasable","12":"product-type-simple"},"_links":{"self":[{"href":"https:\/\/newluki.wp.brander.technology\/sk\/wp-json\/wp\/v2\/product\/4729","targetHints":{"allow":["GET"]}}],"collection":[{"href":"https:\/\/newluki.wp.brander.technology\/sk\/wp-json\/wp\/v2\/product"}],"about":[{"href":"https:\/\/newluki.wp.brander.technology\/sk\/wp-json\/wp\/v2\/types\/product"}],"replies":[{"embeddable":true,"href":"https:\/\/newluki.wp.brander.technology\/sk\/wp-json\/wp\/v2\/comments?post=4729"}],"wp:featuredmedia":[{"embeddable":true,"href":"https:\/\/newluki.wp.brander.technology\/sk\/wp-json\/wp\/v2\/media\/3602"}],"wp:attachment":[{"href":"https:\/\/newluki.wp.brander.technology\/sk\/wp-json\/wp\/v2\/media?parent=4729"}],"wp:term":[{"taxonomy":"product_cat","embeddable":true,"href":"https:\/\/newluki.wp.brander.technology\/sk\/wp-json\/wp\/v2\/product_cat?post=4729"},{"taxonomy":"product_tag","embeddable":true,"href":"https:\/\/newluki.wp.brander.technology\/sk\/wp-json\/wp\/v2\/product_tag?post=4729"}],"curies":[{"name":"wp","href":"https:\/\/api.w.org\/{rel}","templated":true}]}}