{"id":4744,"date":"2025-01-15T16:35:31","date_gmt":"2025-01-15T14:35:31","guid":{"rendered":"https:\/\/newluki.wp.brander.technology\/product\/polymerovy-sachtovy-stvorec-a15-zeleny-s-uzamykacim-mechanizmom\/"},"modified":"2025-01-15T16:35:31","modified_gmt":"2025-01-15T14:35:31","slug":"polymerovy-sachtovy-stvorec-a15-zeleny-s-uzamykacim-mechanizmom","status":"publish","type":"product","link":"https:\/\/newluki.wp.brander.technology\/sk\/produkt\/polymerovy-sachtovy-stvorec-a15-zeleny-s-uzamykacim-mechanizmom\/","title":{"rendered":"Polym\u00e9rov\u00fd \u0161achtov\u00fd \u0161tvorec (A15) zelen\u00fd s uzamykac\u00edm mechanizmom"},"content":{"rendered":"<p>\u0160tvorcov\u00fd zelen\u00fd poklop \u0161achty vyroben\u00fd z polym\u00e9rnych zmes\u00ed je ide\u00e1lny na in\u0161tal\u00e1ciu na cesty pokryt\u00e9 dla\u017eobn\u00fdmi doskami. Je to optim\u00e1lne rie\u0161enie na pou\u017eitie v z\u00e1hradn\u00fdch a parkov\u00fdch oblastiach, pri v\u00fdstavbe \u0161portov\u00edsk a ch\u00e1t. V\u00fd\u0161ka tohto krytu \u0161achty je len 6 cm, \u010do v\u00fdrazne u\u013eah\u010duje in\u0161tal\u00e1ciu na rovnakej \u00farovni ako dla\u017eba.  <\/p>\n<p>Je vybaven\u00fd \u0161tvorbodov\u00fdm uzamykac\u00edm mechanizmom.<\/p>\n<p>Materi\u00e1l: polyetyl\u00e9n bez piesku.<\/p>\n<p>Sp\u013a\u0148a technick\u00e9 \u0161pecifik\u00e1cie; DSTU B V.2.5-26:2005, eur\u00f3psku normu EN 124-6:2015 a TU U 25.2-31642900-003:2006. Certifikovan\u00e9.<\/p>\n","protected":false},"excerpt":{"rendered":"<p>\u0160tvorcov\u00fd zelen\u00fd poklop \u0161achty vyroben\u00fd z polym\u00e9rnych zmes\u00ed je ide\u00e1lny na in\u0161tal\u00e1ciu na cesty pokryt\u00e9 dla\u017eobn\u00fdmi doskami. Je to optim\u00e1lne rie\u0161enie na pou\u017eitie v z\u00e1hradn\u00fdch&#8230;<\/p>\n","protected":false},"featured_media":3695,"comment_status":"closed","ping_status":"closed","template":"","meta":[],"product_cat":[148],"product_tag":[],"class_list":{"0":"post-4744","1":"product","2":"type-product","3":"status-publish","4":"has-post-thumbnail","6":"product_cat-lightweight-hatches-a15-a50-sk","8":"first","9":"instock","10":"shipping-taxable","11":"purchasable","12":"product-type-simple"},"_links":{"self":[{"href":"https:\/\/newluki.wp.brander.technology\/sk\/wp-json\/wp\/v2\/product\/4744","targetHints":{"allow":["GET"]}}],"collection":[{"href":"https:\/\/newluki.wp.brander.technology\/sk\/wp-json\/wp\/v2\/product"}],"about":[{"href":"https:\/\/newluki.wp.brander.technology\/sk\/wp-json\/wp\/v2\/types\/product"}],"replies":[{"embeddable":true,"href":"https:\/\/newluki.wp.brander.technology\/sk\/wp-json\/wp\/v2\/comments?post=4744"}],"wp:featuredmedia":[{"embeddable":true,"href":"https:\/\/newluki.wp.brander.technology\/sk\/wp-json\/wp\/v2\/media\/3695"}],"wp:attachment":[{"href":"https:\/\/newluki.wp.brander.technology\/sk\/wp-json\/wp\/v2\/media?parent=4744"}],"wp:term":[{"taxonomy":"product_cat","embeddable":true,"href":"https:\/\/newluki.wp.brander.technology\/sk\/wp-json\/wp\/v2\/product_cat?post=4744"},{"taxonomy":"product_tag","embeddable":true,"href":"https:\/\/newluki.wp.brander.technology\/sk\/wp-json\/wp\/v2\/product_tag?post=4744"}],"curies":[{"name":"wp","href":"https:\/\/api.w.org\/{rel}","templated":true}]}}