{"id":4749,"date":"2025-01-16T00:25:27","date_gmt":"2025-01-15T22:25:27","guid":{"rendered":"https:\/\/newluki.wp.brander.technology\/product\/polymerova-sachta-stredna-b125-cierna-s-uzamykacim-mechanizmom\/"},"modified":"2025-01-16T00:25:27","modified_gmt":"2025-01-15T22:25:27","slug":"polymerova-sachta-stredna-b125-cierna-s-uzamykacim-mechanizmom","status":"publish","type":"product","link":"https:\/\/newluki.wp.brander.technology\/sk\/produkt\/polymerova-sachta-stredna-b125-cierna-s-uzamykacim-mechanizmom\/","title":{"rendered":"Polym\u00e9rov\u00e1 \u0161achta stredn\u00e1 (B125) \u010dierna s uzamykac\u00edm mechanizmom"},"content":{"rendered":"<p>Poklop \u0161achty (B125) z vysokopevnostn\u00fdch polym\u00e9rov\u00fdch zmes\u00ed na rev\u00edzne \u0161achty v\u0161etk\u00fdch typov \u0161\u00e1cht na cest\u00e1ch s n\u00edzkou intenzitou dopravy, vn\u00fatroblokov\u00fdch komunik\u00e1ci\u00e1ch, parkovisk\u00e1ch, chodn\u00edkoch s intenz\u00edvnou dopravou.<\/p>\n<p>Dod\u00e1va sa s uzamykac\u00edm mechanizmom.<\/p>\n<p>Materi\u00e1l pou\u017eit\u00fd na v\u00fdrobu je odoln\u00fd vo\u010di agres\u00edvnemu prostrediu a teplot\u00e1m a roztokom soli na cest\u00e1ch a chodn\u00edkoch.<\/p>\n<p>Sp\u013a\u0148a technick\u00e9 \u0161pecifik\u00e1cie; DSTU B V.2.5-26:2005, eur\u00f3pska norma EN 124-6:2015 TU U 25.2-31642900-003:2006. Certifikovan\u00e9.<\/p>\n<p>Z\u00e1ru\u010dn\u00e1 doba je 24 mesiacov.<\/p>\n","protected":false},"excerpt":{"rendered":"<p>Poklop \u0161achty (B125) z vysokopevnostn\u00fdch polym\u00e9rov\u00fdch zmes\u00ed na rev\u00edzne \u0161achty v\u0161etk\u00fdch typov \u0161\u00e1cht na cest\u00e1ch s n\u00edzkou intenzitou dopravy, vn\u00fatroblokov\u00fdch komunik\u00e1ci\u00e1ch, parkovisk\u00e1ch, chodn\u00edkoch s intenz\u00edvnou&#8230;<\/p>\n","protected":false},"featured_media":4218,"comment_status":"closed","ping_status":"closed","template":"","meta":[],"product_cat":[158],"product_tag":[],"class_list":{"0":"post-4749","1":"product","2":"type-product","3":"status-publish","4":"has-post-thumbnail","6":"product_cat-middle-hatches-b125-sk","8":"first","9":"instock","10":"shipping-taxable","11":"purchasable","12":"product-type-simple"},"_links":{"self":[{"href":"https:\/\/newluki.wp.brander.technology\/sk\/wp-json\/wp\/v2\/product\/4749","targetHints":{"allow":["GET"]}}],"collection":[{"href":"https:\/\/newluki.wp.brander.technology\/sk\/wp-json\/wp\/v2\/product"}],"about":[{"href":"https:\/\/newluki.wp.brander.technology\/sk\/wp-json\/wp\/v2\/types\/product"}],"replies":[{"embeddable":true,"href":"https:\/\/newluki.wp.brander.technology\/sk\/wp-json\/wp\/v2\/comments?post=4749"}],"wp:featuredmedia":[{"embeddable":true,"href":"https:\/\/newluki.wp.brander.technology\/sk\/wp-json\/wp\/v2\/media\/4218"}],"wp:attachment":[{"href":"https:\/\/newluki.wp.brander.technology\/sk\/wp-json\/wp\/v2\/media?parent=4749"}],"wp:term":[{"taxonomy":"product_cat","embeddable":true,"href":"https:\/\/newluki.wp.brander.technology\/sk\/wp-json\/wp\/v2\/product_cat?post=4749"},{"taxonomy":"product_tag","embeddable":true,"href":"https:\/\/newluki.wp.brander.technology\/sk\/wp-json\/wp\/v2\/product_tag?post=4749"}],"curies":[{"name":"wp","href":"https:\/\/api.w.org\/{rel}","templated":true}]}}